{"id":9780,"date":"2023-12-01T15:25:20","date_gmt":"2025-04-07T15:04:58","guid":{"rendered":"https:\/\/positiveautism.org\/product\/la-aventura-de-nico-en-la-escuela-actividad-para-practicar-la-comprension-lectora-habilidades-sociales-y-de-vida-para-ninos-autistas\/"},"modified":"2025-04-07T11:04:58","modified_gmt":"2025-04-07T15:04:58","slug":"la-aventura-de-nico-en-la-escuela-actividad-para-practicar-la-comprension-lectora-habilidades-sociales-y-de-vida-para-ninos-autistas","status":"publish","type":"product","link":"https:\/\/positiveautism.org\/es\/producto\/la-aventura-de-nico-en-la-escuela-actividad-para-practicar-la-comprension-lectora-habilidades-sociales-y-de-vida-para-ninos-autistas\/","title":{"rendered":"La aventura de Nico en la escuela. (Actividad para practicar la comprensi\u00f3n lectora, habilidades sociales y de vida para ni\u00f1os autistas)"},"content":{"rendered":"","protected":false},"excerpt":{"rendered":"<p>En este material, los padres y educadores encontrar\u00e1n recursos dise\u00f1ados para mejorar la comprensi\u00f3n lectora y ense\u00f1ar a los ni\u00f1os a procesar y expresar sus propios sentimientos y experiencias. A trav\u00e9s de la historia de Nico, un ni\u00f1o autista que aprende a comunicar sus dificultades y a buscar soluciones con la ayuda de sus padres, los ni\u00f1os podr\u00e1n identificar y reflexionar sobre sus propios sentimientos en situaciones similares. Adem\u00e1s, se incluyen preguntas de comprensi\u00f3n y actividades de juego de roles, lo que permite a los ni\u00f1os practicar una comunicaci\u00f3n abierta y honesta tanto con sus padres como con sus maestros. Estas actividades est\u00e1n dise\u00f1adas para crear un ambiente seguro y de apoyo, ayudando a los ni\u00f1os a desarrollar habilidades para manejar la ansiedad y mejorar sus experiencias en la escuela.   <\/p>\n","protected":false},"featured_media":9784,"comment_status":"closed","ping_status":"closed","template":"","meta":{"_acf_changed":false,"_monsterinsights_skip_tracking":false,"_monsterinsights_sitenote_active":false,"_monsterinsights_sitenote_note":"","_monsterinsights_sitenote_category":0},"product_brand":[],"product_cat":[783,787],"product_tag":[795,857,980,981],"class_list":{"0":"post-9780","1":"product","2":"type-product","3":"status-publish","4":"has-post-thumbnail","6":"product_cat-comprension-lectora","7":"product_cat-habilidades-sociales-y-emocionales","8":"product_tag-comprension-lectora-para-ninos-autistas","9":"product_tag-habilidades-de-conversacion","10":"product_tag-ensenar-a-los-ninos-a-confiar-en-papa-y-mama","11":"product_tag-ensenar-a-los-ninos-a-procesar-y-expresar-sus-propios-sentimientos-y-experiencias","13":"first","14":"instock","15":"downloadable","16":"shipping-taxable","17":"purchasable","18":"product-type-simple"},"acf":[],"aioseo_notices":[],"jetpack_sharing_enabled":true,"_links":{"self":[{"href":"https:\/\/positiveautism.org\/es\/wp-json\/wp\/v2\/product\/9780","targetHints":{"allow":["GET"]}}],"collection":[{"href":"https:\/\/positiveautism.org\/es\/wp-json\/wp\/v2\/product"}],"about":[{"href":"https:\/\/positiveautism.org\/es\/wp-json\/wp\/v2\/types\/product"}],"replies":[{"embeddable":true,"href":"https:\/\/positiveautism.org\/es\/wp-json\/wp\/v2\/comments?post=9780"}],"wp:featuredmedia":[{"embeddable":true,"href":"https:\/\/positiveautism.org\/es\/wp-json\/wp\/v2\/media\/9784"}],"wp:attachment":[{"href":"https:\/\/positiveautism.org\/es\/wp-json\/wp\/v2\/media?parent=9780"}],"wp:term":[{"taxonomy":"product_brand","embeddable":true,"href":"https:\/\/positiveautism.org\/es\/wp-json\/wp\/v2\/product_brand?post=9780"},{"taxonomy":"product_cat","embeddable":true,"href":"https:\/\/positiveautism.org\/es\/wp-json\/wp\/v2\/product_cat?post=9780"},{"taxonomy":"product_tag","embeddable":true,"href":"https:\/\/positiveautism.org\/es\/wp-json\/wp\/v2\/product_tag?post=9780"}],"curies":[{"name":"wp","href":"https:\/\/api.w.org\/{rel}","templated":true}]}}