{"id":9775,"date":"2023-12-01T10:58:27","date_gmt":"2025-04-07T15:04:57","guid":{"rendered":"https:\/\/positiveautism.org\/product\/el-gran-secreto-de-lucas-hojas-de-trabajo-de-actividades-para-ensenar-habilidades-sociales-y-emocionales-a-ninos-autistas\/"},"modified":"2025-04-07T11:04:57","modified_gmt":"2025-04-07T15:04:57","slug":"el-gran-secreto-de-lucas-hojas-de-trabajo-de-actividades-para-ensenar-habilidades-sociales-y-emocionales-a-ninos-autistas","status":"publish","type":"product","link":"https:\/\/positiveautism.org\/es\/producto\/el-gran-secreto-de-lucas-hojas-de-trabajo-de-actividades-para-ensenar-habilidades-sociales-y-emocionales-a-ninos-autistas\/","title":{"rendered":"El gran secreto de Lucas. (Hojas de trabajo de actividades para ense\u00f1ar habilidades sociales y emocionales a ni\u00f1os autistas)"},"content":{"rendered":"","protected":false},"excerpt":{"rendered":"<p>En este material, encontrar\u00e1 recursos dise\u00f1ados para mejorar la comprensi\u00f3n lectora y ense\u00f1ar habilidades sociales y emocionales a ni\u00f1os y adolescentes autistas. El cuento \u00abEl gran secreto de Lucas\u00bb se utiliza como base para ayudar a los ni\u00f1os a practicar la comunicaci\u00f3n efectiva, expresar sus sentimientos y resolver conflictos a trav\u00e9s de una serie de ejercicios de juego de roles. Estas actividades proporcionan escenarios pr\u00e1cticos para que los ni\u00f1os participen, reforzando las lecciones aprendidas de la historia y promoviendo una mejor comprensi\u00f3n de c\u00f3mo navegar por situaciones de la vida real.  <\/p>\n","protected":false},"featured_media":9776,"comment_status":"closed","ping_status":"closed","template":"","meta":{"_acf_changed":false,"_monsterinsights_skip_tracking":false,"_monsterinsights_sitenote_active":false,"_monsterinsights_sitenote_note":"","_monsterinsights_sitenote_category":0},"product_brand":[],"product_cat":[783,787],"product_tag":[795,798,979],"class_list":{"0":"post-9775","1":"product","2":"type-product","3":"status-publish","4":"has-post-thumbnail","6":"product_cat-comprension-lectora","7":"product_cat-habilidades-sociales-y-emocionales","8":"product_tag-comprension-lectora-para-ninos-autistas","9":"product_tag-comprension-lectora-para-ninos-con-autismo-es","10":"product_tag-ensenar-a-los-ninos-autistas-a-buscar-apoyo","12":"first","13":"instock","14":"downloadable","15":"shipping-taxable","16":"purchasable","17":"product-type-simple"},"acf":[],"aioseo_notices":[],"jetpack_sharing_enabled":true,"_links":{"self":[{"href":"https:\/\/positiveautism.org\/es\/wp-json\/wp\/v2\/product\/9775","targetHints":{"allow":["GET"]}}],"collection":[{"href":"https:\/\/positiveautism.org\/es\/wp-json\/wp\/v2\/product"}],"about":[{"href":"https:\/\/positiveautism.org\/es\/wp-json\/wp\/v2\/types\/product"}],"replies":[{"embeddable":true,"href":"https:\/\/positiveautism.org\/es\/wp-json\/wp\/v2\/comments?post=9775"}],"wp:featuredmedia":[{"embeddable":true,"href":"https:\/\/positiveautism.org\/es\/wp-json\/wp\/v2\/media\/9776"}],"wp:attachment":[{"href":"https:\/\/positiveautism.org\/es\/wp-json\/wp\/v2\/media?parent=9775"}],"wp:term":[{"taxonomy":"product_brand","embeddable":true,"href":"https:\/\/positiveautism.org\/es\/wp-json\/wp\/v2\/product_brand?post=9775"},{"taxonomy":"product_cat","embeddable":true,"href":"https:\/\/positiveautism.org\/es\/wp-json\/wp\/v2\/product_cat?post=9775"},{"taxonomy":"product_tag","embeddable":true,"href":"https:\/\/positiveautism.org\/es\/wp-json\/wp\/v2\/product_tag?post=9775"}],"curies":[{"name":"wp","href":"https:\/\/api.w.org\/{rel}","templated":true}]}}