{"id":9765,"date":"2023-12-05T17:15:45","date_gmt":"2025-04-07T15:04:57","guid":{"rendered":"https:\/\/positiveautism.org\/product\/el-viaje-magico-de-lia-aprender-a-enfrentar-el-miedo-actividad-para-practicar-la-comprension-lectora-y-las-habilidades-emocionales-para-ninos-autistas\/"},"modified":"2025-04-07T11:04:57","modified_gmt":"2025-04-07T15:04:57","slug":"el-viaje-magico-de-lia-aprender-a-enfrentar-el-miedo-actividad-para-practicar-la-comprension-lectora-y-las-habilidades-emocionales-para-ninos-autistas","status":"publish","type":"product","link":"https:\/\/positiveautism.org\/es\/producto\/el-viaje-magico-de-lia-aprender-a-enfrentar-el-miedo-actividad-para-practicar-la-comprension-lectora-y-las-habilidades-emocionales-para-ninos-autistas\/","title":{"rendered":"El viaje m\u00e1gico de Lia: aprender a enfrentar el miedo. (Actividad para practicar la comprensi\u00f3n lectora y las habilidades emocionales para ni\u00f1os autistas)"},"content":{"rendered":"","protected":false},"excerpt":{"rendered":"<p>En este material, los padres y educadores encontrar\u00e1n una herramienta invaluable para trabajar la comprensi\u00f3n lectora y ense\u00f1ar a los ni\u00f1os a manejar el miedo. A trav\u00e9s de la historia de Lia y su viaje m\u00e1gico con la luci\u00e9rnaga Brillo, los ni\u00f1os aprender\u00e1n a enfrentar sus miedos utilizando t\u00e9cnicas como la respiraci\u00f3n profunda, la observaci\u00f3n detallada y la comunicaci\u00f3n abierta sobre sus miedos. Adem\u00e1s, el material incluye preguntas de comprensi\u00f3n para reforzar la lectura y actividades de juego de roles que permiten a los ni\u00f1os practicar en escenarios simulados, fomentando as\u00ed su valent\u00eda y resiliencia en situaciones de la vida real.  <\/p>\n","protected":false},"featured_media":9767,"comment_status":"closed","ping_status":"closed","template":"","meta":{"_acf_changed":false,"_monsterinsights_skip_tracking":false,"_monsterinsights_sitenote_active":false,"_monsterinsights_sitenote_note":"","_monsterinsights_sitenote_category":0},"product_brand":[],"product_cat":[783,787],"product_tag":[795,818],"class_list":{"0":"post-9765","1":"product","2":"type-product","3":"status-publish","4":"has-post-thumbnail","6":"product_cat-comprension-lectora","7":"product_cat-habilidades-sociales-y-emocionales","8":"product_tag-comprension-lectora-para-ninos-autistas","9":"product_tag-leer-para-ensenar-habilidades-emocionales","11":"first","12":"instock","13":"downloadable","14":"shipping-taxable","15":"purchasable","16":"product-type-simple"},"acf":[],"aioseo_notices":[],"jetpack_sharing_enabled":true,"_links":{"self":[{"href":"https:\/\/positiveautism.org\/es\/wp-json\/wp\/v2\/product\/9765","targetHints":{"allow":["GET"]}}],"collection":[{"href":"https:\/\/positiveautism.org\/es\/wp-json\/wp\/v2\/product"}],"about":[{"href":"https:\/\/positiveautism.org\/es\/wp-json\/wp\/v2\/types\/product"}],"replies":[{"embeddable":true,"href":"https:\/\/positiveautism.org\/es\/wp-json\/wp\/v2\/comments?post=9765"}],"wp:featuredmedia":[{"embeddable":true,"href":"https:\/\/positiveautism.org\/es\/wp-json\/wp\/v2\/media\/9767"}],"wp:attachment":[{"href":"https:\/\/positiveautism.org\/es\/wp-json\/wp\/v2\/media?parent=9765"}],"wp:term":[{"taxonomy":"product_brand","embeddable":true,"href":"https:\/\/positiveautism.org\/es\/wp-json\/wp\/v2\/product_brand?post=9765"},{"taxonomy":"product_cat","embeddable":true,"href":"https:\/\/positiveautism.org\/es\/wp-json\/wp\/v2\/product_cat?post=9765"},{"taxonomy":"product_tag","embeddable":true,"href":"https:\/\/positiveautism.org\/es\/wp-json\/wp\/v2\/product_tag?post=9765"}],"curies":[{"name":"wp","href":"https:\/\/api.w.org\/{rel}","templated":true}]}}