{"id":9764,"date":"2023-11-30T16:47:44","date_gmt":"2025-04-07T15:04:57","guid":{"rendered":"https:\/\/positiveautism.org\/product\/frustracion-hojas-de-trabajo-de-actividades-para-ensenar-habilidades-sociales-y-emocionales-a-ninos-autistas\/"},"modified":"2025-04-07T11:04:57","modified_gmt":"2025-04-07T15:04:57","slug":"frustracion-hojas-de-trabajo-de-actividades-para-ensenar-habilidades-sociales-y-emocionales-a-ninos-autistas","status":"publish","type":"product","link":"https:\/\/positiveautism.org\/es\/producto\/frustracion-hojas-de-trabajo-de-actividades-para-ensenar-habilidades-sociales-y-emocionales-a-ninos-autistas\/","title":{"rendered":"Frustraci\u00f3n. (Hojas de trabajo de actividades para ense\u00f1ar habilidades sociales y emocionales a ni\u00f1os autistas)"},"content":{"rendered":"","protected":false},"excerpt":{"rendered":"<p>En este material, encontrar\u00e1 informaci\u00f3n valiosa y pr\u00e1ctica para ense\u00f1ar habilidades sociales y emocionales a ni\u00f1os autistas, centr\u00e1ndose en el manejo de la frustraci\u00f3n. Aborda qu\u00e9 es la frustraci\u00f3n, c\u00f3mo reconocerla en uno mismo y en los dem\u00e1s, y por qu\u00e9 es crucial entenderla. Se proporcionan ejemplos concretos de situaciones que pueden generar frustraci\u00f3n en los ni\u00f1os, como dificultades en las tareas escolares, cambios en las rutinas o desaf\u00edos en la comunicaci\u00f3n. Adem\u00e1s, se incluyen estrategias efectivas para manejar la frustraci\u00f3n, como la respiraci\u00f3n profunda, la comunicaci\u00f3n de sentimientos y la adaptaci\u00f3n de la comunicaci\u00f3n. Tambi\u00e9n se proporcionan actividades pr\u00e1cticas y ejemplos personalizables para aplicar estas ense\u00f1anzas en situaciones cotidianas, junto con una gu\u00eda para padres y cuidadores sobre c\u00f3mo apoyar a los ni\u00f1os autistas en el manejo de la frustraci\u00f3n. Este recurso es una herramienta esencial para el desarrollo de habilidades emocionales y sociales en ni\u00f1os autistas, ayud\u00e1ndoles a afrontar y superar la frustraci\u00f3n de forma sana y constructiva.     <\/p>\n","protected":false},"featured_media":9766,"comment_status":"open","ping_status":"closed","template":"","meta":{"_acf_changed":false,"_monsterinsights_skip_tracking":false,"_monsterinsights_sitenote_active":false,"_monsterinsights_sitenote_note":"","_monsterinsights_sitenote_category":0},"product_brand":[],"product_cat":[736,787],"product_tag":[830,978],"class_list":{"0":"post-9764","1":"product","2":"type-product","3":"status-publish","4":"has-post-thumbnail","6":"product_cat-ansiedad-tolerancia-al-cambio","7":"product_cat-habilidades-sociales-y-emocionales","8":"product_tag-habilidades-sociales-y-emocionales-para-personas-autistas","9":"product_tag-que-hacer-si-te-sientes-frustrado","11":"first","12":"instock","13":"downloadable","14":"shipping-taxable","15":"purchasable","16":"product-type-simple"},"acf":[],"aioseo_notices":[],"jetpack_sharing_enabled":true,"_links":{"self":[{"href":"https:\/\/positiveautism.org\/es\/wp-json\/wp\/v2\/product\/9764","targetHints":{"allow":["GET"]}}],"collection":[{"href":"https:\/\/positiveautism.org\/es\/wp-json\/wp\/v2\/product"}],"about":[{"href":"https:\/\/positiveautism.org\/es\/wp-json\/wp\/v2\/types\/product"}],"replies":[{"embeddable":true,"href":"https:\/\/positiveautism.org\/es\/wp-json\/wp\/v2\/comments?post=9764"}],"wp:featuredmedia":[{"embeddable":true,"href":"https:\/\/positiveautism.org\/es\/wp-json\/wp\/v2\/media\/9766"}],"wp:attachment":[{"href":"https:\/\/positiveautism.org\/es\/wp-json\/wp\/v2\/media?parent=9764"}],"wp:term":[{"taxonomy":"product_brand","embeddable":true,"href":"https:\/\/positiveautism.org\/es\/wp-json\/wp\/v2\/product_brand?post=9764"},{"taxonomy":"product_cat","embeddable":true,"href":"https:\/\/positiveautism.org\/es\/wp-json\/wp\/v2\/product_cat?post=9764"},{"taxonomy":"product_tag","embeddable":true,"href":"https:\/\/positiveautism.org\/es\/wp-json\/wp\/v2\/product_tag?post=9764"}],"curies":[{"name":"wp","href":"https:\/\/api.w.org\/{rel}","templated":true}]}}