{"id":9759,"date":"2023-11-14T10:29:11","date_gmt":"2025-04-07T15:04:51","guid":{"rendered":"https:\/\/positiveautism.org\/product\/la-tristeza-hojas-de-trabajo-de-actividades-para-ensenar-habilidades-sociales-y-emocionales-a-ninos-autistas\/"},"modified":"2025-04-07T11:04:51","modified_gmt":"2025-04-07T15:04:51","slug":"la-tristeza-hojas-de-trabajo-de-actividades-para-ensenar-habilidades-sociales-y-emocionales-a-ninos-autistas","status":"publish","type":"product","link":"https:\/\/positiveautism.org\/es\/producto\/la-tristeza-hojas-de-trabajo-de-actividades-para-ensenar-habilidades-sociales-y-emocionales-a-ninos-autistas\/","title":{"rendered":"La tristeza. (Hojas de trabajo de actividades para ense\u00f1ar habilidades sociales y emocionales a ni\u00f1os autistas)"},"content":{"rendered":"","protected":false},"excerpt":{"rendered":"<p>Este material educativo est\u00e1 dise\u00f1ado para ense\u00f1ar habilidades sociales y emocionales a ni\u00f1os autistas, centr\u00e1ndose en la comprensi\u00f3n y el manejo de la tristeza. Aborda qu\u00e9 es la tristeza, c\u00f3mo reconocerla en uno mismo y en los dem\u00e1s, y la importancia de reconocerla en los dem\u00e1s para ofrecer apoyo y consuelo. Se incluyen ejemplos de situaciones que pueden causar tristeza y se sugieren estrategias de afrontamiento como t\u00e9cnicas de respiraci\u00f3n, ejercicios de relajaci\u00f3n, actividades calmantes y expresi\u00f3n de sentimientos a trav\u00e9s del arte o la conversaci\u00f3n. Tambi\u00e9n se propone la creaci\u00f3n de un espacio tranquilo y la pr\u00e1ctica de la empat\u00eda a trav\u00e9s de la imitaci\u00f3n de expresiones faciales. El material invita a los ni\u00f1os a reflexionar sobre sus propias experiencias con la tristeza y a participar en una actividad de narraci\u00f3n de cuentos para explorar sentimientos y soluciones a la angustia emocional. Por \u00faltimo, se anima a los ni\u00f1os a dibujar algo que les haya entristecido, fomentando as\u00ed la expresi\u00f3n creativa y personal de sus emociones.     <\/p>\n","protected":false},"featured_media":9760,"comment_status":"open","ping_status":"closed","template":"","meta":{"_acf_changed":false,"_monsterinsights_skip_tracking":false,"_monsterinsights_sitenote_active":false,"_monsterinsights_sitenote_note":"","_monsterinsights_sitenote_category":0},"product_brand":[],"product_cat":[787],"product_tag":[830,874,965],"class_list":{"0":"post-9759","1":"product","2":"type-product","3":"status-publish","4":"has-post-thumbnail","6":"product_cat-habilidades-sociales-y-emocionales","7":"product_tag-habilidades-sociales-y-emocionales-para-personas-autistas","8":"product_tag-como-ensenar-a-los-ninos-autistas-a-reconocer-las-emociones","9":"product_tag-que-hacer-si-te-sientes-triste","11":"first","12":"instock","13":"downloadable","14":"shipping-taxable","15":"purchasable","16":"product-type-simple"},"acf":[],"aioseo_notices":[],"jetpack_sharing_enabled":true,"_links":{"self":[{"href":"https:\/\/positiveautism.org\/es\/wp-json\/wp\/v2\/product\/9759","targetHints":{"allow":["GET"]}}],"collection":[{"href":"https:\/\/positiveautism.org\/es\/wp-json\/wp\/v2\/product"}],"about":[{"href":"https:\/\/positiveautism.org\/es\/wp-json\/wp\/v2\/types\/product"}],"replies":[{"embeddable":true,"href":"https:\/\/positiveautism.org\/es\/wp-json\/wp\/v2\/comments?post=9759"}],"wp:featuredmedia":[{"embeddable":true,"href":"https:\/\/positiveautism.org\/es\/wp-json\/wp\/v2\/media\/9760"}],"wp:attachment":[{"href":"https:\/\/positiveautism.org\/es\/wp-json\/wp\/v2\/media?parent=9759"}],"wp:term":[{"taxonomy":"product_brand","embeddable":true,"href":"https:\/\/positiveautism.org\/es\/wp-json\/wp\/v2\/product_brand?post=9759"},{"taxonomy":"product_cat","embeddable":true,"href":"https:\/\/positiveautism.org\/es\/wp-json\/wp\/v2\/product_cat?post=9759"},{"taxonomy":"product_tag","embeddable":true,"href":"https:\/\/positiveautism.org\/es\/wp-json\/wp\/v2\/product_tag?post=9759"}],"curies":[{"name":"wp","href":"https:\/\/api.w.org\/{rel}","templated":true}]}}