{"id":9738,"date":"2023-11-22T11:09:24","date_gmt":"2025-04-07T15:04:50","guid":{"rendered":"https:\/\/positiveautism.org\/product\/el-miedo-hojas-de-trabajo-de-actividades-para-ensenar-habilidades-sociales-y-emocionales-a-ninos-autistas\/"},"modified":"2025-04-07T11:04:50","modified_gmt":"2025-04-07T15:04:50","slug":"el-miedo-hojas-de-trabajo-de-actividades-para-ensenar-habilidades-sociales-y-emocionales-a-ninos-autistas","status":"publish","type":"product","link":"https:\/\/positiveautism.org\/es\/producto\/el-miedo-hojas-de-trabajo-de-actividades-para-ensenar-habilidades-sociales-y-emocionales-a-ninos-autistas\/","title":{"rendered":"El miedo. (Hojas de trabajo de actividades para ense\u00f1ar habilidades sociales y emocionales a ni\u00f1os autistas)"},"content":{"rendered":"","protected":false},"excerpt":{"rendered":"<p>Este material est\u00e1 dise\u00f1ado para ense\u00f1ar habilidades sociales y emocionales a ni\u00f1os autistas, centr\u00e1ndose en la comprensi\u00f3n y el manejo del miedo. Aborda c\u00f3mo reconocer el miedo en uno mismo y en los dem\u00e1s, incluidos los signos f\u00edsicos y emocionales como el aumento de la frecuencia card\u00edaca, la tensi\u00f3n muscular y las expresiones faciales espec\u00edficas. Tambi\u00e9n se ofrecen estrategias pr\u00e1cticas para manejar el miedo, como t\u00e9cnicas de respiraci\u00f3n, ejercicios de relajaci\u00f3n, visualizaciones positivas y hablar sobre los miedos. Adem\u00e1s, se incluyen ejemplos cotidianos que pueden causar miedo y una historia instructiva sobre un ni\u00f1o llamado Leo que aprende a enfrentar su miedo a los perros. Este recurso es \u00fatil para ayudar a los ni\u00f1os autistas a comprender mejor sus emociones, reconocer el miedo en diversas situaciones y aprender formas efectivas de manejarlo.    <\/p>\n","protected":false},"featured_media":9739,"comment_status":"open","ping_status":"closed","template":"","meta":{"_acf_changed":false,"_monsterinsights_skip_tracking":false,"_monsterinsights_sitenote_active":false,"_monsterinsights_sitenote_note":"","_monsterinsights_sitenote_category":0},"product_brand":[],"product_cat":[787],"product_tag":[830,973,974],"class_list":{"0":"post-9738","1":"product","2":"type-product","3":"status-publish","4":"has-post-thumbnail","6":"product_cat-habilidades-sociales-y-emocionales","7":"product_tag-habilidades-sociales-y-emocionales-para-personas-autistas","8":"product_tag-ensenar-a-los-ninos-autistas-sobre-el-miedo","9":"product_tag-el-miedo","11":"first","12":"instock","13":"downloadable","14":"shipping-taxable","15":"purchasable","16":"product-type-simple"},"acf":[],"aioseo_notices":[],"jetpack_sharing_enabled":true,"_links":{"self":[{"href":"https:\/\/positiveautism.org\/es\/wp-json\/wp\/v2\/product\/9738","targetHints":{"allow":["GET"]}}],"collection":[{"href":"https:\/\/positiveautism.org\/es\/wp-json\/wp\/v2\/product"}],"about":[{"href":"https:\/\/positiveautism.org\/es\/wp-json\/wp\/v2\/types\/product"}],"replies":[{"embeddable":true,"href":"https:\/\/positiveautism.org\/es\/wp-json\/wp\/v2\/comments?post=9738"}],"wp:featuredmedia":[{"embeddable":true,"href":"https:\/\/positiveautism.org\/es\/wp-json\/wp\/v2\/media\/9739"}],"wp:attachment":[{"href":"https:\/\/positiveautism.org\/es\/wp-json\/wp\/v2\/media?parent=9738"}],"wp:term":[{"taxonomy":"product_brand","embeddable":true,"href":"https:\/\/positiveautism.org\/es\/wp-json\/wp\/v2\/product_brand?post=9738"},{"taxonomy":"product_cat","embeddable":true,"href":"https:\/\/positiveautism.org\/es\/wp-json\/wp\/v2\/product_cat?post=9738"},{"taxonomy":"product_tag","embeddable":true,"href":"https:\/\/positiveautism.org\/es\/wp-json\/wp\/v2\/product_tag?post=9738"}],"curies":[{"name":"wp","href":"https:\/\/api.w.org\/{rel}","templated":true}]}}