{"id":9734,"date":"2023-11-20T12:58:39","date_gmt":"2025-04-07T15:04:49","guid":{"rendered":"https:\/\/positiveautism.org\/product\/la-aventura-de-diego-y-tomas-actividad-para-practicar-la-comprension-lectora-y-las-habilidades-de-empatia-para-ninos\/"},"modified":"2025-04-07T11:04:49","modified_gmt":"2025-04-07T15:04:49","slug":"la-aventura-de-diego-y-tomas-actividad-para-practicar-la-comprension-lectora-y-las-habilidades-de-empatia-para-ninos","status":"publish","type":"product","link":"https:\/\/positiveautism.org\/es\/producto\/la-aventura-de-diego-y-tomas-actividad-para-practicar-la-comprension-lectora-y-las-habilidades-de-empatia-para-ninos\/","title":{"rendered":"La aventura de Diego y Tom\u00e1s. (Actividad para practicar la comprensi\u00f3n lectora y las habilidades de empat\u00eda para ni\u00f1os)"},"content":{"rendered":"","protected":false},"excerpt":{"rendered":"<p>En este material, los padres y educadores encontrar\u00e1n herramientas pr\u00e1cticas para ense\u00f1ar a los ni\u00f1os sobre las diferencias individuales, la aceptaci\u00f3n y el amor fraterno hacia las personas con autismo. Incluye tres juegos de rol que ayudan a los ni\u00f1os a practicar las habilidades que aprendieron de la lectura. Estas actividades est\u00e1n dise\u00f1adas para fomentar la empat\u00eda, la comprensi\u00f3n y la interacci\u00f3n social, lo que las convierte en recursos valiosos para educar a los ni\u00f1os sobre la importancia de la inclusi\u00f3n y el apoyo a sus compa\u00f1eros con autismo.  <\/p>\n","protected":false},"featured_media":9735,"comment_status":"closed","ping_status":"closed","template":"","meta":{"_acf_changed":false,"_monsterinsights_skip_tracking":false,"_monsterinsights_sitenote_active":false,"_monsterinsights_sitenote_note":"","_monsterinsights_sitenote_category":0},"product_brand":[],"product_cat":[738,783],"product_tag":[785,971,972],"class_list":{"0":"post-9734","1":"product","2":"type-product","3":"status-publish","4":"has-post-thumbnail","6":"product_cat-conciencia","7":"product_cat-comprension-lectora","8":"product_tag-comprension-lectora","9":"product_tag-empatia-de-los-hermanos-de-ninos-autistas","10":"product_tag-empatia-hacia-los-ninos-autistas","12":"first","13":"instock","14":"downloadable","15":"shipping-taxable","16":"purchasable","17":"product-type-simple"},"acf":[],"aioseo_notices":[],"jetpack_sharing_enabled":true,"_links":{"self":[{"href":"https:\/\/positiveautism.org\/es\/wp-json\/wp\/v2\/product\/9734","targetHints":{"allow":["GET"]}}],"collection":[{"href":"https:\/\/positiveautism.org\/es\/wp-json\/wp\/v2\/product"}],"about":[{"href":"https:\/\/positiveautism.org\/es\/wp-json\/wp\/v2\/types\/product"}],"replies":[{"embeddable":true,"href":"https:\/\/positiveautism.org\/es\/wp-json\/wp\/v2\/comments?post=9734"}],"wp:featuredmedia":[{"embeddable":true,"href":"https:\/\/positiveautism.org\/es\/wp-json\/wp\/v2\/media\/9735"}],"wp:attachment":[{"href":"https:\/\/positiveautism.org\/es\/wp-json\/wp\/v2\/media?parent=9734"}],"wp:term":[{"taxonomy":"product_brand","embeddable":true,"href":"https:\/\/positiveautism.org\/es\/wp-json\/wp\/v2\/product_brand?post=9734"},{"taxonomy":"product_cat","embeddable":true,"href":"https:\/\/positiveautism.org\/es\/wp-json\/wp\/v2\/product_cat?post=9734"},{"taxonomy":"product_tag","embeddable":true,"href":"https:\/\/positiveautism.org\/es\/wp-json\/wp\/v2\/product_tag?post=9734"}],"curies":[{"name":"wp","href":"https:\/\/api.w.org\/{rel}","templated":true}]}}