{"id":9730,"date":"2023-11-17T17:59:04","date_gmt":"2025-04-07T15:04:49","guid":{"rendered":"https:\/\/positiveautism.org\/product\/la-voz-de-valentina-actividad-para-practicar-la-comprension-lectora-habilidades-sociales-y-emocionales-para-ninos-autistas\/"},"modified":"2025-04-07T11:04:49","modified_gmt":"2025-04-07T15:04:49","slug":"la-voz-de-valentina-actividad-para-practicar-la-comprension-lectora-habilidades-sociales-y-emocionales-para-ninos-autistas","status":"publish","type":"product","link":"https:\/\/positiveautism.org\/es\/producto\/la-voz-de-valentina-actividad-para-practicar-la-comprension-lectora-habilidades-sociales-y-emocionales-para-ninos-autistas\/","title":{"rendered":"La voz de Valentina. (Actividad para practicar la comprensi\u00f3n lectora, habilidades sociales y emocionales para ni\u00f1os autistas)"},"content":{"rendered":"","protected":false},"excerpt":{"rendered":"<p><span style=\"font-weight: 400;\">El material \u00abLa Voz de Valentina\u00bb es una valiosa herramienta educativa dise\u00f1ada para apoyar el desarrollo de la comprensi\u00f3n lectora y las habilidades sociales y emocionales en ni\u00f1os autistas. A trav\u00e9s de la historia de Valentina, una ni\u00f1a alegre y curiosa que se enfrenta a retos en su entorno escolar, se presentan situaciones que muchos ni\u00f1os pueden encontrar en su vida diaria. Este material permite que los ni\u00f1os se identifiquen con Valentina, comprendiendo sus emociones y reacciones ante situaciones que les resultan inc\u00f3modas o abrumadoras.  <\/span><\/p>\n<p><span style=\"font-weight: 400;\">Las preguntas de comprensi\u00f3n lectora incluidas son claras y directas, lo que facilita que los ni\u00f1os recuerden y procesen informaci\u00f3n clave de la historia. Estas preguntas ayudan a los ni\u00f1os a reflexionar sobre las acciones y emociones de Valentina, promoviendo la empat\u00eda y la comprensi\u00f3n de las situaciones sociales. Adem\u00e1s, estas preguntas animan a los ni\u00f1os a considerar c\u00f3mo podr\u00edan reaccionar en situaciones similares, fomentando el desarrollo de habilidades para manejar sus propias emociones y buscar ayuda cuando sea necesario.  <\/span><\/p>\n<p><span style=\"font-weight: 400;\">La secci\u00f3n final del material, que incluye dibujos de la historia, proporciona una oportunidad interactiva y creativa para que los ni\u00f1os y sus cuidadores o educadores exploren las interacciones sociales de una manera m\u00e1s profunda. Completar las conversaciones entre los personajes ayuda a los ni\u00f1os a practicar y mejorar sus habilidades de comunicaci\u00f3n, ofreciendo un espacio seguro para explorar sus pensamientos y sentimientos en un contexto de apoyo. <\/span><\/p>\n<p>A trav\u00e9s de ejercicios de juego de roles al final de la historia, los ni\u00f1os pueden practicar estas habilidades en un entorno seguro y comprensivo. Estos juegos de rol est\u00e1n dise\u00f1ados para ayudar a los ni\u00f1os a identificar y expresar sus sentimientos en situaciones nuevas o inc\u00f3modas, practicar la expresi\u00f3n de l\u00edmites personales y fomentar la comunicaci\u00f3n abierta con adultos de confianza. Este enfoque interactivo y participativo no solo mejora la comprensi\u00f3n lectora, sino que tambi\u00e9n ense\u00f1a valiosas habilidades para la vida de una manera divertida y atractiva.  <\/p>\n<p><span style=\"font-weight: 400;\">En resumen, \u00abLa Voz de Valentina\u00bb es una herramienta integral que no solo mejora la comprensi\u00f3n lectora, sino que tambi\u00e9n fortalece las habilidades sociales y emocionales, aspectos cruciales en el desarrollo de los ni\u00f1os autistas. Al interactuar con este material, los ni\u00f1os tienen la oportunidad de aprender sobre s\u00ed mismos, c\u00f3mo interactuar con los dem\u00e1s y c\u00f3mo manejar situaciones desafiantes de una manera positiva y constructiva. <\/span><\/p>\n<p>&nbsp;<\/p>\n","protected":false},"featured_media":9731,"comment_status":"open","ping_status":"closed","template":"","meta":{"_acf_changed":false,"_monsterinsights_skip_tracking":false,"_monsterinsights_sitenote_active":false,"_monsterinsights_sitenote_note":"","_monsterinsights_sitenote_category":0},"product_brand":[],"product_cat":[783,787],"product_tag":[795,798,970],"class_list":{"0":"post-9730","1":"product","2":"type-product","3":"status-publish","4":"has-post-thumbnail","6":"product_cat-comprension-lectora","7":"product_cat-habilidades-sociales-y-emocionales","8":"product_tag-comprension-lectora-para-ninos-autistas","9":"product_tag-comprension-lectora-para-ninos-con-autismo-es","10":"product_tag-ensenar-a-los-ninos-a-buscar-ayuda","12":"first","13":"instock","14":"downloadable","15":"shipping-taxable","16":"purchasable","17":"product-type-simple"},"acf":[],"aioseo_notices":[],"jetpack_sharing_enabled":true,"_links":{"self":[{"href":"https:\/\/positiveautism.org\/es\/wp-json\/wp\/v2\/product\/9730","targetHints":{"allow":["GET"]}}],"collection":[{"href":"https:\/\/positiveautism.org\/es\/wp-json\/wp\/v2\/product"}],"about":[{"href":"https:\/\/positiveautism.org\/es\/wp-json\/wp\/v2\/types\/product"}],"replies":[{"embeddable":true,"href":"https:\/\/positiveautism.org\/es\/wp-json\/wp\/v2\/comments?post=9730"}],"wp:featuredmedia":[{"embeddable":true,"href":"https:\/\/positiveautism.org\/es\/wp-json\/wp\/v2\/media\/9731"}],"wp:attachment":[{"href":"https:\/\/positiveautism.org\/es\/wp-json\/wp\/v2\/media?parent=9730"}],"wp:term":[{"taxonomy":"product_brand","embeddable":true,"href":"https:\/\/positiveautism.org\/es\/wp-json\/wp\/v2\/product_brand?post=9730"},{"taxonomy":"product_cat","embeddable":true,"href":"https:\/\/positiveautism.org\/es\/wp-json\/wp\/v2\/product_cat?post=9730"},{"taxonomy":"product_tag","embeddable":true,"href":"https:\/\/positiveautism.org\/es\/wp-json\/wp\/v2\/product_tag?post=9730"}],"curies":[{"name":"wp","href":"https:\/\/api.w.org\/{rel}","templated":true}]}}