{"id":9726,"date":"2023-11-09T17:48:35","date_gmt":"2025-04-07T15:04:49","guid":{"rendered":"https:\/\/positiveautism.org\/product\/enojo-hojas-de-trabajo-de-actividades-para-ensenar-habilidades-sociales-y-emocionales-a-ninos-autistas\/"},"modified":"2025-04-07T11:04:49","modified_gmt":"2025-04-07T15:04:49","slug":"enojo-hojas-de-trabajo-de-actividades-para-ensenar-habilidades-sociales-y-emocionales-a-ninos-autistas","status":"publish","type":"product","link":"https:\/\/positiveautism.org\/es\/producto\/enojo-hojas-de-trabajo-de-actividades-para-ensenar-habilidades-sociales-y-emocionales-a-ninos-autistas\/","title":{"rendered":"Enojo. (Hojas de trabajo de actividades para ense\u00f1ar habilidades sociales y emocionales a ni\u00f1os autistas)"},"content":{"rendered":"","protected":false},"excerpt":{"rendered":"<p>Este material est\u00e1 dise\u00f1ado para ense\u00f1ar habilidades sociales y emocionales a ni\u00f1os autistas, centr\u00e1ndose en la emoci\u00f3n de la ira. A trav\u00e9s de su contenido, explica qu\u00e9 es la ira, c\u00f3mo se manifiesta f\u00edsicamente y por qu\u00e9 es crucial aprender a gestionarla de forma saludable. Se ofrecen estrategias concretas para que los ni\u00f1os reconozcan y controlen su propia ira, como la respiraci\u00f3n profunda y contar hasta diez. Adem\u00e1s, se ense\u00f1a a los ni\u00f1os a detectar signos de ira en los dem\u00e1s, proporcionando as\u00ed habilidades para evitar conflictos y comprender mejor las din\u00e1micas sociales. La empat\u00eda se presenta como una herramienta clave para relacionarse con los sentimientos de los dem\u00e1s, y se anima a los ni\u00f1os a practicarla incluso en momentos de ira. Por \u00faltimo, se proporcionan consejos para manejar la ira de manera positiva, fomentar la autoconciencia y el desarrollo de planes personales de afrontamiento. Este recurso se esfuerza por equipar a los ni\u00f1os autistas con las competencias necesarias para navegar sus emociones e interacciones sociales de manera efectiva y respetuosa.      <\/p>\n","protected":false},"featured_media":9742,"comment_status":"open","ping_status":"closed","template":"","meta":{"_acf_changed":false,"_monsterinsights_skip_tracking":false,"_monsterinsights_sitenote_active":false,"_monsterinsights_sitenote_note":"","_monsterinsights_sitenote_category":0},"product_brand":[],"product_cat":[787],"product_tag":[830,975,976],"class_list":{"0":"post-9726","1":"product","2":"type-product","3":"status-publish","4":"has-post-thumbnail","6":"product_cat-habilidades-sociales-y-emocionales","7":"product_tag-habilidades-sociales-y-emocionales-para-personas-autistas","8":"product_tag-ensenar-empatia-a-las-personas-autistas","9":"product_tag-reconocer-cuando-alguien-esta-enojado","11":"first","12":"instock","13":"downloadable","14":"shipping-taxable","15":"purchasable","16":"product-type-simple"},"acf":[],"aioseo_notices":[],"jetpack_sharing_enabled":true,"_links":{"self":[{"href":"https:\/\/positiveautism.org\/es\/wp-json\/wp\/v2\/product\/9726","targetHints":{"allow":["GET"]}}],"collection":[{"href":"https:\/\/positiveautism.org\/es\/wp-json\/wp\/v2\/product"}],"about":[{"href":"https:\/\/positiveautism.org\/es\/wp-json\/wp\/v2\/types\/product"}],"replies":[{"embeddable":true,"href":"https:\/\/positiveautism.org\/es\/wp-json\/wp\/v2\/comments?post=9726"}],"wp:featuredmedia":[{"embeddable":true,"href":"https:\/\/positiveautism.org\/es\/wp-json\/wp\/v2\/media\/9742"}],"wp:attachment":[{"href":"https:\/\/positiveautism.org\/es\/wp-json\/wp\/v2\/media?parent=9726"}],"wp:term":[{"taxonomy":"product_brand","embeddable":true,"href":"https:\/\/positiveautism.org\/es\/wp-json\/wp\/v2\/product_brand?post=9726"},{"taxonomy":"product_cat","embeddable":true,"href":"https:\/\/positiveautism.org\/es\/wp-json\/wp\/v2\/product_cat?post=9726"},{"taxonomy":"product_tag","embeddable":true,"href":"https:\/\/positiveautism.org\/es\/wp-json\/wp\/v2\/product_tag?post=9726"}],"curies":[{"name":"wp","href":"https:\/\/api.w.org\/{rel}","templated":true}]}}