{"id":9708,"date":"2023-11-07T09:49:30","date_gmt":"2025-04-07T15:04:44","guid":{"rendered":"https:\/\/positiveautism.org\/product\/preocuparse-hojas-de-trabajo-de-actividades-para-ensenar-habilidades-sociales-y-emocionales-a-ninos-autistas\/"},"modified":"2025-04-07T11:04:44","modified_gmt":"2025-04-07T15:04:44","slug":"preocuparse-hojas-de-trabajo-de-actividades-para-ensenar-habilidades-sociales-y-emocionales-a-ninos-autistas","status":"publish","type":"product","link":"https:\/\/positiveautism.org\/es\/producto\/preocuparse-hojas-de-trabajo-de-actividades-para-ensenar-habilidades-sociales-y-emocionales-a-ninos-autistas\/","title":{"rendered":"Preocuparse. (Hojas de trabajo de actividades para ense\u00f1ar habilidades sociales y emocionales a ni\u00f1os autistas)"},"content":{"rendered":"","protected":false},"excerpt":{"rendered":"<p>En este material, encontrar\u00e1s herramientas para ense\u00f1ar a los ni\u00f1os autistas a identificar y expresar sus preocupaciones, as\u00ed como habilidades sociales y emocionales para gestionarlas. A trav\u00e9s de explicaciones sencillas y ejercicios reflexivos, se les guiar\u00e1 para reconocer signos de preocupaci\u00f3n en s\u00ed mismos y en los dem\u00e1s, fomentando la empat\u00eda y el apoyo mutuo. Se incluyen actividades pr\u00e1cticas, como la identificaci\u00f3n de preocupaciones personales y la expresi\u00f3n de estas a trav\u00e9s de dibujos y palabras, animando a los ni\u00f1os a comunicar sus sentimientos. Adem\u00e1s, se brinda asesoramiento a los padres y cuidadores sobre c\u00f3mo acompa\u00f1ar a sus hijos en el proceso de comprender y enfrentar sus inquietudes, fomentando un ambiente de comprensi\u00f3n y apoyo.   <\/p>\n","protected":false},"featured_media":9710,"comment_status":"closed","ping_status":"closed","template":"","meta":{"_acf_changed":false,"_monsterinsights_skip_tracking":false,"_monsterinsights_sitenote_active":false,"_monsterinsights_sitenote_note":"","_monsterinsights_sitenote_category":0},"product_brand":[],"product_cat":[787],"product_tag":[874,933],"class_list":{"0":"post-9708","1":"product","2":"type-product","3":"status-publish","4":"has-post-thumbnail","6":"product_cat-habilidades-sociales-y-emocionales","7":"product_tag-como-ensenar-a-los-ninos-autistas-a-reconocer-las-emociones","8":"product_tag-reconocer-cuando-alguien-esta-preocupado","10":"first","11":"instock","12":"downloadable","13":"shipping-taxable","14":"purchasable","15":"product-type-simple"},"acf":[],"aioseo_notices":[],"jetpack_sharing_enabled":true,"_links":{"self":[{"href":"https:\/\/positiveautism.org\/es\/wp-json\/wp\/v2\/product\/9708","targetHints":{"allow":["GET"]}}],"collection":[{"href":"https:\/\/positiveautism.org\/es\/wp-json\/wp\/v2\/product"}],"about":[{"href":"https:\/\/positiveautism.org\/es\/wp-json\/wp\/v2\/types\/product"}],"replies":[{"embeddable":true,"href":"https:\/\/positiveautism.org\/es\/wp-json\/wp\/v2\/comments?post=9708"}],"wp:featuredmedia":[{"embeddable":true,"href":"https:\/\/positiveautism.org\/es\/wp-json\/wp\/v2\/media\/9710"}],"wp:attachment":[{"href":"https:\/\/positiveautism.org\/es\/wp-json\/wp\/v2\/media?parent=9708"}],"wp:term":[{"taxonomy":"product_brand","embeddable":true,"href":"https:\/\/positiveautism.org\/es\/wp-json\/wp\/v2\/product_brand?post=9708"},{"taxonomy":"product_cat","embeddable":true,"href":"https:\/\/positiveautism.org\/es\/wp-json\/wp\/v2\/product_cat?post=9708"},{"taxonomy":"product_tag","embeddable":true,"href":"https:\/\/positiveautism.org\/es\/wp-json\/wp\/v2\/product_tag?post=9708"}],"curies":[{"name":"wp","href":"https:\/\/api.w.org\/{rel}","templated":true}]}}