{"id":9698,"date":"2023-10-31T15:46:07","date_gmt":"2025-04-07T15:04:43","guid":{"rendered":"https:\/\/positiveautism.org\/product\/la-historia-de-luciano-la-mascara-invisible-actividad-para-practicar-la-comprension-lectora-y-las-habilidades-para-la-vida-para-ninos-autistas\/"},"modified":"2025-04-07T11:04:43","modified_gmt":"2025-04-07T15:04:43","slug":"la-historia-de-luciano-la-mascara-invisible-actividad-para-practicar-la-comprension-lectora-y-las-habilidades-para-la-vida-para-ninos-autistas","status":"publish","type":"product","link":"https:\/\/positiveautism.org\/es\/producto\/la-historia-de-luciano-la-mascara-invisible-actividad-para-practicar-la-comprension-lectora-y-las-habilidades-para-la-vida-para-ninos-autistas\/","title":{"rendered":"La historia de Luciano: La m\u00e1scara invisible: (Actividad para practicar la comprensi\u00f3n lectora y las habilidades para la vida para ni\u00f1os autistas)"},"content":{"rendered":"","protected":false},"excerpt":{"rendered":"<p>En este material, los padres y educadores encontrar\u00e1n un recurso integral para trabajar en la comprensi\u00f3n lectora y desarrollar habilidades importantes para la vida. El contenido est\u00e1 dise\u00f1ado para ayudar a los ni\u00f1os a identificarse con la historia de Luciano, fomentando un sentido de comprensi\u00f3n y aceptaci\u00f3n. A trav\u00e9s de actividades atractivas y ejercicios de juego de roles, los ni\u00f1os practicar\u00e1n la expresi\u00f3n de sus sentimientos, navegando por las interacciones sociales y abogando por s\u00ed mismos, todo mientras se sienten vistos y apoyados en sus experiencias \u00fanicas.  <\/p>\n","protected":false},"featured_media":9700,"comment_status":"closed","ping_status":"closed","template":"","meta":{"_acf_changed":false,"_monsterinsights_skip_tracking":false,"_monsterinsights_sitenote_active":false,"_monsterinsights_sitenote_note":"","_monsterinsights_sitenote_category":0},"product_brand":[],"product_cat":[783,787,952],"product_tag":[795,798,953],"class_list":{"0":"post-9698","1":"product","2":"type-product","3":"status-publish","4":"has-post-thumbnail","6":"product_cat-comprension-lectora","7":"product_cat-habilidades-sociales-y-emocionales","8":"product_cat-como-decirle-a-tus-hijos-que-son-autistas","9":"product_tag-comprension-lectora-para-ninos-autistas","10":"product_tag-comprension-lectora-para-ninos-con-autismo-es","11":"product_tag-como-saber-si-eres-autista","13":"first","14":"instock","15":"downloadable","16":"shipping-taxable","17":"purchasable","18":"product-type-simple"},"acf":[],"aioseo_notices":[],"jetpack_sharing_enabled":true,"_links":{"self":[{"href":"https:\/\/positiveautism.org\/es\/wp-json\/wp\/v2\/product\/9698","targetHints":{"allow":["GET"]}}],"collection":[{"href":"https:\/\/positiveautism.org\/es\/wp-json\/wp\/v2\/product"}],"about":[{"href":"https:\/\/positiveautism.org\/es\/wp-json\/wp\/v2\/types\/product"}],"replies":[{"embeddable":true,"href":"https:\/\/positiveautism.org\/es\/wp-json\/wp\/v2\/comments?post=9698"}],"wp:featuredmedia":[{"embeddable":true,"href":"https:\/\/positiveautism.org\/es\/wp-json\/wp\/v2\/media\/9700"}],"wp:attachment":[{"href":"https:\/\/positiveautism.org\/es\/wp-json\/wp\/v2\/media?parent=9698"}],"wp:term":[{"taxonomy":"product_brand","embeddable":true,"href":"https:\/\/positiveautism.org\/es\/wp-json\/wp\/v2\/product_brand?post=9698"},{"taxonomy":"product_cat","embeddable":true,"href":"https:\/\/positiveautism.org\/es\/wp-json\/wp\/v2\/product_cat?post=9698"},{"taxonomy":"product_tag","embeddable":true,"href":"https:\/\/positiveautism.org\/es\/wp-json\/wp\/v2\/product_tag?post=9698"}],"curies":[{"name":"wp","href":"https:\/\/api.w.org\/{rel}","templated":true}]}}