{"id":9694,"date":"2023-10-30T17:00:57","date_gmt":"2025-04-07T15:04:43","guid":{"rendered":"https:\/\/positiveautism.org\/product\/la-historia-de-nico-y-el-parque-de-aventuras-actividad-para-practicar-la-comprension-lectora-y-las-habilidades-para-la-vida-en-ninos-autistas\/"},"modified":"2025-04-07T11:04:43","modified_gmt":"2025-04-07T15:04:43","slug":"la-historia-de-nico-y-el-parque-de-aventuras-actividad-para-practicar-la-comprension-lectora-y-las-habilidades-para-la-vida-en-ninos-autistas","status":"publish","type":"product","link":"https:\/\/positiveautism.org\/es\/producto\/la-historia-de-nico-y-el-parque-de-aventuras-actividad-para-practicar-la-comprension-lectora-y-las-habilidades-para-la-vida-en-ninos-autistas\/","title":{"rendered":"La historia de Nico y el parque de aventuras. (Actividad para practicar la comprensi\u00f3n lectora y las habilidades para la vida en ni\u00f1os autistas)"},"content":{"rendered":"","protected":false},"excerpt":{"rendered":"<div class=\"flex-shrink-0 flex flex-col relative items-end\">\n<div>\n<div class=\"pt-0.5 juice:pt-0\">\n<div class=\"gizmo-bot-avatar flex h-6 w-6 items-center justify-center overflow-hidden rounded-full juice:h-8 juice:w-8\">\n<div class=\"relative p-1 rounded-sm flex items-center justify-center bg-token-main-surface-primary text-token-text-primary h-8 w-8\">En este material, encontrar\u00e1 ejercicios dise\u00f1ados para mejorar la comprensi\u00f3n lectora y ense\u00f1ar habilidades sociales y para la vida a trav\u00e9s de actividades atractivas. Al utilizar el cuento de Nico y el Parque de Aventuras, los ni\u00f1os podr\u00e1n practicar la toma de decisiones, expresar sus sentimientos y desarrollar empat\u00eda. Los juegos de rol incluidos proporcionan ejemplos pr\u00e1cticos para que los ni\u00f1os entiendan y apliquen las lecciones de la historia en escenarios de la vida real. Esto les ayuda a aprender a escuchar a su propio coraz\u00f3n, a tomar decisiones independientes y a respetar los diversos sentimientos y opiniones de los dem\u00e1s.   <\/div>\n<\/div>\n<\/div>\n<\/div>\n<\/div>\n","protected":false},"featured_media":9695,"comment_status":"closed","ping_status":"closed","template":"","meta":{"_acf_changed":false,"_monsterinsights_skip_tracking":false,"_monsterinsights_sitenote_active":false,"_monsterinsights_sitenote_note":"","_monsterinsights_sitenote_category":0},"product_brand":[],"product_cat":[783,787,835],"product_tag":[795,798,830],"class_list":{"0":"post-9694","1":"product","2":"type-product","3":"status-publish","4":"has-post-thumbnail","6":"product_cat-comprension-lectora","7":"product_cat-habilidades-sociales-y-emocionales","8":"product_cat-independencia-y-habilidades-para-la-vida","9":"product_tag-comprension-lectora-para-ninos-autistas","10":"product_tag-comprension-lectora-para-ninos-con-autismo-es","11":"product_tag-habilidades-sociales-y-emocionales-para-personas-autistas","13":"first","14":"instock","15":"downloadable","16":"shipping-taxable","17":"purchasable","18":"product-type-simple"},"acf":[],"aioseo_notices":[],"jetpack_sharing_enabled":true,"_links":{"self":[{"href":"https:\/\/positiveautism.org\/es\/wp-json\/wp\/v2\/product\/9694","targetHints":{"allow":["GET"]}}],"collection":[{"href":"https:\/\/positiveautism.org\/es\/wp-json\/wp\/v2\/product"}],"about":[{"href":"https:\/\/positiveautism.org\/es\/wp-json\/wp\/v2\/types\/product"}],"replies":[{"embeddable":true,"href":"https:\/\/positiveautism.org\/es\/wp-json\/wp\/v2\/comments?post=9694"}],"wp:featuredmedia":[{"embeddable":true,"href":"https:\/\/positiveautism.org\/es\/wp-json\/wp\/v2\/media\/9695"}],"wp:attachment":[{"href":"https:\/\/positiveautism.org\/es\/wp-json\/wp\/v2\/media?parent=9694"}],"wp:term":[{"taxonomy":"product_brand","embeddable":true,"href":"https:\/\/positiveautism.org\/es\/wp-json\/wp\/v2\/product_brand?post=9694"},{"taxonomy":"product_cat","embeddable":true,"href":"https:\/\/positiveautism.org\/es\/wp-json\/wp\/v2\/product_cat?post=9694"},{"taxonomy":"product_tag","embeddable":true,"href":"https:\/\/positiveautism.org\/es\/wp-json\/wp\/v2\/product_tag?post=9694"}],"curies":[{"name":"wp","href":"https:\/\/api.w.org\/{rel}","templated":true}]}}