{"id":9690,"date":"2023-10-30T15:08:03","date_gmt":"2025-04-07T15:04:42","guid":{"rendered":"https:\/\/positiveautism.org\/product\/hablar-con-alguien-en-quien-confies-cuando-estes-triste-hojas-de-trabajo-de-actividades-para-ensenar-habilidades-sociales-y-emocionales-a-ninos-autistas\/"},"modified":"2025-04-07T11:04:42","modified_gmt":"2025-04-07T15:04:42","slug":"hablar-con-alguien-en-quien-confies-cuando-estes-triste-hojas-de-trabajo-de-actividades-para-ensenar-habilidades-sociales-y-emocionales-a-ninos-autistas","status":"publish","type":"product","link":"https:\/\/positiveautism.org\/es\/producto\/hablar-con-alguien-en-quien-confies-cuando-estes-triste-hojas-de-trabajo-de-actividades-para-ensenar-habilidades-sociales-y-emocionales-a-ninos-autistas\/","title":{"rendered":"Hablar con alguien en quien conf\u00edes cuando est\u00e9s triste. (Hojas de trabajo de actividades para ense\u00f1ar habilidades sociales y emocionales a ni\u00f1os autistas)"},"content":{"rendered":"","protected":false},"excerpt":{"rendered":"<p>En este material, los padres y educadores encontrar\u00e1n una gu\u00eda completa dise\u00f1ada para ayudar a los ni\u00f1os y adolescentes con autismo a comprender y manejar sus sentimientos de tristeza. A trav\u00e9s de diversas actividades, como la expresi\u00f3n creativa, los ejercicios de respiraci\u00f3n profunda y los escenarios de juego de roles, el contenido pretende proporcionar formas constructivas de abordar y procesar las emociones. Los ejercicios fomentan la autorreflexi\u00f3n, la comprensi\u00f3n de los signos f\u00edsicos y emocionales y la b\u00fasqueda de apoyo de personas de confianza. Al enfatizar la naturalidad de la tristeza y ofrecer estrategias para manejarla de manera saludable, este material sirve como un recurso valioso para nutrir el bienestar emocional.   <\/p>\n","protected":false},"featured_media":9691,"comment_status":"closed","ping_status":"closed","template":"","meta":{"_acf_changed":false,"_monsterinsights_skip_tracking":false,"_monsterinsights_sitenote_active":false,"_monsterinsights_sitenote_note":"","_monsterinsights_sitenote_category":0},"product_brand":[],"product_cat":[787],"product_tag":[830,880,965],"class_list":{"0":"post-9690","1":"product","2":"type-product","3":"status-publish","4":"has-post-thumbnail","6":"product_cat-habilidades-sociales-y-emocionales","7":"product_tag-habilidades-sociales-y-emocionales-para-personas-autistas","8":"product_tag-ensenando-emociones-a-ninos-autistas","9":"product_tag-que-hacer-si-te-sientes-triste","11":"first","12":"instock","13":"downloadable","14":"shipping-taxable","15":"purchasable","16":"product-type-simple"},"acf":[],"aioseo_notices":[],"jetpack_sharing_enabled":true,"_links":{"self":[{"href":"https:\/\/positiveautism.org\/es\/wp-json\/wp\/v2\/product\/9690","targetHints":{"allow":["GET"]}}],"collection":[{"href":"https:\/\/positiveautism.org\/es\/wp-json\/wp\/v2\/product"}],"about":[{"href":"https:\/\/positiveautism.org\/es\/wp-json\/wp\/v2\/types\/product"}],"replies":[{"embeddable":true,"href":"https:\/\/positiveautism.org\/es\/wp-json\/wp\/v2\/comments?post=9690"}],"wp:featuredmedia":[{"embeddable":true,"href":"https:\/\/positiveautism.org\/es\/wp-json\/wp\/v2\/media\/9691"}],"wp:attachment":[{"href":"https:\/\/positiveautism.org\/es\/wp-json\/wp\/v2\/media?parent=9690"}],"wp:term":[{"taxonomy":"product_brand","embeddable":true,"href":"https:\/\/positiveautism.org\/es\/wp-json\/wp\/v2\/product_brand?post=9690"},{"taxonomy":"product_cat","embeddable":true,"href":"https:\/\/positiveautism.org\/es\/wp-json\/wp\/v2\/product_cat?post=9690"},{"taxonomy":"product_tag","embeddable":true,"href":"https:\/\/positiveautism.org\/es\/wp-json\/wp\/v2\/product_tag?post=9690"}],"curies":[{"name":"wp","href":"https:\/\/api.w.org\/{rel}","templated":true}]}}