{"id":9687,"date":"2024-02-03T10:26:06","date_gmt":"2025-04-07T15:02:14","guid":{"rendered":"https:\/\/positiveautism.org\/product\/conversaciones-con-preguntas-de-seguimiento-y-comentarios-hojas-de-trabajo-para-ensenar-habilidades-de-conversacion-a-ninos-autistas\/"},"modified":"2025-04-07T11:05:10","modified_gmt":"2025-04-07T15:05:10","slug":"conversaciones-con-preguntas-de-seguimiento-y-comentarios-hojas-de-trabajo-para-ensenar-habilidades-de-conversacion-a-ninos-autistas","status":"publish","type":"product","link":"https:\/\/positiveautism.org\/es\/producto\/conversaciones-con-preguntas-de-seguimiento-y-comentarios-hojas-de-trabajo-para-ensenar-habilidades-de-conversacion-a-ninos-autistas\/","title":{"rendered":"Conversaciones con preguntas de seguimiento y comentarios. (Hojas de trabajo para ense\u00f1ar habilidades de conversaci\u00f3n a ni\u00f1os autistas)"},"content":{"rendered":"","protected":false},"excerpt":{"rendered":"<p>Este material est\u00e1 dise\u00f1ado para desarrollar habilidades de conversaci\u00f3n en ni\u00f1os autistas, centr\u00e1ndose en la pr\u00e1ctica de preguntas y comentarios de seguimiento durante las interacciones. A trav\u00e9s de ejercicios pr\u00e1cticos y ejemplos concretos, se pretende ense\u00f1ar a los ni\u00f1os a demostrar inter\u00e9s y empat\u00eda hacia los dem\u00e1s, fortaleciendo sus relaciones y mejorando su capacidad comunicativa. Se incluye una actividad de juego de roles de conversaciones entre dos amigos, que sirve como ejercicio para aplicar lo aprendido en un contexto realista, animando a los participantes a entablar un di\u00e1logo activo y reflexionar sobre su rendimiento. Este enfoque pr\u00e1ctico no solo ayuda a los ni\u00f1os a comprender mejor c\u00f3mo sus preguntas y comentarios pueden influir en la din\u00e1mica de una conversaci\u00f3n, sino que tambi\u00e9n les permite experimentar de primera mano los beneficios de una comunicaci\u00f3n efectiva y emp\u00e1tica.   <\/p>\n","protected":false},"featured_media":9688,"comment_status":"open","ping_status":"closed","template":"","meta":{"_acf_changed":false,"_monsterinsights_skip_tracking":false,"_monsterinsights_sitenote_active":false,"_monsterinsights_sitenote_note":"","_monsterinsights_sitenote_category":0},"product_brand":[],"product_cat":[838],"product_tag":[843,854],"class_list":{"0":"post-9687","1":"product","2":"type-product","3":"status-publish","4":"has-post-thumbnail","6":"product_cat-habilidades-de-conversacion","7":"product_tag-como-ensenar-habilidades-de-conversacion-a-personas-con-autismo","8":"product_tag-hojas-de-trabajo-para-ensenar-habilidades-de-conversacion-a-ninos-autistas","10":"first","11":"instock","12":"downloadable","13":"shipping-taxable","14":"purchasable","15":"product-type-simple"},"acf":[],"aioseo_notices":[],"jetpack_sharing_enabled":true,"_links":{"self":[{"href":"https:\/\/positiveautism.org\/es\/wp-json\/wp\/v2\/product\/9687","targetHints":{"allow":["GET"]}}],"collection":[{"href":"https:\/\/positiveautism.org\/es\/wp-json\/wp\/v2\/product"}],"about":[{"href":"https:\/\/positiveautism.org\/es\/wp-json\/wp\/v2\/types\/product"}],"replies":[{"embeddable":true,"href":"https:\/\/positiveautism.org\/es\/wp-json\/wp\/v2\/comments?post=9687"}],"wp:featuredmedia":[{"embeddable":true,"href":"https:\/\/positiveautism.org\/es\/wp-json\/wp\/v2\/media\/9688"}],"wp:attachment":[{"href":"https:\/\/positiveautism.org\/es\/wp-json\/wp\/v2\/media?parent=9687"}],"wp:term":[{"taxonomy":"product_brand","embeddable":true,"href":"https:\/\/positiveautism.org\/es\/wp-json\/wp\/v2\/product_brand?post=9687"},{"taxonomy":"product_cat","embeddable":true,"href":"https:\/\/positiveautism.org\/es\/wp-json\/wp\/v2\/product_cat?post=9687"},{"taxonomy":"product_tag","embeddable":true,"href":"https:\/\/positiveautism.org\/es\/wp-json\/wp\/v2\/product_tag?post=9687"}],"curies":[{"name":"wp","href":"https:\/\/api.w.org\/{rel}","templated":true}]}}