{"id":9677,"date":"2024-01-29T12:10:56","date_gmt":"2025-04-07T15:02:14","guid":{"rendered":"https:\/\/positiveautism.org\/product\/la-aventura-de-leo-en-la-isla-de-las-palabras-actividad-para-practicar-la-comprension-lectora-y-las-habilidades-de-conversacion-para-ninos-autistas\/"},"modified":"2025-04-07T11:05:09","modified_gmt":"2025-04-07T15:05:09","slug":"la-aventura-de-leo-en-la-isla-de-las-palabras-actividad-para-practicar-la-comprension-lectora-y-las-habilidades-de-conversacion-para-ninos-autistas","status":"publish","type":"product","link":"https:\/\/positiveautism.org\/es\/producto\/la-aventura-de-leo-en-la-isla-de-las-palabras-actividad-para-practicar-la-comprension-lectora-y-las-habilidades-de-conversacion-para-ninos-autistas\/","title":{"rendered":"La aventura de Leo en la Isla de las Palabras. (Actividad para practicar la comprensi\u00f3n lectora y las habilidades de conversaci\u00f3n para ni\u00f1os autistas)"},"content":{"rendered":"","protected":false},"excerpt":{"rendered":"<p>Este material, centrado en \u00abLa aventura de Leo en la isla de las palabras\u00bb, es un recurso atractivo y educativo dise\u00f1ado para mejorar la comprensi\u00f3n de lectura y las habilidades de conversaci\u00f3n en ni\u00f1os autistas. A trav\u00e9s de la cautivadora historia de Leo, que vive en el vibrante mundo de la Isla de las Palabras, se presenta a los ni\u00f1os la importancia de escuchar antes de hablar, un aspecto crucial de la comunicaci\u00f3n. A medida que Leo aprende a navegar por los desaf\u00edos de interactuar con los dem\u00e1s, incluida su amiga Mia y los animales del Bosque de la Conversaci\u00f3n, la narraci\u00f3n ilustra maravillosamente el valor de la paciencia, la comprensi\u00f3n y la magia de las palabras.  <\/p>\n<p>Las preguntas adjuntas est\u00e1n elaboradas para reforzar la comprensi\u00f3n de los puntos clave de la historia, alentando a los ni\u00f1os a recordar detalles y reflexionar sobre las lecciones morales. Este m\u00e9todo de interactuar con el texto ayuda a solidificar la comprensi\u00f3n de una manera divertida e interactiva. <\/p>\n<p>Adem\u00e1s, los juegos de rol sugeridos al final est\u00e1n dise\u00f1ados espec\u00edficamente para trasladar las lecciones de la historia a la pr\u00e1ctica del mundo real. Estos juegos, que van desde El Mercado de las Palabras hasta el Consejo de la Isla de las Palabras, ofrecen a los ni\u00f1os una plataforma l\u00fadica para practicar los turnos de escucha y habla. Al participar en estas actividades, los ni\u00f1os no solo pueden aplicar lo que han aprendido de las aventuras de Leo, sino que tambi\u00e9n desarrollan sus habilidades de conversaci\u00f3n en un entorno controlado y de apoyo. Estos juegos son flexibles y se pueden adaptar a diferentes edades y habilidades, lo que los convierte en una herramienta valiosa para padres y educadores que trabajan para apoyar el desarrollo de los ni\u00f1os autistas de una manera significativa y atractiva.   <\/p>\n<p>&nbsp;<\/p>\n","protected":false},"featured_media":9678,"comment_status":"open","ping_status":"closed","template":"","meta":{"_acf_changed":false,"_monsterinsights_skip_tracking":false,"_monsterinsights_sitenote_active":false,"_monsterinsights_sitenote_note":"","_monsterinsights_sitenote_category":0},"product_brand":[],"product_cat":[783,838],"product_tag":[795,913],"class_list":{"0":"post-9677","1":"product","2":"type-product","3":"status-publish","4":"has-post-thumbnail","6":"product_cat-comprension-lectora","7":"product_cat-habilidades-de-conversacion","8":"product_tag-comprension-lectora-para-ninos-autistas","9":"product_tag-leer-para-ensenar-habilidades-de-conversacion","11":"first","12":"instock","13":"downloadable","14":"shipping-taxable","15":"purchasable","16":"product-type-simple"},"acf":[],"aioseo_notices":[],"jetpack_sharing_enabled":true,"_links":{"self":[{"href":"https:\/\/positiveautism.org\/es\/wp-json\/wp\/v2\/product\/9677","targetHints":{"allow":["GET"]}}],"collection":[{"href":"https:\/\/positiveautism.org\/es\/wp-json\/wp\/v2\/product"}],"about":[{"href":"https:\/\/positiveautism.org\/es\/wp-json\/wp\/v2\/types\/product"}],"replies":[{"embeddable":true,"href":"https:\/\/positiveautism.org\/es\/wp-json\/wp\/v2\/comments?post=9677"}],"wp:featuredmedia":[{"embeddable":true,"href":"https:\/\/positiveautism.org\/es\/wp-json\/wp\/v2\/media\/9678"}],"wp:attachment":[{"href":"https:\/\/positiveautism.org\/es\/wp-json\/wp\/v2\/media?parent=9677"}],"wp:term":[{"taxonomy":"product_brand","embeddable":true,"href":"https:\/\/positiveautism.org\/es\/wp-json\/wp\/v2\/product_brand?post=9677"},{"taxonomy":"product_cat","embeddable":true,"href":"https:\/\/positiveautism.org\/es\/wp-json\/wp\/v2\/product_cat?post=9677"},{"taxonomy":"product_tag","embeddable":true,"href":"https:\/\/positiveautism.org\/es\/wp-json\/wp\/v2\/product_tag?post=9677"}],"curies":[{"name":"wp","href":"https:\/\/api.w.org\/{rel}","templated":true}]}}