{"id":9673,"date":"2024-01-25T17:19:36","date_gmt":"2025-04-07T15:02:13","guid":{"rendered":"https:\/\/positiveautism.org\/product\/el-arte-y-la-pasion-de-isabella-actividad-para-practicar-la-comprension-lectora-y-las-habilidades-para-la-vida-en-ninos-autistas\/"},"modified":"2025-04-07T11:05:09","modified_gmt":"2025-04-07T15:05:09","slug":"el-arte-y-la-pasion-de-isabella-actividad-para-practicar-la-comprension-lectora-y-las-habilidades-para-la-vida-en-ninos-autistas","status":"publish","type":"product","link":"https:\/\/positiveautism.org\/es\/producto\/el-arte-y-la-pasion-de-isabella-actividad-para-practicar-la-comprension-lectora-y-las-habilidades-para-la-vida-en-ninos-autistas\/","title":{"rendered":"El arte y la pasi\u00f3n de Isabella. (Actividad para practicar la comprensi\u00f3n lectora y las habilidades para la vida en ni\u00f1os autistas)"},"content":{"rendered":"","protected":false},"excerpt":{"rendered":"<div class=\"flex-shrink-0 flex flex-col relative items-end\">\n<div>\n<div class=\"pt-0\">\n<div class=\"gizmo-bot-avatar flex h-8 w-8 items-center justify-center overflow-hidden rounded-full\">\n<div class=\"relative p-1 rounded-sm flex items-center justify-center bg-token-main-surface-primary text-token-text-primary h-8 w-8\">Este material educativo est\u00e1 dise\u00f1ado para padres y educadores que tienen como objetivo trabajar la comprensi\u00f3n lectora y ense\u00f1ar habilidades vitales a los ni\u00f1os, como la importancia de seguir sus pasiones y gestionar las emociones. A trav\u00e9s de la historia de Isabella, una joven autista apasionada por el arte, los ni\u00f1os aprender\u00e1n c\u00f3mo el arte puede ser una poderosa herramienta para la autoexpresi\u00f3n y la conexi\u00f3n con el mundo. Adem\u00e1s, se incluyen preguntas para fomentar la reflexi\u00f3n y actividades de juego de roles que permiten a los ni\u00f1os practicar habilidades sociales y de comunicaci\u00f3n en situaciones cotidianas y desafiantes. Este enfoque integral no solo promueve la lectura, sino tambi\u00e9n el desarrollo emocional y la autoafirmaci\u00f3n, demostrando que cada persona, con sus diferencias \u00fanicas, tiene la capacidad de lograr grandes cosas siguiendo sus pasiones.   <\/div>\n<\/div>\n<\/div>\n<\/div>\n<\/div>\n","protected":false},"featured_media":9674,"comment_status":"closed","ping_status":"closed","template":"","meta":{"_acf_changed":false,"_monsterinsights_skip_tracking":false,"_monsterinsights_sitenote_active":false,"_monsterinsights_sitenote_note":"","_monsterinsights_sitenote_category":0},"product_brand":[],"product_cat":[783,835],"product_tag":[795,962,963],"class_list":{"0":"post-9673","1":"product","2":"type-product","3":"status-publish","4":"has-post-thumbnail","6":"product_cat-comprension-lectora","7":"product_cat-independencia-y-habilidades-para-la-vida","8":"product_tag-comprension-lectora-para-ninos-autistas","9":"product_tag-ensenar-la-autoaceptacion","10":"product_tag-la-importancia-de-seguir-las-pasiones","12":"first","13":"instock","14":"downloadable","15":"shipping-taxable","16":"purchasable","17":"product-type-simple"},"acf":[],"aioseo_notices":[],"jetpack_sharing_enabled":true,"_links":{"self":[{"href":"https:\/\/positiveautism.org\/es\/wp-json\/wp\/v2\/product\/9673","targetHints":{"allow":["GET"]}}],"collection":[{"href":"https:\/\/positiveautism.org\/es\/wp-json\/wp\/v2\/product"}],"about":[{"href":"https:\/\/positiveautism.org\/es\/wp-json\/wp\/v2\/types\/product"}],"replies":[{"embeddable":true,"href":"https:\/\/positiveautism.org\/es\/wp-json\/wp\/v2\/comments?post=9673"}],"wp:featuredmedia":[{"embeddable":true,"href":"https:\/\/positiveautism.org\/es\/wp-json\/wp\/v2\/media\/9674"}],"wp:attachment":[{"href":"https:\/\/positiveautism.org\/es\/wp-json\/wp\/v2\/media?parent=9673"}],"wp:term":[{"taxonomy":"product_brand","embeddable":true,"href":"https:\/\/positiveautism.org\/es\/wp-json\/wp\/v2\/product_brand?post=9673"},{"taxonomy":"product_cat","embeddable":true,"href":"https:\/\/positiveautism.org\/es\/wp-json\/wp\/v2\/product_cat?post=9673"},{"taxonomy":"product_tag","embeddable":true,"href":"https:\/\/positiveautism.org\/es\/wp-json\/wp\/v2\/product_tag?post=9673"}],"curies":[{"name":"wp","href":"https:\/\/api.w.org\/{rel}","templated":true}]}}