{"id":9667,"date":"2024-02-05T10:51:10","date_gmt":"2025-04-07T15:02:13","guid":{"rendered":"https:\/\/positiveautism.org\/product\/el-viaje-cientifico-de-leo-actividad-para-practicar-la-comprension-lectora-y-las-habilidades-para-la-vida-en-ninos-y-jovenes-autistas\/"},"modified":"2025-04-07T11:05:15","modified_gmt":"2025-04-07T15:05:15","slug":"el-viaje-cientifico-de-leo-actividad-para-practicar-la-comprension-lectora-y-las-habilidades-para-la-vida-en-ninos-y-jovenes-autistas","status":"publish","type":"product","link":"https:\/\/positiveautism.org\/es\/producto\/el-viaje-cientifico-de-leo-actividad-para-practicar-la-comprension-lectora-y-las-habilidades-para-la-vida-en-ninos-y-jovenes-autistas\/","title":{"rendered":"El viaje cient\u00edfico de Leo. (Actividad para practicar la comprensi\u00f3n lectora y las habilidades para la vida en ni\u00f1os y j\u00f3venes autistas)"},"content":{"rendered":"","protected":false},"excerpt":{"rendered":"<p>En este material, los padres y educadores encontrar\u00e1n un recurso integral dise\u00f1ado para mejorar la comprensi\u00f3n de lectura y ense\u00f1ar habilidades sociales y de vida esenciales a ni\u00f1os y j\u00f3venes autistas. A trav\u00e9s de la atractiva historia de \u00abEl viaje cient\u00edfico de Leo\u00bb, el contenido est\u00e1 estructurado no solo para cautivar a los j\u00f3venes lectores, sino tambi\u00e9n para proporcionar actividades pr\u00e1cticas, como juegos de rol, que les permitan practicar lo que han aprendido. Estas actividades est\u00e1n dise\u00f1adas para ayudar a los ni\u00f1os a desarrollar una mejor comunicaci\u00f3n, colaboraci\u00f3n y confianza en s\u00ed mismos, alent\u00e1ndolos a seguir sus pasiones y superar desaf\u00edos, al igual que Leo.  <\/p>\n","protected":false},"featured_media":9668,"comment_status":"closed","ping_status":"closed","template":"","meta":{"_acf_changed":false,"_monsterinsights_skip_tracking":false,"_monsterinsights_sitenote_active":false,"_monsterinsights_sitenote_note":"","_monsterinsights_sitenote_category":0},"product_brand":[],"product_cat":[783,835],"product_tag":[795,892,961],"class_list":{"0":"post-9667","1":"product","2":"type-product","3":"status-publish","4":"has-post-thumbnail","6":"product_cat-comprension-lectora","7":"product_cat-independencia-y-habilidades-para-la-vida","8":"product_tag-comprension-lectora-para-ninos-autistas","9":"product_tag-leer-para-ensenar-habilidades-para-la-vida","10":"product_tag-de-la-lectura-a-la-perseverancia-tecnologica","12":"first","13":"instock","14":"downloadable","15":"shipping-taxable","16":"purchasable","17":"product-type-simple"},"acf":[],"aioseo_notices":[],"jetpack_sharing_enabled":true,"_links":{"self":[{"href":"https:\/\/positiveautism.org\/es\/wp-json\/wp\/v2\/product\/9667","targetHints":{"allow":["GET"]}}],"collection":[{"href":"https:\/\/positiveautism.org\/es\/wp-json\/wp\/v2\/product"}],"about":[{"href":"https:\/\/positiveautism.org\/es\/wp-json\/wp\/v2\/types\/product"}],"replies":[{"embeddable":true,"href":"https:\/\/positiveautism.org\/es\/wp-json\/wp\/v2\/comments?post=9667"}],"wp:featuredmedia":[{"embeddable":true,"href":"https:\/\/positiveautism.org\/es\/wp-json\/wp\/v2\/media\/9668"}],"wp:attachment":[{"href":"https:\/\/positiveautism.org\/es\/wp-json\/wp\/v2\/media?parent=9667"}],"wp:term":[{"taxonomy":"product_brand","embeddable":true,"href":"https:\/\/positiveautism.org\/es\/wp-json\/wp\/v2\/product_brand?post=9667"},{"taxonomy":"product_cat","embeddable":true,"href":"https:\/\/positiveautism.org\/es\/wp-json\/wp\/v2\/product_cat?post=9667"},{"taxonomy":"product_tag","embeddable":true,"href":"https:\/\/positiveautism.org\/es\/wp-json\/wp\/v2\/product_tag?post=9667"}],"curies":[{"name":"wp","href":"https:\/\/api.w.org\/{rel}","templated":true}]}}