{"id":9662,"date":"2024-01-17T09:52:54","date_gmt":"2025-04-07T15:02:09","guid":{"rendered":"https:\/\/positiveautism.org\/product\/las-aventuras-de-nico-en-el-mundo-de-la-privacidad-actividad-para-practicar-la-comprension-lectora-y-las-habilidades-sociales-para-ninos-autistas\/"},"modified":"2025-04-07T11:05:05","modified_gmt":"2025-04-07T15:05:05","slug":"las-aventuras-de-nico-en-el-mundo-de-la-privacidad-actividad-para-practicar-la-comprension-lectora-y-las-habilidades-sociales-para-ninos-autistas","status":"publish","type":"product","link":"https:\/\/positiveautism.org\/es\/producto\/las-aventuras-de-nico-en-el-mundo-de-la-privacidad-actividad-para-practicar-la-comprension-lectora-y-las-habilidades-sociales-para-ninos-autistas\/","title":{"rendered":"Las aventuras de Nico en el mundo de la privacidad. (Actividad para practicar la comprensi\u00f3n lectora y las habilidades sociales para ni\u00f1os autistas)"},"content":{"rendered":"","protected":false},"excerpt":{"rendered":"<p>\u00abLas aventuras de Nico en el mundo de la privacidad\u00bb es un valioso material educativo para trabajar la comprensi\u00f3n lectora y las habilidades sociales en ni\u00f1os autistas. A trav\u00e9s de una narrativa sencilla y cercana, los ni\u00f1os aprenden sobre la importancia de la privacidad y el respeto por el espacio personal, tanto el propio como el de los dem\u00e1s. La historia de Nico, un ni\u00f1o curioso que aprende a manejar situaciones privadas de manera adecuada, proporciona un marco claro para comprender los comportamientos que deben llevarse a cabo en privado. Adem\u00e1s, se abordan cuestiones como el respeto al espacio de los dem\u00e1s y la importancia de tener un lugar seguro para explorar y aprender sobre uno mismo.   <\/p>\n<p>Las preguntas de comprensi\u00f3n incluidas fomentan la reflexi\u00f3n y aseguran que los lectores hayan entendido los puntos clave de la historia. Estas preguntas son esenciales para reforzar la comprensi\u00f3n lectora y permiten a los educadores y a los padres evaluar y guiar el aprendizaje del ni\u00f1o. <\/p>\n<p>La secci\u00f3n de dibujos es un recurso interactivo que invita a los ni\u00f1os a participar activamente. Completar las conversaciones en los dibujos ayuda a los ni\u00f1os a practicar habilidades sociales como la empat\u00eda, la comunicaci\u00f3n y la interpretaci\u00f3n de situaciones sociales. Este enfoque pr\u00e1ctico es especialmente beneficioso para los ni\u00f1os autistas, ya que les permite visualizar y practicar situaciones de la vida real en un entorno controlado y comprensivo.  <\/p>\n<p>Adem\u00e1s, los juegos de rol sugeridos al final sirven como ejercicios pr\u00e1cticos para que los ni\u00f1os ensayen lo aprendido de una manera divertida e interactiva. Estas actividades no solo refuerzan las ense\u00f1anzas del cuento, sino que tambi\u00e9n ofrecen un espacio seguro para que los ni\u00f1os exploren las interacciones sociales y desarrollen una comprensi\u00f3n m\u00e1s profunda de la privacidad. Este enfoque dual de narraci\u00f3n de cuentos y juegos de roles es particularmente beneficioso para los ni\u00f1os autistas, ya que se adapta a diversos estilos de aprendizaje y ayuda en el desarrollo de habilidades vitales esenciales de una manera accesible y agradable.  <\/p>\n","protected":false},"featured_media":9663,"comment_status":"open","ping_status":"closed","template":"","meta":{"_acf_changed":false,"_monsterinsights_skip_tracking":false,"_monsterinsights_sitenote_active":false,"_monsterinsights_sitenote_note":"","_monsterinsights_sitenote_category":0},"product_brand":[],"product_cat":[783,787],"product_tag":[795,867,959],"class_list":{"0":"post-9662","1":"product","2":"type-product","3":"status-publish","4":"has-post-thumbnail","6":"product_cat-comprension-lectora","7":"product_cat-habilidades-sociales-y-emocionales","8":"product_tag-comprension-lectora-para-ninos-autistas","9":"product_tag-de-la-lectura-a-las-habilidades-sociales-tecnologicas","10":"product_tag-ensenar-sobre-la-privacidad-y-el-respeto","12":"first","13":"instock","14":"downloadable","15":"shipping-taxable","16":"purchasable","17":"product-type-simple"},"acf":[],"aioseo_notices":[],"jetpack_sharing_enabled":true,"_links":{"self":[{"href":"https:\/\/positiveautism.org\/es\/wp-json\/wp\/v2\/product\/9662","targetHints":{"allow":["GET"]}}],"collection":[{"href":"https:\/\/positiveautism.org\/es\/wp-json\/wp\/v2\/product"}],"about":[{"href":"https:\/\/positiveautism.org\/es\/wp-json\/wp\/v2\/types\/product"}],"replies":[{"embeddable":true,"href":"https:\/\/positiveautism.org\/es\/wp-json\/wp\/v2\/comments?post=9662"}],"wp:featuredmedia":[{"embeddable":true,"href":"https:\/\/positiveautism.org\/es\/wp-json\/wp\/v2\/media\/9663"}],"wp:attachment":[{"href":"https:\/\/positiveautism.org\/es\/wp-json\/wp\/v2\/media?parent=9662"}],"wp:term":[{"taxonomy":"product_brand","embeddable":true,"href":"https:\/\/positiveautism.org\/es\/wp-json\/wp\/v2\/product_brand?post=9662"},{"taxonomy":"product_cat","embeddable":true,"href":"https:\/\/positiveautism.org\/es\/wp-json\/wp\/v2\/product_cat?post=9662"},{"taxonomy":"product_tag","embeddable":true,"href":"https:\/\/positiveautism.org\/es\/wp-json\/wp\/v2\/product_tag?post=9662"}],"curies":[{"name":"wp","href":"https:\/\/api.w.org\/{rel}","templated":true}]}}