{"id":9656,"date":"2024-01-16T11:22:29","date_gmt":"2025-04-07T15:02:08","guid":{"rendered":"https:\/\/positiveautism.org\/product\/el-superpoder-de-la-memoria-en-la-construccion-de-amistades-hojas-de-trabajo-para-ensenar-habilidades-de-conversacion-a-ninos-autistas\/"},"modified":"2025-04-07T11:05:05","modified_gmt":"2025-04-07T15:05:05","slug":"el-superpoder-de-la-memoria-en-la-construccion-de-amistades-hojas-de-trabajo-para-ensenar-habilidades-de-conversacion-a-ninos-autistas","status":"publish","type":"product","link":"https:\/\/positiveautism.org\/es\/producto\/el-superpoder-de-la-memoria-en-la-construccion-de-amistades-hojas-de-trabajo-para-ensenar-habilidades-de-conversacion-a-ninos-autistas\/","title":{"rendered":"El superpoder de la memoria en la construcci\u00f3n de amistades. (Hojas de trabajo para ense\u00f1ar habilidades de conversaci\u00f3n a ni\u00f1os autistas)"},"content":{"rendered":"","protected":false},"excerpt":{"rendered":"<p>Este material es especialmente valioso para los ni\u00f1os y j\u00f3venes autistas, que pueden enfrentar desaf\u00edos \u00fanicos en el desarrollo de habilidades de conversaci\u00f3n. El concepto de \u00abEl superpoder de recordar: construir amistades\u00bb sirve como una herramienta poderosa para mejorar la interacci\u00f3n social. Al enfocarse en los detalles compartidos en conversaciones anteriores, los j\u00f3venes autistas pueden aprender a fortalecer sus relaciones interpersonales, mostrando inter\u00e9s y memoria sobre los temas discutidos. Esto no solo ayuda a iniciar conversaciones futuras con mayor fluidez, sino que tambi\u00e9n fomenta un sentido de conexi\u00f3n y empat\u00eda con los dem\u00e1s.   <\/p>\n<p>Las actividades propuestas, como recordar y preguntar sobre eventos importantes en la vida de amigos y familiares, son pr\u00e1cticas efectivas. Estas actividades ense\u00f1an a los j\u00f3venes a prestar atenci\u00f3n y valorar las experiencias y sentimientos de los dem\u00e1s, habilidades cruciales para construir amistades duraderas. Adem\u00e1s, el uso de im\u00e1genes mentales como t\u00e9cnica para recordar detalles espec\u00edficos puede ser particularmente \u00fatil para las personas en el espectro autista, que a menudo se benefician de enfoques visuales y concretos en el aprendizaje.  <\/p>\n<p>Es importante recordar que cada persona en el espectro autista es \u00fanica, y es posible que estos m\u00e9todos deban adaptarse a sus habilidades y necesidades espec\u00edficas. El \u00e9nfasis en la paciencia, la pr\u00e1ctica continua y la celebraci\u00f3n de los esfuerzos realizados, en lugar de la perfecci\u00f3n, es clave para fomentar la confianza y desarrollar habilidades sociales en estos j\u00f3venes. <\/p>\n","protected":false},"featured_media":9659,"comment_status":"open","ping_status":"closed","template":"","meta":{"_acf_changed":false,"_monsterinsights_skip_tracking":false,"_monsterinsights_sitenote_active":false,"_monsterinsights_sitenote_note":"","_monsterinsights_sitenote_category":0},"product_brand":[],"product_cat":[838],"product_tag":[842,854],"class_list":{"0":"post-9656","1":"product","2":"type-product","3":"status-publish","4":"has-post-thumbnail","6":"product_cat-habilidades-de-conversacion","7":"product_tag-como-ensenar-habilidades-de-conversacion-a-personas-autistas","8":"product_tag-hojas-de-trabajo-para-ensenar-habilidades-de-conversacion-a-ninos-autistas","10":"first","11":"instock","12":"downloadable","13":"shipping-taxable","14":"purchasable","15":"product-type-simple"},"acf":[],"aioseo_notices":[],"jetpack_sharing_enabled":true,"_links":{"self":[{"href":"https:\/\/positiveautism.org\/es\/wp-json\/wp\/v2\/product\/9656","targetHints":{"allow":["GET"]}}],"collection":[{"href":"https:\/\/positiveautism.org\/es\/wp-json\/wp\/v2\/product"}],"about":[{"href":"https:\/\/positiveautism.org\/es\/wp-json\/wp\/v2\/types\/product"}],"replies":[{"embeddable":true,"href":"https:\/\/positiveautism.org\/es\/wp-json\/wp\/v2\/comments?post=9656"}],"wp:featuredmedia":[{"embeddable":true,"href":"https:\/\/positiveautism.org\/es\/wp-json\/wp\/v2\/media\/9659"}],"wp:attachment":[{"href":"https:\/\/positiveautism.org\/es\/wp-json\/wp\/v2\/media?parent=9656"}],"wp:term":[{"taxonomy":"product_brand","embeddable":true,"href":"https:\/\/positiveautism.org\/es\/wp-json\/wp\/v2\/product_brand?post=9656"},{"taxonomy":"product_cat","embeddable":true,"href":"https:\/\/positiveautism.org\/es\/wp-json\/wp\/v2\/product_cat?post=9656"},{"taxonomy":"product_tag","embeddable":true,"href":"https:\/\/positiveautism.org\/es\/wp-json\/wp\/v2\/product_tag?post=9656"}],"curies":[{"name":"wp","href":"https:\/\/api.w.org\/{rel}","templated":true}]}}