{"id":9655,"date":"2024-01-23T14:40:40","date_gmt":"2025-04-07T15:02:08","guid":{"rendered":"https:\/\/positiveautism.org\/product\/practica-tener-una-conversacion-con-otras-personas-hojas-de-trabajo-para-ensenar-habilidades-de-conversacion-a-ninos-autistas\/"},"modified":"2025-04-07T11:05:11","modified_gmt":"2025-04-07T15:05:11","slug":"practica-tener-una-conversacion-con-otras-personas-hojas-de-trabajo-para-ensenar-habilidades-de-conversacion-a-ninos-autistas","status":"publish","type":"product","link":"https:\/\/positiveautism.org\/es\/producto\/practica-tener-una-conversacion-con-otras-personas-hojas-de-trabajo-para-ensenar-habilidades-de-conversacion-a-ninos-autistas\/","title":{"rendered":"Practica tener una conversaci\u00f3n con otras personas. (Hojas de trabajo para ense\u00f1ar habilidades de conversaci\u00f3n a ni\u00f1os autistas)"},"content":{"rendered":"","protected":false},"excerpt":{"rendered":"<p>Este material est\u00e1 dise\u00f1ado para desarrollar habilidades de conversaci\u00f3n en ni\u00f1os autistas, centr\u00e1ndose en la pr\u00e1ctica y la reflexi\u00f3n sobre las interacciones con los dem\u00e1s. Los gu\u00eda a trav\u00e9s de la elecci\u00f3n de un compa\u00f1ero de conversaci\u00f3n, la preparaci\u00f3n de temas basados en intereses mutuos y discusiones pasadas, y la formulaci\u00f3n de preguntas y comentarios. El material hace hincapi\u00e9 en recordar detalles sobre los dem\u00e1s, como sus intereses e historias compartidas en conversaciones anteriores. Despu\u00e9s de la conversaci\u00f3n, fomenta la reflexi\u00f3n sobre la experiencia, incluida la evaluaci\u00f3n del propio desempe\u00f1o, la empat\u00eda con los sentimientos de la otra persona y el manejo de situaciones inesperadas. El ejemplo proporcionado demuestra c\u00f3mo usar el material de manera efectiva, ofreciendo un enfoque pr\u00e1ctico para mejorar las habilidades de conversaci\u00f3n en ni\u00f1os autistas.    <\/p>\n","protected":false},"featured_media":9657,"comment_status":"open","ping_status":"closed","template":"","meta":{"_acf_changed":false,"_monsterinsights_skip_tracking":false,"_monsterinsights_sitenote_active":false,"_monsterinsights_sitenote_note":"","_monsterinsights_sitenote_category":0},"product_brand":[],"product_cat":[838],"product_tag":[843,854],"class_list":{"0":"post-9655","1":"product","2":"type-product","3":"status-publish","4":"has-post-thumbnail","6":"product_cat-habilidades-de-conversacion","7":"product_tag-como-ensenar-habilidades-de-conversacion-a-personas-con-autismo","8":"product_tag-hojas-de-trabajo-para-ensenar-habilidades-de-conversacion-a-ninos-autistas","10":"first","11":"instock","12":"downloadable","13":"shipping-taxable","14":"purchasable","15":"product-type-simple"},"acf":[],"aioseo_notices":[],"jetpack_sharing_enabled":true,"_links":{"self":[{"href":"https:\/\/positiveautism.org\/es\/wp-json\/wp\/v2\/product\/9655","targetHints":{"allow":["GET"]}}],"collection":[{"href":"https:\/\/positiveautism.org\/es\/wp-json\/wp\/v2\/product"}],"about":[{"href":"https:\/\/positiveautism.org\/es\/wp-json\/wp\/v2\/types\/product"}],"replies":[{"embeddable":true,"href":"https:\/\/positiveautism.org\/es\/wp-json\/wp\/v2\/comments?post=9655"}],"wp:featuredmedia":[{"embeddable":true,"href":"https:\/\/positiveautism.org\/es\/wp-json\/wp\/v2\/media\/9657"}],"wp:attachment":[{"href":"https:\/\/positiveautism.org\/es\/wp-json\/wp\/v2\/media?parent=9655"}],"wp:term":[{"taxonomy":"product_brand","embeddable":true,"href":"https:\/\/positiveautism.org\/es\/wp-json\/wp\/v2\/product_brand?post=9655"},{"taxonomy":"product_cat","embeddable":true,"href":"https:\/\/positiveautism.org\/es\/wp-json\/wp\/v2\/product_cat?post=9655"},{"taxonomy":"product_tag","embeddable":true,"href":"https:\/\/positiveautism.org\/es\/wp-json\/wp\/v2\/product_tag?post=9655"}],"curies":[{"name":"wp","href":"https:\/\/api.w.org\/{rel}","templated":true}]}}