{"id":9648,"date":"2024-01-15T19:22:46","date_gmt":"2025-04-07T15:02:08","guid":{"rendered":"https:\/\/positiveautism.org\/product\/el-mundo-literal-de-leo-un-viaje-hacia-la-comprension-de-lo-abstracto-actividad-para-practicar-la-comprension-lectora-y-las-habilidades-de-conversacion-para-ninos-autistas\/"},"modified":"2025-04-07T11:05:04","modified_gmt":"2025-04-07T15:05:04","slug":"el-mundo-literal-de-leo-un-viaje-hacia-la-comprension-de-lo-abstracto-actividad-para-practicar-la-comprension-lectora-y-las-habilidades-de-conversacion-para-ninos-autistas","status":"publish","type":"product","link":"https:\/\/positiveautism.org\/es\/producto\/el-mundo-literal-de-leo-un-viaje-hacia-la-comprension-de-lo-abstracto-actividad-para-practicar-la-comprension-lectora-y-las-habilidades-de-conversacion-para-ninos-autistas\/","title":{"rendered":"El mundo literal de Leo: un viaje hacia la comprensi\u00f3n de lo abstracto. (Actividad para practicar la comprensi\u00f3n lectora y las habilidades de conversaci\u00f3n para ni\u00f1os autistas)"},"content":{"rendered":"","protected":false},"excerpt":{"rendered":"<div class=\"flex-shrink-0 flex flex-col relative items-end\">\n<div>\n<div class=\"pt-0\">\n<div class=\"gizmo-bot-avatar flex h-8 w-8 items-center justify-center overflow-hidden rounded-full\">\n<div class=\"relative p-1 rounded-sm flex items-center justify-center bg-token-main-surface-primary text-token-text-primary h-8 w-8\">En este libro de trabajo, los padres y educadores encontrar\u00e1n herramientas y actividades dise\u00f1adas para ayudar a los ni\u00f1os a mejorar su comprensi\u00f3n lectora y desarrollar habilidades ling\u00fc\u00edsticas y comunicativas. A trav\u00e9s de la historia de Leo, un ni\u00f1o que aprende a comprender y usar conceptos abstractos y figurados, el material incluye preguntas de comprensi\u00f3n lectora, dibujos para completar di\u00e1logos y juegos de rol. Estos ejercicios est\u00e1n orientados a ense\u00f1ar met\u00e1foras y expresiones figurativas de forma pr\u00e1ctica y l\u00fadica, promoviendo aprendizajes significativos y agradables. Adem\u00e1s, se fomenta la creatividad a trav\u00e9s de la escritura e ilustraci\u00f3n de poemas, facilitando as\u00ed el desarrollo de habilidades comunicativas en un entorno seguro y de apoyo.   <\/div>\n<\/div>\n<\/div>\n<\/div>\n<\/div>\n","protected":false},"featured_media":9652,"comment_status":"closed","ping_status":"closed","template":"","meta":{"_acf_changed":false,"_monsterinsights_skip_tracking":false,"_monsterinsights_sitenote_active":false,"_monsterinsights_sitenote_note":"","_monsterinsights_sitenote_category":0},"product_brand":[],"product_cat":[741,783,838],"product_tag":[795,913,958],"class_list":{"0":"post-9648","1":"product","2":"type-product","3":"status-publish","4":"has-post-thumbnail","6":"product_cat-comunicacion-y-lenguaje","7":"product_cat-comprension-lectora","8":"product_cat-habilidades-de-conversacion","9":"product_tag-comprension-lectora-para-ninos-autistas","10":"product_tag-leer-para-ensenar-habilidades-de-conversacion","11":"product_tag-lectura-para-ensenar-sobre-expresiones-abstractas","13":"first","14":"instock","15":"downloadable","16":"shipping-taxable","17":"purchasable","18":"product-type-simple"},"acf":[],"aioseo_notices":[],"jetpack_sharing_enabled":true,"_links":{"self":[{"href":"https:\/\/positiveautism.org\/es\/wp-json\/wp\/v2\/product\/9648","targetHints":{"allow":["GET"]}}],"collection":[{"href":"https:\/\/positiveautism.org\/es\/wp-json\/wp\/v2\/product"}],"about":[{"href":"https:\/\/positiveautism.org\/es\/wp-json\/wp\/v2\/types\/product"}],"replies":[{"embeddable":true,"href":"https:\/\/positiveautism.org\/es\/wp-json\/wp\/v2\/comments?post=9648"}],"wp:featuredmedia":[{"embeddable":true,"href":"https:\/\/positiveautism.org\/es\/wp-json\/wp\/v2\/media\/9652"}],"wp:attachment":[{"href":"https:\/\/positiveautism.org\/es\/wp-json\/wp\/v2\/media?parent=9648"}],"wp:term":[{"taxonomy":"product_brand","embeddable":true,"href":"https:\/\/positiveautism.org\/es\/wp-json\/wp\/v2\/product_brand?post=9648"},{"taxonomy":"product_cat","embeddable":true,"href":"https:\/\/positiveautism.org\/es\/wp-json\/wp\/v2\/product_cat?post=9648"},{"taxonomy":"product_tag","embeddable":true,"href":"https:\/\/positiveautism.org\/es\/wp-json\/wp\/v2\/product_tag?post=9648"}],"curies":[{"name":"wp","href":"https:\/\/api.w.org\/{rel}","templated":true}]}}