{"id":9647,"date":"2024-01-22T15:56:25","date_gmt":"2025-04-07T15:02:08","guid":{"rendered":"https:\/\/positiveautism.org\/product\/gabriel-y-el-interruptor-de-la-luz-aprender-a-respetar-a-los-demas-actividad-para-practicar-la-comprension-lectora-y-las-habilidades-sociales-para-ninos-autistas\/"},"modified":"2025-04-07T11:05:09","modified_gmt":"2025-04-07T15:05:09","slug":"gabriel-y-el-interruptor-de-la-luz-aprender-a-respetar-a-los-demas-actividad-para-practicar-la-comprension-lectora-y-las-habilidades-sociales-para-ninos-autistas","status":"publish","type":"product","link":"https:\/\/positiveautism.org\/es\/producto\/gabriel-y-el-interruptor-de-la-luz-aprender-a-respetar-a-los-demas-actividad-para-practicar-la-comprension-lectora-y-las-habilidades-sociales-para-ninos-autistas\/","title":{"rendered":"Gabriel y el interruptor de la luz: aprender a respetar a los dem\u00e1s. (Actividad para practicar la comprensi\u00f3n lectora y las habilidades sociales para ni\u00f1os autistas)"},"content":{"rendered":"","protected":false},"excerpt":{"rendered":"<p>Este material proporciona a los padres y educadores una herramienta valiosa para trabajar la comprensi\u00f3n lectora y el desarrollo de habilidades sociales y emocionales en los ni\u00f1os. A trav\u00e9s de la historia de Gabriel y el interruptor de luz, se presentan situaciones cotidianas que ilustran c\u00f3mo nuestras acciones pueden afectar a los dem\u00e1s, fomentando la empat\u00eda y el respeto. Incluye preguntas de comprensi\u00f3n y actividades de juego de roles que permiten a los ni\u00f1os practicar y reflexionar sobre lo que han aprendido, ayud\u00e1ndoles a interiorizar comportamientos positivos y mejorar sus interacciones sociales de una manera divertida y educativa.  <\/p>\n","protected":false},"featured_media":9649,"comment_status":"closed","ping_status":"closed","template":"","meta":{"_acf_changed":false,"_monsterinsights_skip_tracking":false,"_monsterinsights_sitenote_active":false,"_monsterinsights_sitenote_note":"","_monsterinsights_sitenote_category":0},"product_brand":[],"product_cat":[783,787],"product_tag":[795,957],"class_list":{"0":"post-9647","1":"product","2":"type-product","3":"status-publish","4":"has-post-thumbnail","6":"product_cat-comprension-lectora","7":"product_cat-habilidades-sociales-y-emocionales","8":"product_tag-comprension-lectora-para-ninos-autistas","9":"product_tag-ensenar-que-las-correcciones-no-son-un-desafio-ni-un-castigo","11":"first","12":"instock","13":"downloadable","14":"shipping-taxable","15":"purchasable","16":"product-type-simple"},"acf":[],"aioseo_notices":[],"jetpack_sharing_enabled":true,"_links":{"self":[{"href":"https:\/\/positiveautism.org\/es\/wp-json\/wp\/v2\/product\/9647","targetHints":{"allow":["GET"]}}],"collection":[{"href":"https:\/\/positiveautism.org\/es\/wp-json\/wp\/v2\/product"}],"about":[{"href":"https:\/\/positiveautism.org\/es\/wp-json\/wp\/v2\/types\/product"}],"replies":[{"embeddable":true,"href":"https:\/\/positiveautism.org\/es\/wp-json\/wp\/v2\/comments?post=9647"}],"wp:featuredmedia":[{"embeddable":true,"href":"https:\/\/positiveautism.org\/es\/wp-json\/wp\/v2\/media\/9649"}],"wp:attachment":[{"href":"https:\/\/positiveautism.org\/es\/wp-json\/wp\/v2\/media?parent=9647"}],"wp:term":[{"taxonomy":"product_brand","embeddable":true,"href":"https:\/\/positiveautism.org\/es\/wp-json\/wp\/v2\/product_brand?post=9647"},{"taxonomy":"product_cat","embeddable":true,"href":"https:\/\/positiveautism.org\/es\/wp-json\/wp\/v2\/product_cat?post=9647"},{"taxonomy":"product_tag","embeddable":true,"href":"https:\/\/positiveautism.org\/es\/wp-json\/wp\/v2\/product_tag?post=9647"}],"curies":[{"name":"wp","href":"https:\/\/api.w.org\/{rel}","templated":true}]}}