{"id":9638,"date":"2024-01-22T10:27:28","date_gmt":"2025-04-07T15:02:07","guid":{"rendered":"https:\/\/positiveautism.org\/product\/el-viaje-de-andres-matematicas-y-suenos-actividad-para-practicar-la-comprension-lectora-y-las-habilidades-para-la-vida-en-ninos-y-jovenes-autistas\/"},"modified":"2025-04-07T11:05:09","modified_gmt":"2025-04-07T15:05:09","slug":"el-viaje-de-andres-matematicas-y-suenos-actividad-para-practicar-la-comprension-lectora-y-las-habilidades-para-la-vida-en-ninos-y-jovenes-autistas","status":"publish","type":"product","link":"https:\/\/positiveautism.org\/es\/producto\/el-viaje-de-andres-matematicas-y-suenos-actividad-para-practicar-la-comprension-lectora-y-las-habilidades-para-la-vida-en-ninos-y-jovenes-autistas\/","title":{"rendered":"El viaje de Andr\u00e9s: matem\u00e1ticas y sue\u00f1os. (Actividad para practicar la comprensi\u00f3n lectora y las habilidades para la vida en ni\u00f1os y j\u00f3venes autistas)"},"content":{"rendered":"","protected":false},"excerpt":{"rendered":"<p>En este material encontrar\u00e1s una valiosa herramienta para trabajar la comprensi\u00f3n lectora con ni\u00f1os y j\u00f3venes autistas, centrada en el cuento \u00abEl viaje de Andr\u00e9s: matem\u00e1ticas y sue\u00f1os\u00bb. A trav\u00e9s de esta narrativa se destacan temas fundamentales como la perseverancia, la autoaceptaci\u00f3n y la importancia de reconocer y celebrar las diferencias individuales. Los ni\u00f1os podr\u00e1n identificarse con el protagonista, Andr\u00e9s, un ni\u00f1o con extraordinarias habilidades matem\u00e1ticas que se enfrenta y supera retos diarios, aprendiendo a valorar sus diferencias como fortalezas. Adicionalmente, el material incluye actividades de roleplaying que permiten practicar y reforzar estos conceptos en un entorno seguro y enriquecedor, fomentando las habilidades sociales y la autoconfianza.   <\/p>\n","protected":false},"featured_media":9643,"comment_status":"closed","ping_status":"closed","template":"","meta":{"_acf_changed":false,"_monsterinsights_skip_tracking":false,"_monsterinsights_sitenote_active":false,"_monsterinsights_sitenote_note":"","_monsterinsights_sitenote_category":0},"product_brand":[],"product_cat":[783,835,900],"product_tag":[795,872],"class_list":{"0":"post-9638","1":"product","2":"type-product","3":"status-publish","4":"has-post-thumbnail","6":"product_cat-comprension-lectora","7":"product_cat-independencia-y-habilidades-para-la-vida","8":"product_cat-inteligencia-y-desarrollo-de-potencial","9":"product_tag-comprension-lectora-para-ninos-autistas","10":"product_tag-leer-para-ensenar-a-los-jovenes-autistas-a-seguir-sus-suenos","12":"first","13":"instock","14":"downloadable","15":"shipping-taxable","16":"purchasable","17":"product-type-simple"},"acf":[],"aioseo_notices":[],"jetpack_sharing_enabled":true,"_links":{"self":[{"href":"https:\/\/positiveautism.org\/es\/wp-json\/wp\/v2\/product\/9638","targetHints":{"allow":["GET"]}}],"collection":[{"href":"https:\/\/positiveautism.org\/es\/wp-json\/wp\/v2\/product"}],"about":[{"href":"https:\/\/positiveautism.org\/es\/wp-json\/wp\/v2\/types\/product"}],"replies":[{"embeddable":true,"href":"https:\/\/positiveautism.org\/es\/wp-json\/wp\/v2\/comments?post=9638"}],"wp:featuredmedia":[{"embeddable":true,"href":"https:\/\/positiveautism.org\/es\/wp-json\/wp\/v2\/media\/9643"}],"wp:attachment":[{"href":"https:\/\/positiveautism.org\/es\/wp-json\/wp\/v2\/media?parent=9638"}],"wp:term":[{"taxonomy":"product_brand","embeddable":true,"href":"https:\/\/positiveautism.org\/es\/wp-json\/wp\/v2\/product_brand?post=9638"},{"taxonomy":"product_cat","embeddable":true,"href":"https:\/\/positiveautism.org\/es\/wp-json\/wp\/v2\/product_cat?post=9638"},{"taxonomy":"product_tag","embeddable":true,"href":"https:\/\/positiveautism.org\/es\/wp-json\/wp\/v2\/product_tag?post=9638"}],"curies":[{"name":"wp","href":"https:\/\/api.w.org\/{rel}","templated":true}]}}