{"id":9623,"date":"2024-01-17T12:46:16","date_gmt":"2025-04-07T15:02:06","guid":{"rendered":"https:\/\/positiveautism.org\/product\/ten-una-conversacion-centrada-en-escuchar-a-los-demas-hojas-de-trabajo-para-ensenar-habilidades-de-conversacion-a-ninos-autistas\/"},"modified":"2025-04-07T11:05:09","modified_gmt":"2025-04-07T15:05:09","slug":"ten-una-conversacion-centrada-en-escuchar-a-los-demas-hojas-de-trabajo-para-ensenar-habilidades-de-conversacion-a-ninos-autistas","status":"publish","type":"product","link":"https:\/\/positiveautism.org\/es\/producto\/ten-una-conversacion-centrada-en-escuchar-a-los-demas-hojas-de-trabajo-para-ensenar-habilidades-de-conversacion-a-ninos-autistas\/","title":{"rendered":"Ten una conversaci\u00f3n centrada en escuchar a los dem\u00e1s. (Hojas de trabajo para ense\u00f1ar habilidades de conversaci\u00f3n a ni\u00f1os autistas)"},"content":{"rendered":"","protected":false},"excerpt":{"rendered":"<p>Este material est\u00e1 dise\u00f1ado para desarrollar habilidades conversacionales en ni\u00f1os y j\u00f3venes autistas. Se centra en la importancia de escuchar activamente y permitir que los dem\u00e1s gu\u00eden el tema de la conversaci\u00f3n. Esto ayuda a comprender y respetar los intereses de la otra persona, fomentando una comunicaci\u00f3n efectiva y respetuosa. Se destacan t\u00e9cnicas como hacer preguntas relevantes, compartir puntos de vista de forma equilibrada y moderada, y c\u00f3mo manejar los desacuerdos de forma saludable. El material incluye ejemplos pr\u00e1cticos y ejercicios para practicar estas habilidades, como recordar intereses previamente discutidos y realizar conversaciones centradas en estos intereses, siempre prestando atenci\u00f3n a las respuestas y emociones de los dem\u00e1s para guiar la conversaci\u00f3n de manera adecuada. Este enfoque no solo mejora las habilidades conversacionales, sino que tambi\u00e9n fomenta las relaciones interpersonales y la empat\u00eda.     <\/p>\n","protected":false},"featured_media":9624,"comment_status":"open","ping_status":"closed","template":"","meta":{"_acf_changed":false,"_monsterinsights_skip_tracking":false,"_monsterinsights_sitenote_active":false,"_monsterinsights_sitenote_note":"","_monsterinsights_sitenote_category":0},"product_brand":[],"product_cat":[838],"product_tag":[841,854],"class_list":{"0":"post-9623","1":"product","2":"type-product","3":"status-publish","4":"has-post-thumbnail","6":"product_cat-habilidades-de-conversacion","7":"product_tag-actividades-de-conversacion-para-ninos-autistas","8":"product_tag-hojas-de-trabajo-para-ensenar-habilidades-de-conversacion-a-ninos-autistas","10":"first","11":"instock","12":"downloadable","13":"shipping-taxable","14":"purchasable","15":"product-type-simple"},"acf":[],"aioseo_notices":[],"jetpack_sharing_enabled":true,"_links":{"self":[{"href":"https:\/\/positiveautism.org\/es\/wp-json\/wp\/v2\/product\/9623","targetHints":{"allow":["GET"]}}],"collection":[{"href":"https:\/\/positiveautism.org\/es\/wp-json\/wp\/v2\/product"}],"about":[{"href":"https:\/\/positiveautism.org\/es\/wp-json\/wp\/v2\/types\/product"}],"replies":[{"embeddable":true,"href":"https:\/\/positiveautism.org\/es\/wp-json\/wp\/v2\/comments?post=9623"}],"wp:featuredmedia":[{"embeddable":true,"href":"https:\/\/positiveautism.org\/es\/wp-json\/wp\/v2\/media\/9624"}],"wp:attachment":[{"href":"https:\/\/positiveautism.org\/es\/wp-json\/wp\/v2\/media?parent=9623"}],"wp:term":[{"taxonomy":"product_brand","embeddable":true,"href":"https:\/\/positiveautism.org\/es\/wp-json\/wp\/v2\/product_brand?post=9623"},{"taxonomy":"product_cat","embeddable":true,"href":"https:\/\/positiveautism.org\/es\/wp-json\/wp\/v2\/product_cat?post=9623"},{"taxonomy":"product_tag","embeddable":true,"href":"https:\/\/positiveautism.org\/es\/wp-json\/wp\/v2\/product_tag?post=9623"}],"curies":[{"name":"wp","href":"https:\/\/api.w.org\/{rel}","templated":true}]}}