{"id":9622,"date":"2024-01-11T11:48:45","date_gmt":"2025-04-07T15:02:06","guid":{"rendered":"https:\/\/positiveautism.org\/product\/mason-y-su-pasion-actividad-para-practicar-la-comprension-lectora-y-habilidades-para-la-vida-en-ninos-y-jovenes-autistas\/"},"modified":"2025-04-07T11:05:04","modified_gmt":"2025-04-07T15:05:04","slug":"mason-y-su-pasion-actividad-para-practicar-la-comprension-lectora-y-habilidades-para-la-vida-en-ninos-y-jovenes-autistas","status":"publish","type":"product","link":"https:\/\/positiveautism.org\/es\/producto\/mason-y-su-pasion-actividad-para-practicar-la-comprension-lectora-y-habilidades-para-la-vida-en-ninos-y-jovenes-autistas\/","title":{"rendered":"Mason y su pasi\u00f3n. (Actividad para practicar la comprensi\u00f3n lectora y habilidades para la vida en ni\u00f1os y j\u00f3venes autistas)"},"content":{"rendered":"","protected":false},"excerpt":{"rendered":"<p>En este material, los padres y educadores encontrar\u00e1n una valiosa herramienta para trabajar la comprensi\u00f3n lectora y ense\u00f1ar habilidades para la vida a trav\u00e9s de la historia de Mason, un joven apasionado por la tecnolog\u00eda. A lo largo de la lectura, los ni\u00f1os descubrir\u00e1n la importancia de seguir sus intereses, enfrentar los desaf\u00edos con perseverancia y convertir sus pasiones en carreras exitosas. Adem\u00e1s, el material incluye preguntas para fomentar la reflexi\u00f3n y la comprensi\u00f3n de textos, as\u00ed como juegos de rol dise\u00f1ados para practicar habilidades sociales y emocionales en contextos de la vida real. Estas actividades no solo reforzar\u00e1n el aprendizaje, sino que tambi\u00e9n promover\u00e1n la inclusi\u00f3n, el respeto por las diferencias y el desarrollo personal en general.   <\/p>\n","protected":false},"featured_media":9626,"comment_status":"closed","ping_status":"closed","template":"","meta":{"_acf_changed":false,"_monsterinsights_skip_tracking":false,"_monsterinsights_sitenote_active":false,"_monsterinsights_sitenote_note":"","_monsterinsights_sitenote_category":0},"product_brand":[],"product_cat":[783,835],"product_tag":[795,892,899],"class_list":{"0":"post-9622","1":"product","2":"type-product","3":"status-publish","4":"has-post-thumbnail","6":"product_cat-comprension-lectora","7":"product_cat-independencia-y-habilidades-para-la-vida","8":"product_tag-comprension-lectora-para-ninos-autistas","9":"product_tag-leer-para-ensenar-habilidades-para-la-vida","10":"product_tag-lectura-para-animar-a-los-jovenes-autistas-a-la-independencia","12":"first","13":"instock","14":"downloadable","15":"shipping-taxable","16":"purchasable","17":"product-type-simple"},"acf":[],"aioseo_notices":[],"jetpack_sharing_enabled":true,"_links":{"self":[{"href":"https:\/\/positiveautism.org\/es\/wp-json\/wp\/v2\/product\/9622","targetHints":{"allow":["GET"]}}],"collection":[{"href":"https:\/\/positiveautism.org\/es\/wp-json\/wp\/v2\/product"}],"about":[{"href":"https:\/\/positiveautism.org\/es\/wp-json\/wp\/v2\/types\/product"}],"replies":[{"embeddable":true,"href":"https:\/\/positiveautism.org\/es\/wp-json\/wp\/v2\/comments?post=9622"}],"wp:featuredmedia":[{"embeddable":true,"href":"https:\/\/positiveautism.org\/es\/wp-json\/wp\/v2\/media\/9626"}],"wp:attachment":[{"href":"https:\/\/positiveautism.org\/es\/wp-json\/wp\/v2\/media?parent=9622"}],"wp:term":[{"taxonomy":"product_brand","embeddable":true,"href":"https:\/\/positiveautism.org\/es\/wp-json\/wp\/v2\/product_brand?post=9622"},{"taxonomy":"product_cat","embeddable":true,"href":"https:\/\/positiveautism.org\/es\/wp-json\/wp\/v2\/product_cat?post=9622"},{"taxonomy":"product_tag","embeddable":true,"href":"https:\/\/positiveautism.org\/es\/wp-json\/wp\/v2\/product_tag?post=9622"}],"curies":[{"name":"wp","href":"https:\/\/api.w.org\/{rel}","templated":true}]}}