{"id":9605,"date":"2023-12-13T12:10:43","date_gmt":"2025-04-07T15:02:00","guid":{"rendered":"https:\/\/positiveautism.org\/product\/el-despertar-de-clara-actividad-para-practicar-la-comprension-lectora-el-descubrimiento-y-el-autoconocimiento-en-ninos-autistas\/"},"modified":"2025-04-07T11:04:58","modified_gmt":"2025-04-07T15:04:58","slug":"el-despertar-de-clara-actividad-para-practicar-la-comprension-lectora-el-descubrimiento-y-el-autoconocimiento-en-ninos-autistas","status":"publish","type":"product","link":"https:\/\/positiveautism.org\/es\/producto\/el-despertar-de-clara-actividad-para-practicar-la-comprension-lectora-el-descubrimiento-y-el-autoconocimiento-en-ninos-autistas\/","title":{"rendered":"El despertar de Clara. (Actividad para practicar la comprensi\u00f3n lectora, el descubrimiento y el autoconocimiento en ni\u00f1os autistas)."},"content":{"rendered":"","protected":false},"excerpt":{"rendered":"<div class=\"flex-shrink-0 flex flex-col relative items-end\">\n<div>\n<div class=\"pt-0.5 juice:pt-0\">\n<div class=\"gizmo-bot-avatar flex h-6 w-6 items-center justify-center overflow-hidden rounded-full juice:h-8 juice:w-8\">\n<div class=\"relative p-1 rounded-sm flex items-center justify-center bg-token-main-surface-primary text-token-text-primary h-8 w-8\">Este material est\u00e1 dise\u00f1ado para ayudar a los padres y educadores a trabajar en la comprensi\u00f3n lectora y apoyar a los ni\u00f1os autistas en la comprensi\u00f3n y aceptaci\u00f3n de sus experiencias y necesidades. A trav\u00e9s de la lectura de \u00abEl despertar de Clara\u00bb y la implementaci\u00f3n de actividades de juego de roles, proporciona un enfoque pr\u00e1ctico y emp\u00e1tico para que los ni\u00f1os reconozcan y comuniquen sus sentimientos y necesidades en diversas situaciones sociales. Estas actividades no solo promueven la autocomprensi\u00f3n y la aceptaci\u00f3n, sino que tambi\u00e9n educan a los compa\u00f1eros y a los adultos sobre c\u00f3mo brindar apoyo adecuado y respetuoso.  <\/div>\n<\/div>\n<\/div>\n<\/div>\n<\/div>\n<p>\u00abEl despertar de Clara\u00bb es m\u00e1s que una historia; Es una herramienta valiosa para educar y crear conciencia sobre el autismo, promoviendo la aceptaci\u00f3n de la diversidad y la autoconciencia en los ni\u00f1os autistas.<\/p>\n","protected":false},"featured_media":9608,"comment_status":"closed","ping_status":"closed","template":"","meta":{"_acf_changed":false,"_monsterinsights_skip_tracking":false,"_monsterinsights_sitenote_active":false,"_monsterinsights_sitenote_note":"","_monsterinsights_sitenote_category":0},"product_brand":[],"product_cat":[738,783,952],"product_tag":[798,953],"class_list":{"0":"post-9605","1":"product","2":"type-product","3":"status-publish","4":"has-post-thumbnail","6":"product_cat-conciencia","7":"product_cat-comprension-lectora","8":"product_cat-como-decirle-a-tus-hijos-que-son-autistas","9":"product_tag-comprension-lectora-para-ninos-con-autismo-es","10":"product_tag-como-saber-si-eres-autista","12":"first","13":"instock","14":"downloadable","15":"shipping-taxable","16":"purchasable","17":"product-type-simple"},"acf":[],"aioseo_notices":[],"jetpack_sharing_enabled":true,"_links":{"self":[{"href":"https:\/\/positiveautism.org\/es\/wp-json\/wp\/v2\/product\/9605","targetHints":{"allow":["GET"]}}],"collection":[{"href":"https:\/\/positiveautism.org\/es\/wp-json\/wp\/v2\/product"}],"about":[{"href":"https:\/\/positiveautism.org\/es\/wp-json\/wp\/v2\/types\/product"}],"replies":[{"embeddable":true,"href":"https:\/\/positiveautism.org\/es\/wp-json\/wp\/v2\/comments?post=9605"}],"wp:featuredmedia":[{"embeddable":true,"href":"https:\/\/positiveautism.org\/es\/wp-json\/wp\/v2\/media\/9608"}],"wp:attachment":[{"href":"https:\/\/positiveautism.org\/es\/wp-json\/wp\/v2\/media?parent=9605"}],"wp:term":[{"taxonomy":"product_brand","embeddable":true,"href":"https:\/\/positiveautism.org\/es\/wp-json\/wp\/v2\/product_brand?post=9605"},{"taxonomy":"product_cat","embeddable":true,"href":"https:\/\/positiveautism.org\/es\/wp-json\/wp\/v2\/product_cat?post=9605"},{"taxonomy":"product_tag","embeddable":true,"href":"https:\/\/positiveautism.org\/es\/wp-json\/wp\/v2\/product_tag?post=9605"}],"curies":[{"name":"wp","href":"https:\/\/api.w.org\/{rel}","templated":true}]}}