{"id":9601,"date":"2023-12-12T12:21:36","date_gmt":"2025-04-07T15:02:00","guid":{"rendered":"https:\/\/positiveautism.org\/product\/el-mundo-de-connor-entendiendo-el-autismo-actividad-para-practicar-la-comprension-lectora-y-educar-a-otros-ninos-sobre-el-autismo\/"},"modified":"2025-04-07T11:04:58","modified_gmt":"2025-04-07T15:04:58","slug":"el-mundo-de-connor-entendiendo-el-autismo-actividad-para-practicar-la-comprension-lectora-y-educar-a-otros-ninos-sobre-el-autismo","status":"publish","type":"product","link":"https:\/\/positiveautism.org\/es\/producto\/el-mundo-de-connor-entendiendo-el-autismo-actividad-para-practicar-la-comprension-lectora-y-educar-a-otros-ninos-sobre-el-autismo\/","title":{"rendered":"El mundo de Connor: Entendiendo el autismo. (Actividad para practicar la comprensi\u00f3n lectora y educar a otros ni\u00f1os sobre el autismo)"},"content":{"rendered":"","protected":false},"excerpt":{"rendered":"<p>\u00abEl Mundo de Connor: Entendiendo el Autismo\u00bb es un material educativo excepcional dise\u00f1ado para ense\u00f1ar a los ni\u00f1os sobre el autismo y mejorar sus habilidades de comprensi\u00f3n lectora. A trav\u00e9s de la historia de Connor, un ni\u00f1o autista, los lectores aprenden c\u00f3mo las rutinas diarias, las experiencias sensoriales, las interacciones sociales y las respuestas emocionales pueden ser diferentes para las personas autistas. Connor enfrenta varios desaf\u00edos, como adaptarse a un cambio en su desayuno, sentirse abrumado en su clase de arte y tener dificultades para interactuar con otros ni\u00f1os durante el recreo. Sin embargo, con el apoyo de su madre, su maestra, la Sra. L\u00f3pez, y sus compa\u00f1eros, especialmente Lucas, Connor aprende a navegar estas situaciones.   <\/p>\n<p>Esta historia no solo educa sobre el autismo, sino que tambi\u00e9n promueve la empat\u00eda y la comprensi\u00f3n entre los ni\u00f1os. Al presentar preguntas de comprensi\u00f3n de lectura al final de cada secci\u00f3n, se anima a los ni\u00f1os a reflexionar sobre las experiencias de Connor, mejorando su capacidad para comprender y apoyar a aquellos que pueden experimentar el mundo de manera diferente. Adem\u00e1s, las actividades interactivas, como completar conversaciones en dibujos relacionados con la historia y los juegos de rol, brindan una oportunidad para que los ni\u00f1os apliquen lo que han aprendido de una manera creativa y significativa. Este enfoque integral no solo mejora la comprensi\u00f3n lectora, sino que tambi\u00e9n fomenta la inclusi\u00f3n, la aceptaci\u00f3n y el respeto por las diferencias individuales.   <\/p>\n","protected":false},"featured_media":9602,"comment_status":"closed","ping_status":"closed","template":"","meta":{"_acf_changed":false,"_monsterinsights_skip_tracking":false,"_monsterinsights_sitenote_active":false,"_monsterinsights_sitenote_note":"","_monsterinsights_sitenote_category":0},"product_brand":[],"product_cat":[738,783],"product_tag":[851,860,950],"class_list":{"0":"post-9601","1":"product","2":"type-product","3":"status-publish","4":"has-post-thumbnail","6":"product_cat-conciencia","7":"product_cat-comprension-lectora","8":"product_tag-comprension-lectora-sobre-el-autismo","9":"product_tag-concientizacion-sobre-el-autismo","10":"product_tag-material-educativo-sobre-autismo-para-colegios","12":"first","13":"instock","14":"downloadable","15":"shipping-taxable","16":"purchasable","17":"product-type-simple"},"acf":[],"aioseo_notices":[],"jetpack_sharing_enabled":true,"_links":{"self":[{"href":"https:\/\/positiveautism.org\/es\/wp-json\/wp\/v2\/product\/9601","targetHints":{"allow":["GET"]}}],"collection":[{"href":"https:\/\/positiveautism.org\/es\/wp-json\/wp\/v2\/product"}],"about":[{"href":"https:\/\/positiveautism.org\/es\/wp-json\/wp\/v2\/types\/product"}],"replies":[{"embeddable":true,"href":"https:\/\/positiveautism.org\/es\/wp-json\/wp\/v2\/comments?post=9601"}],"wp:featuredmedia":[{"embeddable":true,"href":"https:\/\/positiveautism.org\/es\/wp-json\/wp\/v2\/media\/9602"}],"wp:attachment":[{"href":"https:\/\/positiveautism.org\/es\/wp-json\/wp\/v2\/media?parent=9601"}],"wp:term":[{"taxonomy":"product_brand","embeddable":true,"href":"https:\/\/positiveautism.org\/es\/wp-json\/wp\/v2\/product_brand?post=9601"},{"taxonomy":"product_cat","embeddable":true,"href":"https:\/\/positiveautism.org\/es\/wp-json\/wp\/v2\/product_cat?post=9601"},{"taxonomy":"product_tag","embeddable":true,"href":"https:\/\/positiveautism.org\/es\/wp-json\/wp\/v2\/product_tag?post=9601"}],"curies":[{"name":"wp","href":"https:\/\/api.w.org\/{rel}","templated":true}]}}