{"id":9595,"date":"2023-12-08T12:05:49","date_gmt":"2025-04-07T15:02:00","guid":{"rendered":"https:\/\/positiveautism.org\/product\/sorpresa-hojas-de-trabajo-de-actividades-para-ensenar-habilidades-sociales-y-emocionales-a-ninos-autistas\/"},"modified":"2025-04-07T11:04:57","modified_gmt":"2025-04-07T15:04:57","slug":"sorpresa-hojas-de-trabajo-de-actividades-para-ensenar-habilidades-sociales-y-emocionales-a-ninos-autistas","status":"publish","type":"product","link":"https:\/\/positiveautism.org\/es\/producto\/sorpresa-hojas-de-trabajo-de-actividades-para-ensenar-habilidades-sociales-y-emocionales-a-ninos-autistas\/","title":{"rendered":"Sorpresa. (Hojas de trabajo de actividades para ense\u00f1ar habilidades sociales y emocionales a ni\u00f1os autistas)"},"content":{"rendered":"","protected":false},"excerpt":{"rendered":"<p>Este material educativo, dise\u00f1ado espec\u00edficamente para ense\u00f1ar habilidades sociales y emocionales a ni\u00f1os autistas, se centra en la emoci\u00f3n de la sorpresa y en c\u00f3mo reconocerla en uno mismo y en los dem\u00e1s. A trav\u00e9s de explicaciones detalladas, ejemplos cotidianos y actividades interactivas, como identificar emociones en tarjetas ilustrativas, los ni\u00f1os aprender\u00e1n a identificar los signos visuales y conductuales de la sorpresa. Adem\u00e1s, se les ense\u00f1ar\u00e1 la importancia de comprender esta emoci\u00f3n para desarrollar la empat\u00eda y mejorar la comunicaci\u00f3n social. Este recurso tambi\u00e9n incluye una gu\u00eda para padres y educadores, que ofrece consejos sobre c\u00f3mo usar eficazmente el material para fomentar el aprendizaje emocional y social en ni\u00f1os autistas. Con un enfoque pr\u00e1ctico y emp\u00e1tico, este material es una herramienta valiosa para apoyar el desarrollo emocional y social de los ni\u00f1os autistas.    <\/p>\n","protected":false},"featured_media":9597,"comment_status":"open","ping_status":"closed","template":"","meta":{"_acf_changed":false,"_monsterinsights_skip_tracking":false,"_monsterinsights_sitenote_active":false,"_monsterinsights_sitenote_note":"","_monsterinsights_sitenote_category":0},"product_brand":[],"product_cat":[787],"product_tag":[830,947,948],"class_list":{"0":"post-9595","1":"product","2":"type-product","3":"status-publish","4":"has-post-thumbnail","6":"product_cat-habilidades-sociales-y-emocionales","7":"product_tag-habilidades-sociales-y-emocionales-para-personas-autistas","8":"product_tag-como-reconocer-cuando-alguien-esta-sorprendido","9":"product_tag-sorprendido","11":"first","12":"instock","13":"downloadable","14":"shipping-taxable","15":"purchasable","16":"product-type-simple"},"acf":[],"aioseo_notices":[],"jetpack_sharing_enabled":true,"_links":{"self":[{"href":"https:\/\/positiveautism.org\/es\/wp-json\/wp\/v2\/product\/9595","targetHints":{"allow":["GET"]}}],"collection":[{"href":"https:\/\/positiveautism.org\/es\/wp-json\/wp\/v2\/product"}],"about":[{"href":"https:\/\/positiveautism.org\/es\/wp-json\/wp\/v2\/types\/product"}],"replies":[{"embeddable":true,"href":"https:\/\/positiveautism.org\/es\/wp-json\/wp\/v2\/comments?post=9595"}],"wp:featuredmedia":[{"embeddable":true,"href":"https:\/\/positiveautism.org\/es\/wp-json\/wp\/v2\/media\/9597"}],"wp:attachment":[{"href":"https:\/\/positiveautism.org\/es\/wp-json\/wp\/v2\/media?parent=9595"}],"wp:term":[{"taxonomy":"product_brand","embeddable":true,"href":"https:\/\/positiveautism.org\/es\/wp-json\/wp\/v2\/product_brand?post=9595"},{"taxonomy":"product_cat","embeddable":true,"href":"https:\/\/positiveautism.org\/es\/wp-json\/wp\/v2\/product_cat?post=9595"},{"taxonomy":"product_tag","embeddable":true,"href":"https:\/\/positiveautism.org\/es\/wp-json\/wp\/v2\/product_tag?post=9595"}],"curies":[{"name":"wp","href":"https:\/\/api.w.org\/{rel}","templated":true}]}}