{"id":9589,"date":"2023-12-19T20:30:03","date_gmt":"2025-04-07T15:01:59","guid":{"rendered":"https:\/\/positiveautism.org\/product\/hablar-de-intereses-comunes-con-otra-persona-hojas-de-trabajo-para-ensenar-habilidades-de-conversacion-a-ninos-autistas\/"},"modified":"2025-04-07T11:05:04","modified_gmt":"2025-04-07T15:05:04","slug":"hablar-de-intereses-comunes-con-otra-persona-hojas-de-trabajo-para-ensenar-habilidades-de-conversacion-a-ninos-autistas","status":"publish","type":"product","link":"https:\/\/positiveautism.org\/es\/producto\/hablar-de-intereses-comunes-con-otra-persona-hojas-de-trabajo-para-ensenar-habilidades-de-conversacion-a-ninos-autistas\/","title":{"rendered":"Hablar de intereses comunes con otra persona. (Hojas de trabajo para ense\u00f1ar habilidades de conversaci\u00f3n a ni\u00f1os autistas)"},"content":{"rendered":"","protected":false},"excerpt":{"rendered":"<p>Este material est\u00e1 dise\u00f1ado para desarrollar habilidades de conversaci\u00f3n en ni\u00f1os autistas, centr\u00e1ndose en la importancia de hablar sobre intereses comunes. Usando la met\u00e1fora de una caja de colores favoritos, ense\u00f1a a los ni\u00f1os c\u00f3mo descubrir y compartir sus gustos y pasatiempos, como juegos, libros, m\u00fasica o deportes, con otros. El objetivo es mostrarles c\u00f3mo encontrar puntos de conexi\u00f3n con los dem\u00e1s y fomentar conversaciones m\u00e1s interesantes y divertidas. Adem\u00e1s, se proporcionan ejemplos pr\u00e1cticos y preguntas que pueden utilizar para explorar los intereses de los dem\u00e1s, anim\u00e1ndoles a escuchar activamente y a participar en di\u00e1logos significativos. Este enfoque busca no solo mejorar sus habilidades de comunicaci\u00f3n, sino tambi\u00e9n fortalecer su capacidad para formar amistades y sentirse m\u00e1s conectados con quienes los rodean.    <\/p>\n","protected":false},"featured_media":9590,"comment_status":"open","ping_status":"closed","template":"","meta":{"_acf_changed":false,"_monsterinsights_skip_tracking":false,"_monsterinsights_sitenote_active":false,"_monsterinsights_sitenote_note":"","_monsterinsights_sitenote_category":0},"product_brand":[],"product_cat":[787,838],"product_tag":[843,854],"class_list":{"0":"post-9589","1":"product","2":"type-product","3":"status-publish","4":"has-post-thumbnail","6":"product_cat-habilidades-sociales-y-emocionales","7":"product_cat-habilidades-de-conversacion","8":"product_tag-como-ensenar-habilidades-de-conversacion-a-personas-con-autismo","9":"product_tag-hojas-de-trabajo-para-ensenar-habilidades-de-conversacion-a-ninos-autistas","11":"first","12":"instock","13":"downloadable","14":"shipping-taxable","15":"purchasable","16":"product-type-simple"},"acf":[],"aioseo_notices":[],"jetpack_sharing_enabled":true,"_links":{"self":[{"href":"https:\/\/positiveautism.org\/es\/wp-json\/wp\/v2\/product\/9589","targetHints":{"allow":["GET"]}}],"collection":[{"href":"https:\/\/positiveautism.org\/es\/wp-json\/wp\/v2\/product"}],"about":[{"href":"https:\/\/positiveautism.org\/es\/wp-json\/wp\/v2\/types\/product"}],"replies":[{"embeddable":true,"href":"https:\/\/positiveautism.org\/es\/wp-json\/wp\/v2\/comments?post=9589"}],"wp:featuredmedia":[{"embeddable":true,"href":"https:\/\/positiveautism.org\/es\/wp-json\/wp\/v2\/media\/9590"}],"wp:attachment":[{"href":"https:\/\/positiveautism.org\/es\/wp-json\/wp\/v2\/media?parent=9589"}],"wp:term":[{"taxonomy":"product_brand","embeddable":true,"href":"https:\/\/positiveautism.org\/es\/wp-json\/wp\/v2\/product_brand?post=9589"},{"taxonomy":"product_cat","embeddable":true,"href":"https:\/\/positiveautism.org\/es\/wp-json\/wp\/v2\/product_cat?post=9589"},{"taxonomy":"product_tag","embeddable":true,"href":"https:\/\/positiveautism.org\/es\/wp-json\/wp\/v2\/product_tag?post=9589"}],"curies":[{"name":"wp","href":"https:\/\/api.w.org\/{rel}","templated":true}]}}