{"id":9586,"date":"2024-04-03T12:35:23","date_gmt":"2025-04-07T14:58:11","guid":{"rendered":"https:\/\/positiveautism.org\/product\/el-viaje-de-john-en-la-clase-del-tesoro-escondido-actividad-para-practicar-la-comprension-lectora-la-aceptacion-y-las-habilidades-para-la-vida-en-ninos-y-jovenes-autistas\/"},"modified":"2025-04-07T10:58:11","modified_gmt":"2025-04-07T14:58:11","slug":"el-viaje-de-john-en-la-clase-del-tesoro-escondido-actividad-para-practicar-la-comprension-lectora-la-aceptacion-y-las-habilidades-para-la-vida-en-ninos-y-jovenes-autistas","status":"publish","type":"product","link":"https:\/\/positiveautism.org\/es\/producto\/el-viaje-de-john-en-la-clase-del-tesoro-escondido-actividad-para-practicar-la-comprension-lectora-la-aceptacion-y-las-habilidades-para-la-vida-en-ninos-y-jovenes-autistas\/","title":{"rendered":"El viaje de John en la clase del tesoro escondido (Actividad para practicar la comprensi\u00f3n lectora, la aceptaci\u00f3n y las habilidades para la vida en ni\u00f1os y j\u00f3venes autistas)"},"content":{"rendered":"","protected":false},"excerpt":{"rendered":"<p>Este material, centrado en la historia \u00abEl viaje de John en la clase del tesoro escondido\u00bb, proporciona una rica fuente de aprendizaje y reflexi\u00f3n para ni\u00f1os y j\u00f3venes autistas. A trav\u00e9s de la narraci\u00f3n de John, un ni\u00f1o con una mente brillante pero a veces abrumado por el mundo que lo rodea, los lectores pueden identificar y encontrar consuelo al saber que no est\u00e1n solos en sus experiencias. La inclusi\u00f3n en la Clase del Tesoro Escondido, un lugar adaptado a las necesidades especiales de sus estudiantes, refleja la importancia de un entorno educativo compasivo y personalizado que valora y celebra las diferencias individuales.  <\/p>\n<p>Los ejercicios propuestos, incluidos los juegos de rol, son herramientas pr\u00e1cticas para aplicar las lecciones del cuento a situaciones de la vida real. Al participar en actividades como la Exploraci\u00f3n de Talentos \u00danicos, la Simulaci\u00f3n de Clase del Tesoro Escondido, la Gesti\u00f3n de Cambios Inesperados y La Aventura Escolar Inclusiva, los ni\u00f1os pueden desarrollar habilidades esenciales para la vida, como la autoaceptaci\u00f3n, la comprensi\u00f3n de la diversidad, la resiliencia a los cambios y la empat\u00eda hacia los dem\u00e1s. Estas actividades fomentan la autoexpresi\u00f3n, el reconocimiento de sus propios \u00abtesoros escondidos\u00bb y la comprensi\u00f3n de que todos tienen un lugar especial donde pueden brillar. Este enfoque no solo mejora la comprensi\u00f3n lectora, sino que tambi\u00e9n ense\u00f1a lecciones valiosas sobre la aceptaci\u00f3n y las habilidades para la vida, preparando a los ni\u00f1os para navegar por el mundo con confianza y compasi\u00f3n.   <\/p>\n","protected":false},"featured_media":9587,"comment_status":"open","ping_status":"closed","template":"","meta":{"_acf_changed":false,"_monsterinsights_skip_tracking":false,"_monsterinsights_sitenote_active":false,"_monsterinsights_sitenote_note":"","_monsterinsights_sitenote_category":0},"product_brand":[],"product_cat":[783,787],"product_tag":[795,798,946],"class_list":{"0":"post-9586","1":"product","2":"type-product","3":"status-publish","4":"has-post-thumbnail","6":"product_cat-comprension-lectora","7":"product_cat-habilidades-sociales-y-emocionales","8":"product_tag-comprension-lectora-para-ninos-autistas","9":"product_tag-comprension-lectora-para-ninos-con-autismo-es","10":"product_tag-leer-para-ensenar-a-los-ninos-y-jovenes-autistas-el-motivo-de-las-clases-de-educacion-especial","12":"first","13":"instock","14":"downloadable","15":"shipping-taxable","16":"purchasable","17":"product-type-simple"},"acf":[],"aioseo_notices":[],"jetpack_sharing_enabled":true,"_links":{"self":[{"href":"https:\/\/positiveautism.org\/es\/wp-json\/wp\/v2\/product\/9586","targetHints":{"allow":["GET"]}}],"collection":[{"href":"https:\/\/positiveautism.org\/es\/wp-json\/wp\/v2\/product"}],"about":[{"href":"https:\/\/positiveautism.org\/es\/wp-json\/wp\/v2\/types\/product"}],"replies":[{"embeddable":true,"href":"https:\/\/positiveautism.org\/es\/wp-json\/wp\/v2\/comments?post=9586"}],"wp:featuredmedia":[{"embeddable":true,"href":"https:\/\/positiveautism.org\/es\/wp-json\/wp\/v2\/media\/9587"}],"wp:attachment":[{"href":"https:\/\/positiveautism.org\/es\/wp-json\/wp\/v2\/media?parent=9586"}],"wp:term":[{"taxonomy":"product_brand","embeddable":true,"href":"https:\/\/positiveautism.org\/es\/wp-json\/wp\/v2\/product_brand?post=9586"},{"taxonomy":"product_cat","embeddable":true,"href":"https:\/\/positiveautism.org\/es\/wp-json\/wp\/v2\/product_cat?post=9586"},{"taxonomy":"product_tag","embeddable":true,"href":"https:\/\/positiveautism.org\/es\/wp-json\/wp\/v2\/product_tag?post=9586"}],"curies":[{"name":"wp","href":"https:\/\/api.w.org\/{rel}","templated":true}]}}