{"id":9582,"date":"2024-03-25T12:17:58","date_gmt":"2025-04-07T14:58:11","guid":{"rendered":"https:\/\/positiveautism.org\/product\/el-poder-de-pedir-disculpas-actividad-para-practicar-la-comprension-lectora-y-las-habilidades-sociales-para-ninos-autistas\/"},"modified":"2025-04-07T10:58:11","modified_gmt":"2025-04-07T14:58:11","slug":"el-poder-de-pedir-disculpas-actividad-para-practicar-la-comprension-lectora-y-las-habilidades-sociales-para-ninos-autistas","status":"publish","type":"product","link":"https:\/\/positiveautism.org\/es\/producto\/el-poder-de-pedir-disculpas-actividad-para-practicar-la-comprension-lectora-y-las-habilidades-sociales-para-ninos-autistas\/","title":{"rendered":"El poder de pedir disculpas. (Actividad para practicar la comprensi\u00f3n lectora y las habilidades sociales para ni\u00f1os autistas)"},"content":{"rendered":"","protected":false},"excerpt":{"rendered":"<p>Este material, que incluye la historia de James y los juegos de rol, est\u00e1 dise\u00f1ado para mejorar la comprensi\u00f3n lectora y las habilidades sociales entre los ni\u00f1os autistas. La historia de James, quien aprende el poder de disculparse despu\u00e9s de herir accidentalmente los sentimientos de su amigo Mateo, sirve como una narraci\u00f3n educativa y con la que se puede identificar. Ilustra la importancia de reconocer el impacto de nuestras acciones en los dem\u00e1s, la importancia de las disculpas sinceras y el papel de la empat\u00eda y la comunicaci\u00f3n en la reparaci\u00f3n y el fortalecimiento de las relaciones.  <\/p>\n<p>Siguiendo la historia, los juegos de rol proporcionan ejercicios pr\u00e1cticos para que los ni\u00f1os apliquen estas lecciones en escenarios interactivos y atractivos. Estas actividades no solo refuerzan los mensajes de la historia, sino que tambi\u00e9n ofrecen un entorno seguro y estructurado para practicar la empat\u00eda, la comprensi\u00f3n de las emociones, la comunicaci\u00f3n efectiva y la resoluci\u00f3n de conflictos. A trav\u00e9s de escenarios como \u00abEl juego del parque\u00bb, \u00abLa hora del cuento interrumpida\u00bb y \u00abEl dilema del juguete compartido\u00bb, se gu\u00eda a los ni\u00f1os para que naveguen por las interacciones sociales, expresen sus sentimientos con respeto y desarrollen habilidades para resolver problemas.  <\/p>\n<p>Este enfoque no solo ayuda a los ni\u00f1os autistas a comprender las se\u00f1ales sociales complejas y los matices de las relaciones interpersonales, sino que tambi\u00e9n los empodera para participar con m\u00e1s confianza en situaciones sociales. Al vincular los aspectos cognitivos de la comprensi\u00f3n lectora con el aprendizaje emocional y social a trav\u00e9s del juego de roles, este material tiene como objetivo apoyar el desarrollo hol\u00edstico, lo que lo convierte en un recurso valioso para padres y educadores que buscan enriquecer el bienestar social y emocional de los ni\u00f1os autistas. <\/p>\n","protected":false},"featured_media":9583,"comment_status":"open","ping_status":"closed","template":"","meta":{"_acf_changed":false,"_monsterinsights_skip_tracking":false,"_monsterinsights_sitenote_active":false,"_monsterinsights_sitenote_note":"","_monsterinsights_sitenote_category":0},"product_brand":[],"product_cat":[783,787],"product_tag":[795,798,830,867],"class_list":{"0":"post-9582","1":"product","2":"type-product","3":"status-publish","4":"has-post-thumbnail","6":"product_cat-comprension-lectora","7":"product_cat-habilidades-sociales-y-emocionales","8":"product_tag-comprension-lectora-para-ninos-autistas","9":"product_tag-comprension-lectora-para-ninos-con-autismo-es","10":"product_tag-habilidades-sociales-y-emocionales-para-personas-autistas","11":"product_tag-de-la-lectura-a-las-habilidades-sociales-tecnologicas","13":"first","14":"instock","15":"downloadable","16":"shipping-taxable","17":"purchasable","18":"product-type-simple"},"acf":[],"aioseo_notices":[],"jetpack_sharing_enabled":true,"_links":{"self":[{"href":"https:\/\/positiveautism.org\/es\/wp-json\/wp\/v2\/product\/9582","targetHints":{"allow":["GET"]}}],"collection":[{"href":"https:\/\/positiveautism.org\/es\/wp-json\/wp\/v2\/product"}],"about":[{"href":"https:\/\/positiveautism.org\/es\/wp-json\/wp\/v2\/types\/product"}],"replies":[{"embeddable":true,"href":"https:\/\/positiveautism.org\/es\/wp-json\/wp\/v2\/comments?post=9582"}],"wp:featuredmedia":[{"embeddable":true,"href":"https:\/\/positiveautism.org\/es\/wp-json\/wp\/v2\/media\/9583"}],"wp:attachment":[{"href":"https:\/\/positiveautism.org\/es\/wp-json\/wp\/v2\/media?parent=9582"}],"wp:term":[{"taxonomy":"product_brand","embeddable":true,"href":"https:\/\/positiveautism.org\/es\/wp-json\/wp\/v2\/product_brand?post=9582"},{"taxonomy":"product_cat","embeddable":true,"href":"https:\/\/positiveautism.org\/es\/wp-json\/wp\/v2\/product_cat?post=9582"},{"taxonomy":"product_tag","embeddable":true,"href":"https:\/\/positiveautism.org\/es\/wp-json\/wp\/v2\/product_tag?post=9582"}],"curies":[{"name":"wp","href":"https:\/\/api.w.org\/{rel}","templated":true}]}}