{"id":9579,"date":"2024-03-25T11:21:28","date_gmt":"2025-04-07T14:58:10","guid":{"rendered":"https:\/\/positiveautism.org\/product\/valeria-navegando-por-los-mares-de-la-adolescencia-actividad-para-practicar-la-comprension-lectora-el-descubrimiento-y-el-autoconocimiento-en-ninos-autistas\/"},"modified":"2025-04-07T10:58:10","modified_gmt":"2025-04-07T14:58:10","slug":"valeria-navegando-por-los-mares-de-la-adolescencia-actividad-para-practicar-la-comprension-lectora-el-descubrimiento-y-el-autoconocimiento-en-ninos-autistas","status":"publish","type":"product","link":"https:\/\/positiveautism.org\/es\/producto\/valeria-navegando-por-los-mares-de-la-adolescencia-actividad-para-practicar-la-comprension-lectora-el-descubrimiento-y-el-autoconocimiento-en-ninos-autistas\/","title":{"rendered":"Valeria: Navegando por los mares de la adolescencia. (Actividad para practicar la comprensi\u00f3n lectora, el descubrimiento y el autoconocimiento en ni\u00f1os autistas)."},"content":{"rendered":"","protected":false},"excerpt":{"rendered":"<p>La historia de Valeria, una ni\u00f1a que experimenta los cambios f\u00edsicos y emocionales t\u00edpicos de esta etapa de la vida, pretende proporcionar un espejo en el que los lectores puedan verse y aprender.<\/p>\n<p>La narraci\u00f3n cuidadosamente construida aborda temas como el desarrollo corporal, la menstruaci\u00f3n, las fluctuaciones emocionales y los cambios en la din\u00e1mica social, ofreciendo ejemplos claros y reconfortantes de c\u00f3mo manejar estos cambios. La inclusi\u00f3n de preguntas reflexivas al final del cuento estimula la comprensi\u00f3n lectora y promueve la introspecci\u00f3n, animando a las ni\u00f1as a explorar sus propios sentimientos y experiencias. <\/p>\n<p>Adem\u00e1s, el material incluye actividades interactivas como completar di\u00e1logos en dibujos y juegos de rol, dise\u00f1adas para fortalecer habilidades para la vida como la comunicaci\u00f3n emocional, la escucha activa y el manejo de la incertidumbre. Estas actividades no solo ayudan a solidificar el aprendizaje obtenido de la historia de Valeria, sino que tambi\u00e9n fomentan las habilidades sociales esenciales en un formato educativo y entretenido. <\/p>\n<p>Para los padres y educadores, este material ofrece una herramienta valiosa para facilitar discusiones abiertas y emp\u00e1ticas sobre la pubertad y la adolescencia, adaptadas a las necesidades espec\u00edficas de las ni\u00f1as y mujeres j\u00f3venes con autismo. Al proporcionar un entorno seguro donde pueden expresarse y aprender, este recurso contribuye significativamente al desarrollo de la autoestima, la aceptaci\u00f3n personal y el apoyo mutuo durante una etapa crucial de la vida. <\/p>\n","protected":false},"featured_media":9580,"comment_status":"open","ping_status":"closed","template":"","meta":{"_acf_changed":false,"_monsterinsights_skip_tracking":false,"_monsterinsights_sitenote_active":false,"_monsterinsights_sitenote_note":"","_monsterinsights_sitenote_category":0},"product_brand":[],"product_cat":[783,944],"product_tag":[795,798,830,945],"class_list":{"0":"post-9579","1":"product","2":"type-product","3":"status-publish","4":"has-post-thumbnail","6":"product_cat-comprension-lectora","7":"product_cat-transicion-a-la-adolescencia","8":"product_tag-comprension-lectora-para-ninos-autistas","9":"product_tag-comprension-lectora-para-ninos-con-autismo-es","10":"product_tag-habilidades-sociales-y-emocionales-para-personas-autistas","11":"product_tag-ensene-sobre-la-pubertad-en-las-ninas","13":"first","14":"instock","15":"downloadable","16":"shipping-taxable","17":"purchasable","18":"product-type-simple"},"acf":[],"aioseo_notices":[],"jetpack_sharing_enabled":true,"_links":{"self":[{"href":"https:\/\/positiveautism.org\/es\/wp-json\/wp\/v2\/product\/9579","targetHints":{"allow":["GET"]}}],"collection":[{"href":"https:\/\/positiveautism.org\/es\/wp-json\/wp\/v2\/product"}],"about":[{"href":"https:\/\/positiveautism.org\/es\/wp-json\/wp\/v2\/types\/product"}],"replies":[{"embeddable":true,"href":"https:\/\/positiveautism.org\/es\/wp-json\/wp\/v2\/comments?post=9579"}],"wp:featuredmedia":[{"embeddable":true,"href":"https:\/\/positiveautism.org\/es\/wp-json\/wp\/v2\/media\/9580"}],"wp:attachment":[{"href":"https:\/\/positiveautism.org\/es\/wp-json\/wp\/v2\/media?parent=9579"}],"wp:term":[{"taxonomy":"product_brand","embeddable":true,"href":"https:\/\/positiveautism.org\/es\/wp-json\/wp\/v2\/product_brand?post=9579"},{"taxonomy":"product_cat","embeddable":true,"href":"https:\/\/positiveautism.org\/es\/wp-json\/wp\/v2\/product_cat?post=9579"},{"taxonomy":"product_tag","embeddable":true,"href":"https:\/\/positiveautism.org\/es\/wp-json\/wp\/v2\/product_tag?post=9579"}],"curies":[{"name":"wp","href":"https:\/\/api.w.org\/{rel}","templated":true}]}}