{"id":9575,"date":"2024-03-20T14:42:48","date_gmt":"2025-04-07T14:58:10","guid":{"rendered":"https:\/\/positiveautism.org\/product\/el-valor-de-confiar-en-mama-y-papa-actividad-para-practicar-la-comprension-lectora-habilidades-sociales-y-emocionales-para-ninos-y-jovenes-autistas\/"},"modified":"2025-04-07T10:58:10","modified_gmt":"2025-04-07T14:58:10","slug":"el-valor-de-confiar-en-mama-y-papa-actividad-para-practicar-la-comprension-lectora-habilidades-sociales-y-emocionales-para-ninos-y-jovenes-autistas","status":"publish","type":"product","link":"https:\/\/positiveautism.org\/es\/producto\/el-valor-de-confiar-en-mama-y-papa-actividad-para-practicar-la-comprension-lectora-habilidades-sociales-y-emocionales-para-ninos-y-jovenes-autistas\/","title":{"rendered":"El valor de confiar en mam\u00e1 y pap\u00e1. (Actividad para practicar la comprensi\u00f3n lectora, habilidades sociales y emocionales para ni\u00f1os y j\u00f3venes autistas)"},"content":{"rendered":"","protected":false},"excerpt":{"rendered":"<p>Este material est\u00e1 dise\u00f1ado para ayudar a los ni\u00f1os, incluidos aquellos con autismo, a mejorar su comprensi\u00f3n lectora y comprender la importancia de confiar en sus padres. A trav\u00e9s de la historia de Lucas, un ni\u00f1o que se siente triste y asustado cuando se queda con un cuidador que no es amable con \u00e9l, se ense\u00f1a el valor de hablar con los padres sobre sus problemas. Lucas aprende que puede confiar en sus padres y que hablar con ellos sobre sus preocupaciones es el primer paso para resolver cualquier situaci\u00f3n dif\u00edcil.  <\/p>\n<p>El cuento tambi\u00e9n introduce preguntas con respuestas de opci\u00f3n m\u00faltiple, lo que facilita que los ni\u00f1os reflexionen sobre lo que han le\u00eddo y lo apliquen a sus propias vidas. Se promueve la empat\u00eda, la comprensi\u00f3n y la comunicaci\u00f3n efectiva. <\/p>\n<p>Adem\u00e1s, el material incluye actividades interactivas, como la realizaci\u00f3n de conversaciones y juegos de rol, que permiten a los ni\u00f1os practicar las lecciones aprendidas en un entorno seguro y comprensivo. Estas actividades est\u00e1n dise\u00f1adas para reforzar la idea de que los padres son una fuente de amor, apoyo y orientaci\u00f3n, alentando a los ni\u00f1os a expresar sus preocupaciones y buscar ayuda cuando enfrentan dilemas morales o personales. <\/p>\n<p>Este enfoque interactivo no solo mejora la comprensi\u00f3n lectora, sino que tambi\u00e9n ense\u00f1a habilidades sociales y emocionales cruciales, lo que ayuda a los ni\u00f1os a sentirse m\u00e1s seguros al compartir sus sentimientos y problemas con sus padres.<\/p>\n","protected":false},"featured_media":9576,"comment_status":"open","ping_status":"closed","template":"","meta":{"_acf_changed":false,"_monsterinsights_skip_tracking":false,"_monsterinsights_sitenote_active":false,"_monsterinsights_sitenote_note":"","_monsterinsights_sitenote_category":0},"product_brand":[],"product_cat":[783,787],"product_tag":[795,798,818,943],"class_list":{"0":"post-9575","1":"product","2":"type-product","3":"status-publish","4":"has-post-thumbnail","6":"product_cat-comprension-lectora","7":"product_cat-habilidades-sociales-y-emocionales","8":"product_tag-comprension-lectora-para-ninos-autistas","9":"product_tag-comprension-lectora-para-ninos-con-autismo-es","10":"product_tag-leer-para-ensenar-habilidades-emocionales","11":"product_tag-leer-para-ensenar-a-confiar-en-mama-y-papa","13":"first","14":"instock","15":"downloadable","16":"shipping-taxable","17":"purchasable","18":"product-type-simple"},"acf":[],"aioseo_notices":[],"jetpack_sharing_enabled":true,"_links":{"self":[{"href":"https:\/\/positiveautism.org\/es\/wp-json\/wp\/v2\/product\/9575","targetHints":{"allow":["GET"]}}],"collection":[{"href":"https:\/\/positiveautism.org\/es\/wp-json\/wp\/v2\/product"}],"about":[{"href":"https:\/\/positiveautism.org\/es\/wp-json\/wp\/v2\/types\/product"}],"replies":[{"embeddable":true,"href":"https:\/\/positiveautism.org\/es\/wp-json\/wp\/v2\/comments?post=9575"}],"wp:featuredmedia":[{"embeddable":true,"href":"https:\/\/positiveautism.org\/es\/wp-json\/wp\/v2\/media\/9576"}],"wp:attachment":[{"href":"https:\/\/positiveautism.org\/es\/wp-json\/wp\/v2\/media?parent=9575"}],"wp:term":[{"taxonomy":"product_brand","embeddable":true,"href":"https:\/\/positiveautism.org\/es\/wp-json\/wp\/v2\/product_brand?post=9575"},{"taxonomy":"product_cat","embeddable":true,"href":"https:\/\/positiveautism.org\/es\/wp-json\/wp\/v2\/product_cat?post=9575"},{"taxonomy":"product_tag","embeddable":true,"href":"https:\/\/positiveautism.org\/es\/wp-json\/wp\/v2\/product_tag?post=9575"}],"curies":[{"name":"wp","href":"https:\/\/api.w.org\/{rel}","templated":true}]}}