{"id":9572,"date":"2024-03-20T11:14:08","date_gmt":"2025-04-07T14:58:09","guid":{"rendered":"https:\/\/positiveautism.org\/product\/el-cielo-no-es-el-limite-actividad-para-practicar-la-comprension-lectora-y-las-habilidades-para-la-vida-en-ninos-y-jovenes-autistas\/"},"modified":"2025-04-07T10:58:09","modified_gmt":"2025-04-07T14:58:09","slug":"el-cielo-no-es-el-limite-actividad-para-practicar-la-comprension-lectora-y-las-habilidades-para-la-vida-en-ninos-y-jovenes-autistas","status":"publish","type":"product","link":"https:\/\/positiveautism.org\/es\/producto\/el-cielo-no-es-el-limite-actividad-para-practicar-la-comprension-lectora-y-las-habilidades-para-la-vida-en-ninos-y-jovenes-autistas\/","title":{"rendered":"El cielo no es el l\u00edmite. (Actividad para practicar la comprensi\u00f3n lectora y las habilidades para la vida en ni\u00f1os y j\u00f3venes autistas)"},"content":{"rendered":"","protected":false},"excerpt":{"rendered":"<p>La historia de Leonardo es una inspiraci\u00f3n para todos, especialmente para los ni\u00f1os y j\u00f3venes autistas, al mostrar c\u00f3mo los sue\u00f1os m\u00e1s grandes se pueden lograr con pasi\u00f3n, esfuerzo y determinaci\u00f3n. Leonardo era un ni\u00f1o que so\u00f1aba con la luna y no dejaba que nada lo detuviera. Estudi\u00f3 duro, trabaj\u00f3 diligentemente y finalmente se convirti\u00f3 en astronauta, cumpliendo su sue\u00f1o de caminar sobre la luna.  <\/p>\n<p>Esta historia ense\u00f1a sobre la importancia de seguir nuestros sue\u00f1os, aprender constantemente y no tener miedo de enfrentar desaf\u00edos. Leonardo tuvo que superar muchos obst\u00e1culos, pero nunca perdi\u00f3 de vista su objetivo. Al leer sobre su viaje, los ni\u00f1os y j\u00f3venes pueden aprender que todos enfrentamos dificultades, pero con perseverancia, podemos superarlas.  <\/p>\n<p>Las preguntas incluidas al final del cuento son una excelente manera de reflexionar sobre lo le\u00eddo y conectarlo con nuestras propias vidas. Nos hacen pensar en nuestros propios sue\u00f1os y en c\u00f3mo podemos trabajar para alcanzarlos, record\u00e1ndonos que, al igual que para Leonardo, el cielo no es un l\u00edmite para nosotros. <\/p>\n<p>Los ejercicios pr\u00e1cticos, como la Feria de Ciencias Espaciales, el Taller de Inventores y el Viaje por el Sistema Solar, son formas divertidas y creativas de aplicar lo aprendido. Ayudan a los ni\u00f1os y j\u00f3venes a pensar en soluciones a problemas, a trabajar en equipo y a comunicar sus ideas, que son habilidades importantes para la vida. <\/p>\n<p>En resumen, esta historia y las actividades sugeridas ofrecen una forma motivadora y educativa de ense\u00f1ar a los ni\u00f1os y j\u00f3venes autistas sobre la ciencia, la importancia de la perseverancia y c\u00f3mo seguir sus pasiones puede llevarlos a lograr grandes cosas.<\/p>\n","protected":false},"featured_media":9573,"comment_status":"open","ping_status":"closed","template":"","meta":{"_acf_changed":false,"_monsterinsights_skip_tracking":false,"_monsterinsights_sitenote_active":false,"_monsterinsights_sitenote_note":"","_monsterinsights_sitenote_category":0},"product_brand":[],"product_cat":[783,835],"product_tag":[795,798,892,936],"class_list":{"0":"post-9572","1":"product","2":"type-product","3":"status-publish","4":"has-post-thumbnail","6":"product_cat-comprension-lectora","7":"product_cat-independencia-y-habilidades-para-la-vida","8":"product_tag-comprension-lectora-para-ninos-autistas","9":"product_tag-comprension-lectora-para-ninos-con-autismo-es","10":"product_tag-leer-para-ensenar-habilidades-para-la-vida","11":"product_tag-aprender-habilidades-para-la-vida","13":"first","14":"instock","15":"downloadable","16":"shipping-taxable","17":"purchasable","18":"product-type-simple"},"acf":[],"aioseo_notices":[],"jetpack_sharing_enabled":true,"_links":{"self":[{"href":"https:\/\/positiveautism.org\/es\/wp-json\/wp\/v2\/product\/9572","targetHints":{"allow":["GET"]}}],"collection":[{"href":"https:\/\/positiveautism.org\/es\/wp-json\/wp\/v2\/product"}],"about":[{"href":"https:\/\/positiveautism.org\/es\/wp-json\/wp\/v2\/types\/product"}],"replies":[{"embeddable":true,"href":"https:\/\/positiveautism.org\/es\/wp-json\/wp\/v2\/comments?post=9572"}],"wp:featuredmedia":[{"embeddable":true,"href":"https:\/\/positiveautism.org\/es\/wp-json\/wp\/v2\/media\/9573"}],"wp:attachment":[{"href":"https:\/\/positiveautism.org\/es\/wp-json\/wp\/v2\/media?parent=9572"}],"wp:term":[{"taxonomy":"product_brand","embeddable":true,"href":"https:\/\/positiveautism.org\/es\/wp-json\/wp\/v2\/product_brand?post=9572"},{"taxonomy":"product_cat","embeddable":true,"href":"https:\/\/positiveautism.org\/es\/wp-json\/wp\/v2\/product_cat?post=9572"},{"taxonomy":"product_tag","embeddable":true,"href":"https:\/\/positiveautism.org\/es\/wp-json\/wp\/v2\/product_tag?post=9572"}],"curies":[{"name":"wp","href":"https:\/\/api.w.org\/{rel}","templated":true}]}}