{"id":9568,"date":"2024-03-15T10:45:48","date_gmt":"2025-04-07T14:58:05","guid":{"rendered":"https:\/\/positiveautism.org\/product\/leo-y-el-encanto-de-sensiland-aventuras-de-entender-y-ser-comprendido-actividad-para-practicar-la-comprension-lectora-y-las-habilidades-para-la-vida-en-ninos-y-jovenes-autistas\/"},"modified":"2025-04-07T10:58:05","modified_gmt":"2025-04-07T14:58:05","slug":"leo-y-el-encanto-de-sensiland-aventuras-de-entender-y-ser-comprendido-actividad-para-practicar-la-comprension-lectora-y-las-habilidades-para-la-vida-en-ninos-y-jovenes-autistas","status":"publish","type":"product","link":"https:\/\/positiveautism.org\/es\/producto\/leo-y-el-encanto-de-sensiland-aventuras-de-entender-y-ser-comprendido-actividad-para-practicar-la-comprension-lectora-y-las-habilidades-para-la-vida-en-ninos-y-jovenes-autistas\/","title":{"rendered":"Leo y el encanto de Sensiland: aventuras de entender y ser comprendido. (Actividad para practicar la comprensi\u00f3n lectora y las habilidades para la vida en ni\u00f1os y j\u00f3venes autistas)"},"content":{"rendered":"","protected":false},"excerpt":{"rendered":"<p>\u00abLeo y el encanto de Sensiland: Aventuras de entender y ser comprendido\u00bb es una historia que nos lleva al coraz\u00f3n de un pueblo \u00fanico, donde cada persona siente y experimenta el mundo de una manera especial. En esta aventura, conocemos a Leo, un ni\u00f1o con una sensibilidad particular a los sonidos fuertes, las luces brillantes y las texturas \u00e1speras, lo que hace que ciertas situaciones sean abrumadoras para \u00e9l. A lo largo de la historia, Leo se enfrenta al reto de participar en la feria de ciencias de su colegio, un evento que le causa preocupaci\u00f3n por su sensibilidad. Sin embargo, con la ayuda de su profesora, la Sra. Clarity, y el apoyo de sus compa\u00f1eros de clase, Leo aprende a expresar sus necesidades y a encontrar soluciones para sentirse m\u00e1s c\u00f3modo, como usar auriculares y tener acceso a una zona tranquila.   <\/p>\n<p>Este cuento es una herramienta poderosa para los ni\u00f1os y j\u00f3venes autistas, ya que les ayuda a trabajar en su comprensi\u00f3n lectora siguiendo las aventuras de Leo, al mismo tiempo que aprende sobre habilidades sociales y la importancia de la aceptaci\u00f3n y el apoyo mutuo. Al identificarse con Leo y su experiencia, pueden encontrar estrategias para lidiar con situaciones que les resultan desafiantes, reconociendo que hablar sobre lo que necesitan y c\u00f3mo se sienten es esencial para ser comprendidos por los dem\u00e1s. <\/p>\n<p>Adem\u00e1s, al participar en las preguntas y actividades propuestas al final del cuento, como completar conversaciones y participar en juegos de rol, los ni\u00f1os y j\u00f3venes tienen la oportunidad de practicar y reforzar estas habilidades esenciales para la vida, en un entorno seguro y estructurado. Estas actividades est\u00e1n dise\u00f1adas para promover la empat\u00eda, la comprensi\u00f3n de las diferencias de los dem\u00e1s y la adaptabilidad, asegurando que todos los ni\u00f1os, sin importar c\u00f3mo experimenten el mundo, se sientan valorados y comprendidos. <\/p>\n","protected":false},"featured_media":9569,"comment_status":"open","ping_status":"closed","template":"","meta":{"_acf_changed":false,"_monsterinsights_skip_tracking":false,"_monsterinsights_sitenote_active":false,"_monsterinsights_sitenote_note":"","_monsterinsights_sitenote_category":0},"product_brand":[],"product_cat":[783,835],"product_tag":[790,798,899,936],"class_list":{"0":"post-9568","1":"product","2":"type-product","3":"status-publish","4":"has-post-thumbnail","6":"product_cat-comprension-lectora","7":"product_cat-independencia-y-habilidades-para-la-vida","8":"product_tag-comprension-lectora-para-ninos-con-autismo","9":"product_tag-comprension-lectora-para-ninos-con-autismo-es","10":"product_tag-lectura-para-animar-a-los-jovenes-autistas-a-la-independencia","11":"product_tag-aprender-habilidades-para-la-vida","13":"first","14":"instock","15":"downloadable","16":"shipping-taxable","17":"purchasable","18":"product-type-simple"},"acf":[],"aioseo_notices":[],"jetpack_sharing_enabled":true,"_links":{"self":[{"href":"https:\/\/positiveautism.org\/es\/wp-json\/wp\/v2\/product\/9568","targetHints":{"allow":["GET"]}}],"collection":[{"href":"https:\/\/positiveautism.org\/es\/wp-json\/wp\/v2\/product"}],"about":[{"href":"https:\/\/positiveautism.org\/es\/wp-json\/wp\/v2\/types\/product"}],"replies":[{"embeddable":true,"href":"https:\/\/positiveautism.org\/es\/wp-json\/wp\/v2\/comments?post=9568"}],"wp:featuredmedia":[{"embeddable":true,"href":"https:\/\/positiveautism.org\/es\/wp-json\/wp\/v2\/media\/9569"}],"wp:attachment":[{"href":"https:\/\/positiveautism.org\/es\/wp-json\/wp\/v2\/media?parent=9568"}],"wp:term":[{"taxonomy":"product_brand","embeddable":true,"href":"https:\/\/positiveautism.org\/es\/wp-json\/wp\/v2\/product_brand?post=9568"},{"taxonomy":"product_cat","embeddable":true,"href":"https:\/\/positiveautism.org\/es\/wp-json\/wp\/v2\/product_cat?post=9568"},{"taxonomy":"product_tag","embeddable":true,"href":"https:\/\/positiveautism.org\/es\/wp-json\/wp\/v2\/product_tag?post=9568"}],"curies":[{"name":"wp","href":"https:\/\/api.w.org\/{rel}","templated":true}]}}