{"id":9562,"date":"2024-03-13T19:54:37","date_gmt":"2025-04-07T14:58:04","guid":{"rendered":"https:\/\/positiveautism.org\/product\/el-viaje-de-daniel-matematicas-suenos-y-estrellas-actividad-para-practicar-la-comprension-lectora-y-las-habilidades-sociales-para-ninos-autistas\/"},"modified":"2025-04-07T10:58:04","modified_gmt":"2025-04-07T14:58:04","slug":"el-viaje-de-daniel-matematicas-suenos-y-estrellas-actividad-para-practicar-la-comprension-lectora-y-las-habilidades-sociales-para-ninos-autistas","status":"publish","type":"product","link":"https:\/\/positiveautism.org\/es\/producto\/el-viaje-de-daniel-matematicas-suenos-y-estrellas-actividad-para-practicar-la-comprension-lectora-y-las-habilidades-sociales-para-ninos-autistas\/","title":{"rendered":"El viaje de Daniel: matem\u00e1ticas, sue\u00f1os y estrellas. (Actividad para practicar la comprensi\u00f3n lectora y las habilidades sociales para ni\u00f1os autistas)"},"content":{"rendered":"","protected":false},"excerpt":{"rendered":"<p>\u00abEste material, &#8216;Daniel&#8217;s Journey: Mathematics, Dreams, and Stars&#8217;, ofrece una historia convincente dise\u00f1ada para ni\u00f1os autistas, pero es universalmente inspiradora, centr\u00e1ndose en Daniel, un ni\u00f1o que navega por los desaf\u00edos de la vida con el autismo. Especial por su destreza matem\u00e1tica y memoria, Daniel sue\u00f1a con convertirse en programador para crear soluciones \u00fatiles para los dem\u00e1s, haciendo del mundo un lugar mejor. A pesar de sus dificultades de interacci\u00f3n social, la dedicaci\u00f3n de Daniel a aprender y mejorarse a s\u00ed mismo en programaci\u00f3n y habilidades sociales le ense\u00f1a resiliencia, empat\u00eda y el valor de la persistencia. Las preguntas de comprensi\u00f3n y los juegos de rol que se proporcionan despu\u00e9s de la historia est\u00e1n dise\u00f1ados no solo para entretener, sino tambi\u00e9n como herramientas educativas. Animan a los ni\u00f1os a practicar la comprensi\u00f3n lectora y las habilidades sociales de una manera estructurada pero imaginativa. Los juegos de rol \u00abProgramador y cliente\u00bb, \u00abMaestro y estudiante\u00bb e \u00abEl inventor y el mundo\u00bb permiten a los ni\u00f1os explorar la resoluci\u00f3n de problemas, la empat\u00eda y la creatividad, reflejando el viaje de Daniel. Estas actividades tienen como objetivo empoderar a los ni\u00f1os para que usen sus talentos \u00fanicos y enfrenten los desaf\u00edos con valent\u00eda, al igual que Daniel. Este recurso es invaluable para los padres y educadores que buscan involucrar a los ni\u00f1os autistas en el aprendizaje a trav\u00e9s de la narraci\u00f3n de cuentos y el juego interactivo, reforzando el mensaje de que todos tienen sue\u00f1os y desaf\u00edos \u00fanicos, pero pueden alcanzar sus estrellas con perseverancia y curiosidad.  <\/p>\n","protected":false},"featured_media":9564,"comment_status":"open","ping_status":"closed","template":"","meta":{"_acf_changed":false,"_monsterinsights_skip_tracking":false,"_monsterinsights_sitenote_active":false,"_monsterinsights_sitenote_note":"","_monsterinsights_sitenote_category":0},"product_brand":[],"product_cat":[783,787],"product_tag":[795,798,867],"class_list":{"0":"post-9562","1":"product","2":"type-product","3":"status-publish","4":"has-post-thumbnail","6":"product_cat-comprension-lectora","7":"product_cat-habilidades-sociales-y-emocionales","8":"product_tag-comprension-lectora-para-ninos-autistas","9":"product_tag-comprension-lectora-para-ninos-con-autismo-es","10":"product_tag-de-la-lectura-a-las-habilidades-sociales-tecnologicas","12":"first","13":"instock","14":"downloadable","15":"shipping-taxable","16":"purchasable","17":"product-type-simple"},"acf":[],"aioseo_notices":[],"jetpack_sharing_enabled":true,"_links":{"self":[{"href":"https:\/\/positiveautism.org\/es\/wp-json\/wp\/v2\/product\/9562","targetHints":{"allow":["GET"]}}],"collection":[{"href":"https:\/\/positiveautism.org\/es\/wp-json\/wp\/v2\/product"}],"about":[{"href":"https:\/\/positiveautism.org\/es\/wp-json\/wp\/v2\/types\/product"}],"replies":[{"embeddable":true,"href":"https:\/\/positiveautism.org\/es\/wp-json\/wp\/v2\/comments?post=9562"}],"wp:featuredmedia":[{"embeddable":true,"href":"https:\/\/positiveautism.org\/es\/wp-json\/wp\/v2\/media\/9564"}],"wp:attachment":[{"href":"https:\/\/positiveautism.org\/es\/wp-json\/wp\/v2\/media?parent=9562"}],"wp:term":[{"taxonomy":"product_brand","embeddable":true,"href":"https:\/\/positiveautism.org\/es\/wp-json\/wp\/v2\/product_brand?post=9562"},{"taxonomy":"product_cat","embeddable":true,"href":"https:\/\/positiveautism.org\/es\/wp-json\/wp\/v2\/product_cat?post=9562"},{"taxonomy":"product_tag","embeddable":true,"href":"https:\/\/positiveautism.org\/es\/wp-json\/wp\/v2\/product_tag?post=9562"}],"curies":[{"name":"wp","href":"https:\/\/api.w.org\/{rel}","templated":true}]}}