{"id":9561,"date":"2024-03-04T10:05:21","date_gmt":"2025-04-07T14:58:04","guid":{"rendered":"https:\/\/positiveautism.org\/product\/las-palabras-magicas-de-leo-un-viaje-de-bondad-actividad-para-practicar-la-comprension-lectora-y-las-habilidades-sociales-para-ninos-autistas\/"},"modified":"2025-04-07T10:58:04","modified_gmt":"2025-04-07T14:58:04","slug":"las-palabras-magicas-de-leo-un-viaje-de-bondad-actividad-para-practicar-la-comprension-lectora-y-las-habilidades-sociales-para-ninos-autistas","status":"publish","type":"product","link":"https:\/\/positiveautism.org\/es\/producto\/las-palabras-magicas-de-leo-un-viaje-de-bondad-actividad-para-practicar-la-comprension-lectora-y-las-habilidades-sociales-para-ninos-autistas\/","title":{"rendered":"Las palabras m\u00e1gicas de Leo: Un viaje de bondad. (Actividad para practicar la comprensi\u00f3n lectora y las habilidades sociales para ni\u00f1os autistas)"},"content":{"rendered":"","protected":false},"excerpt":{"rendered":"<p>El material titulado \u00abLas palabras m\u00e1gicas de Leo: un viaje de bondad\u00bb ofrece una historia atractiva y educativa dirigida espec\u00edficamente a ni\u00f1os autistas, centr\u00e1ndose en la comprensi\u00f3n lectora y el desarrollo de habilidades sociales. A trav\u00e9s de las experiencias de Leo, un joven autista que aprende la importancia de decir \u00abpor favor\u00bb y \u00abgracias\u00bb, los lectores son introducidos a las convenciones sociales fundamentales de una manera accesible y relacionable. Este cuento no solo mejora las habilidades de lectura al hacer preguntas relacionadas con el texto, alentando a los ni\u00f1os a recordar e interpretar lo que han le\u00eddo, sino que tambi\u00e9n enfatiza el valor de la cortes\u00eda y el respeto en las interacciones cotidianas. Al enmarcar estas lecciones dentro de una narrativa sobre un personaje con el que pueden relacionarse, es m\u00e1s probable que los ni\u00f1os entiendan y apliquen estos conceptos en sus propias vidas. Adem\u00e1s, los juegos de rol que los acompa\u00f1an refuerzan a\u00fan m\u00e1s estas lecciones al proporcionar experiencias pr\u00e1cticas en las que los ni\u00f1os pueden practicar la amabilidad y las habilidades sociales en un entorno controlado y de apoyo. Este enfoque multifac\u00e9tico se adapta a los estilos de aprendizaje \u00fanicos de los ni\u00f1os con autismo, lo que lo convierte en un recurso valioso para padres y educadores que buscan desarrollar estas habilidades esenciales de una manera divertida e interactiva.     <\/p>\n<p>&nbsp;<\/p>\n","protected":false},"featured_media":9563,"comment_status":"open","ping_status":"closed","template":"","meta":{"_acf_changed":false,"_monsterinsights_skip_tracking":false,"_monsterinsights_sitenote_active":false,"_monsterinsights_sitenote_note":"","_monsterinsights_sitenote_category":0},"product_brand":[],"product_cat":[783,787],"product_tag":[795,867],"class_list":{"0":"post-9561","1":"product","2":"type-product","3":"status-publish","4":"has-post-thumbnail","6":"product_cat-comprension-lectora","7":"product_cat-habilidades-sociales-y-emocionales","8":"product_tag-comprension-lectora-para-ninos-autistas","9":"product_tag-de-la-lectura-a-las-habilidades-sociales-tecnologicas","11":"first","12":"instock","13":"downloadable","14":"shipping-taxable","15":"purchasable","16":"product-type-simple"},"acf":[],"aioseo_notices":[],"jetpack_sharing_enabled":true,"_links":{"self":[{"href":"https:\/\/positiveautism.org\/es\/wp-json\/wp\/v2\/product\/9561","targetHints":{"allow":["GET"]}}],"collection":[{"href":"https:\/\/positiveautism.org\/es\/wp-json\/wp\/v2\/product"}],"about":[{"href":"https:\/\/positiveautism.org\/es\/wp-json\/wp\/v2\/types\/product"}],"replies":[{"embeddable":true,"href":"https:\/\/positiveautism.org\/es\/wp-json\/wp\/v2\/comments?post=9561"}],"wp:featuredmedia":[{"embeddable":true,"href":"https:\/\/positiveautism.org\/es\/wp-json\/wp\/v2\/media\/9563"}],"wp:attachment":[{"href":"https:\/\/positiveautism.org\/es\/wp-json\/wp\/v2\/media?parent=9561"}],"wp:term":[{"taxonomy":"product_brand","embeddable":true,"href":"https:\/\/positiveautism.org\/es\/wp-json\/wp\/v2\/product_brand?post=9561"},{"taxonomy":"product_cat","embeddable":true,"href":"https:\/\/positiveautism.org\/es\/wp-json\/wp\/v2\/product_cat?post=9561"},{"taxonomy":"product_tag","embeddable":true,"href":"https:\/\/positiveautism.org\/es\/wp-json\/wp\/v2\/product_tag?post=9561"}],"curies":[{"name":"wp","href":"https:\/\/api.w.org\/{rel}","templated":true}]}}