{"id":9554,"date":"2024-02-28T11:47:44","date_gmt":"2025-04-07T14:58:04","guid":{"rendered":"https:\/\/positiveautism.org\/product\/la-historia-de-lucas-encontrar-la-confianza-y-la-amistad-actividad-para-practicar-la-comprension-lectora-y-las-habilidades-sociales-para-ninos-autistas\/"},"modified":"2025-04-07T10:58:04","modified_gmt":"2025-04-07T14:58:04","slug":"la-historia-de-lucas-encontrar-la-confianza-y-la-amistad-actividad-para-practicar-la-comprension-lectora-y-las-habilidades-sociales-para-ninos-autistas","status":"publish","type":"product","link":"https:\/\/positiveautism.org\/es\/producto\/la-historia-de-lucas-encontrar-la-confianza-y-la-amistad-actividad-para-practicar-la-comprension-lectora-y-las-habilidades-sociales-para-ninos-autistas\/","title":{"rendered":"La historia de Lucas: Encontrar la confianza y la amistad. (Actividad para practicar la comprensi\u00f3n lectora y las habilidades sociales para ni\u00f1os autistas)"},"content":{"rendered":"","protected":false},"excerpt":{"rendered":"<p>Este material ha sido dise\u00f1ado pensando en los ni\u00f1os autistas, con el objetivo de apoyar su desarrollo en la comprensi\u00f3n lectora y las habilidades sociales. A trav\u00e9s del cuento de Lucas, se busca no solo mejorar la capacidad de los ni\u00f1os para comprender textos escritos, sino tambi\u00e9n para que se identifiquen con los sentimientos y situaciones a las que se enfrenta el personaje principal. Lucas, sinti\u00e9ndose solo y luchando con la idea de hacer amigos, finalmente encuentra el coraje para expresar sus emociones y descubre la importancia de la amistad y la confianza. Al responder preguntas sobre la historia, los ni\u00f1os pueden reflexionar sobre sus propias experiencias, deseos y miedos, promoviendo la empat\u00eda y las habilidades de construcci\u00f3n de relaciones. Adem\u00e1s, la secci\u00f3n de dibujo invita a los ni\u00f1os y a sus cuidadores a interactuar de manera creativa, completando conversaciones y ayudando a reforzar la comprensi\u00f3n narrativa y la expresi\u00f3n emocional. Siguiendo la narrativa, ofrecemos juegos de rol. Estos juegos est\u00e1n dise\u00f1ados para permitir que los ni\u00f1os practiquen lo que han aprendido de la historia de Lucas en un ambiente divertido y de apoyo. Los ni\u00f1os pueden practicar la expresi\u00f3n de sus sentimientos, escuchar con empat\u00eda, participar en nuevas situaciones sociales, colaborar con otros y resolver conflictos. Este m\u00e9todo tiene como objetivo fomentar una comprensi\u00f3n m\u00e1s profunda de los temas de la historia y desarrollar habilidades sociales esenciales en un contexto identificable. Este enfoque integrado no solo pretende ense\u00f1ar sobre la lectura y las interacciones sociales te\u00f3ricamente, sino tambi\u00e9n permitir que los ni\u00f1os las experimenten de una manera pr\u00e1ctica y significativa.         <\/p>\n","protected":false},"featured_media":9556,"comment_status":"open","ping_status":"closed","template":"","meta":{"_acf_changed":false,"_monsterinsights_skip_tracking":false,"_monsterinsights_sitenote_active":false,"_monsterinsights_sitenote_note":"","_monsterinsights_sitenote_category":0},"product_brand":[],"product_cat":[783,787],"product_tag":[795,867],"class_list":{"0":"post-9554","1":"product","2":"type-product","3":"status-publish","4":"has-post-thumbnail","6":"product_cat-comprension-lectora","7":"product_cat-habilidades-sociales-y-emocionales","8":"product_tag-comprension-lectora-para-ninos-autistas","9":"product_tag-de-la-lectura-a-las-habilidades-sociales-tecnologicas","11":"first","12":"instock","13":"downloadable","14":"shipping-taxable","15":"purchasable","16":"product-type-simple"},"acf":[],"aioseo_notices":[],"jetpack_sharing_enabled":true,"_links":{"self":[{"href":"https:\/\/positiveautism.org\/es\/wp-json\/wp\/v2\/product\/9554","targetHints":{"allow":["GET"]}}],"collection":[{"href":"https:\/\/positiveautism.org\/es\/wp-json\/wp\/v2\/product"}],"about":[{"href":"https:\/\/positiveautism.org\/es\/wp-json\/wp\/v2\/types\/product"}],"replies":[{"embeddable":true,"href":"https:\/\/positiveautism.org\/es\/wp-json\/wp\/v2\/comments?post=9554"}],"wp:featuredmedia":[{"embeddable":true,"href":"https:\/\/positiveautism.org\/es\/wp-json\/wp\/v2\/media\/9556"}],"wp:attachment":[{"href":"https:\/\/positiveautism.org\/es\/wp-json\/wp\/v2\/media?parent=9554"}],"wp:term":[{"taxonomy":"product_brand","embeddable":true,"href":"https:\/\/positiveautism.org\/es\/wp-json\/wp\/v2\/product_brand?post=9554"},{"taxonomy":"product_cat","embeddable":true,"href":"https:\/\/positiveautism.org\/es\/wp-json\/wp\/v2\/product_cat?post=9554"},{"taxonomy":"product_tag","embeddable":true,"href":"https:\/\/positiveautism.org\/es\/wp-json\/wp\/v2\/product_tag?post=9554"}],"curies":[{"name":"wp","href":"https:\/\/api.w.org\/{rel}","templated":true}]}}