{"id":9553,"date":"2024-03-11T16:10:55","date_gmt":"2025-04-07T14:58:04","guid":{"rendered":"https:\/\/positiveautism.org\/product\/el-misterio-de-las-seis-llaves-actividad-para-practicar-la-comprension-lectora-y-las-habilidades-de-conversacion-para-ninos-autistas\/"},"modified":"2025-04-07T10:58:04","modified_gmt":"2025-04-07T14:58:04","slug":"el-misterio-de-las-seis-llaves-actividad-para-practicar-la-comprension-lectora-y-las-habilidades-de-conversacion-para-ninos-autistas","status":"publish","type":"product","link":"https:\/\/positiveautism.org\/es\/producto\/el-misterio-de-las-seis-llaves-actividad-para-practicar-la-comprension-lectora-y-las-habilidades-de-conversacion-para-ninos-autistas\/","title":{"rendered":"El Misterio de las Seis Llaves. (Actividad para practicar la comprensi\u00f3n lectora y las habilidades de conversaci\u00f3n para ni\u00f1os autistas)"},"content":{"rendered":"","protected":false},"excerpt":{"rendered":"<p>\u00abEl misterio de las seis llaves\u00bb es una historia sobre Max, un ni\u00f1o de 10 a\u00f1os que, a pesar de su amor por la lectura y la construcci\u00f3n con Legos, tiene dificultades para hablar con otros ni\u00f1os. Al descubrir un libro m\u00e1gico que promete conceder un deseo al que lo encuentra, Max se embarca en una aventura para mejorar sus habilidades de conversaci\u00f3n. A trav\u00e9s de la resoluci\u00f3n de seis acertijos dados por un drag\u00f3n sabio, cada uno enfocado en un aspecto diferente (cu\u00e1ndo, d\u00f3nde, por qu\u00e9, qui\u00e9n, cu\u00e1l, c\u00f3mo), Max aprende sobre la importancia de hacer las preguntas correctas y descubre que el verdadero tesoro es la sabidur\u00eda adquirida en el proceso. La historia ense\u00f1a el valor de la curiosidad, el coraje de hacer preguntas y c\u00f3mo estas pueden ayudar a comprender el mundo y mejorar la comunicaci\u00f3n con los dem\u00e1s.   <\/p>\n<p>Despu\u00e9s del cuento, se invita a los ni\u00f1os a reflexionar sobre preguntas relacionadas con la aventura de Max y participar en un juego que refuerza el uso de las palabras clave (cu\u00e1ndo, d\u00f3nde, por qu\u00e9, qui\u00e9n, cu\u00e1l, c\u00f3mo) para resolver pistas y encontrar un tesoro escondido. Este enfoque promueve las habilidades ling\u00fc\u00edsticas, el pensamiento cr\u00edtico, la cooperaci\u00f3n y la escucha activa, especialmente \u00fatil para los ni\u00f1os autistas y para fomentar la comprensi\u00f3n y la conversaci\u00f3n en general. <\/p>\n","protected":false},"featured_media":9555,"comment_status":"open","ping_status":"closed","template":"","meta":{"_acf_changed":false,"_monsterinsights_skip_tracking":false,"_monsterinsights_sitenote_active":false,"_monsterinsights_sitenote_note":"","_monsterinsights_sitenote_category":0},"product_brand":[],"product_cat":[783,838],"product_tag":[795,913],"class_list":{"0":"post-9553","1":"product","2":"type-product","3":"status-publish","4":"has-post-thumbnail","6":"product_cat-comprension-lectora","7":"product_cat-habilidades-de-conversacion","8":"product_tag-comprension-lectora-para-ninos-autistas","9":"product_tag-leer-para-ensenar-habilidades-de-conversacion","11":"first","12":"instock","13":"downloadable","14":"shipping-taxable","15":"purchasable","16":"product-type-simple"},"acf":[],"aioseo_notices":[],"jetpack_sharing_enabled":true,"_links":{"self":[{"href":"https:\/\/positiveautism.org\/es\/wp-json\/wp\/v2\/product\/9553","targetHints":{"allow":["GET"]}}],"collection":[{"href":"https:\/\/positiveautism.org\/es\/wp-json\/wp\/v2\/product"}],"about":[{"href":"https:\/\/positiveautism.org\/es\/wp-json\/wp\/v2\/types\/product"}],"replies":[{"embeddable":true,"href":"https:\/\/positiveautism.org\/es\/wp-json\/wp\/v2\/comments?post=9553"}],"wp:featuredmedia":[{"embeddable":true,"href":"https:\/\/positiveautism.org\/es\/wp-json\/wp\/v2\/media\/9555"}],"wp:attachment":[{"href":"https:\/\/positiveautism.org\/es\/wp-json\/wp\/v2\/media?parent=9553"}],"wp:term":[{"taxonomy":"product_brand","embeddable":true,"href":"https:\/\/positiveautism.org\/es\/wp-json\/wp\/v2\/product_brand?post=9553"},{"taxonomy":"product_cat","embeddable":true,"href":"https:\/\/positiveautism.org\/es\/wp-json\/wp\/v2\/product_cat?post=9553"},{"taxonomy":"product_tag","embeddable":true,"href":"https:\/\/positiveautism.org\/es\/wp-json\/wp\/v2\/product_tag?post=9553"}],"curies":[{"name":"wp","href":"https:\/\/api.w.org\/{rel}","templated":true}]}}