{"id":9548,"date":"2024-02-27T14:42:24","date_gmt":"2025-04-07T14:58:04","guid":{"rendered":"https:\/\/positiveautism.org\/product\/la-magia-de-hacer-preguntas-de-seguimiento-una-aventura-conversacional-hojas-de-trabajo-para-ensenar-habilidades-de-conversacion-a-ninos-autistas\/"},"modified":"2025-04-07T10:58:04","modified_gmt":"2025-04-07T14:58:04","slug":"la-magia-de-hacer-preguntas-de-seguimiento-una-aventura-conversacional-hojas-de-trabajo-para-ensenar-habilidades-de-conversacion-a-ninos-autistas","status":"publish","type":"product","link":"https:\/\/positiveautism.org\/es\/producto\/la-magia-de-hacer-preguntas-de-seguimiento-una-aventura-conversacional-hojas-de-trabajo-para-ensenar-habilidades-de-conversacion-a-ninos-autistas\/","title":{"rendered":"La magia de hacer preguntas de seguimiento: una aventura conversacional. (Hojas de trabajo para ense\u00f1ar habilidades de conversaci\u00f3n a ni\u00f1os autistas)"},"content":{"rendered":"","protected":false},"excerpt":{"rendered":"<p>Este material m\u00e1gico, \u00abLa magia de hacer preguntas de seguimiento: una aventura conversacional\u00bb, es como una caja de herramientas especial para ti, que te ayuda a convertirte en un explorador de conversaciones. Imagina que eres un detective en busca de tesoros escondidos, donde cada pregunta que haces te lleva a descubrir m\u00e1s sobre el maravilloso mundo de las personas que te rodean. Al hacer preguntas de seguimiento, demuestras cu\u00e1nto te preocupas por tus amigos y familiares, y cu\u00e1n valiosas son sus historias y sentimientos para ti. Como si estuvieras pintando un cuadro grande con palabras, estas preguntas te ayudan a agregar colores y detalles que hacen que todo sea m\u00e1s interesante y vivo. A trav\u00e9s de ejemplos y juegos, aprender\u00e1s a usar preguntas especiales como \u00ab\u00bfQu\u00e9 pas\u00f3 despu\u00e9s?\u00bb o \u00ab\u00bfC\u00f3mo te sentiste?\u00bb para abrir puertas secretas en conversaciones y encontrar conexiones profundas con las personas. \u00a1Es hora de comenzar tu aventura conversacional y ver qu\u00e9 tesoros descubres!     <\/p>\n","protected":false},"featured_media":9550,"comment_status":"open","ping_status":"closed","template":"","meta":{"_acf_changed":false,"_monsterinsights_skip_tracking":false,"_monsterinsights_sitenote_active":false,"_monsterinsights_sitenote_note":"","_monsterinsights_sitenote_category":0},"product_brand":[],"product_cat":[838],"product_tag":[843,854],"class_list":{"0":"post-9548","1":"product","2":"type-product","3":"status-publish","4":"has-post-thumbnail","6":"product_cat-habilidades-de-conversacion","7":"product_tag-como-ensenar-habilidades-de-conversacion-a-personas-con-autismo","8":"product_tag-hojas-de-trabajo-para-ensenar-habilidades-de-conversacion-a-ninos-autistas","10":"first","11":"instock","12":"downloadable","13":"shipping-taxable","14":"purchasable","15":"product-type-simple"},"acf":[],"aioseo_notices":[],"jetpack_sharing_enabled":true,"_links":{"self":[{"href":"https:\/\/positiveautism.org\/es\/wp-json\/wp\/v2\/product\/9548","targetHints":{"allow":["GET"]}}],"collection":[{"href":"https:\/\/positiveautism.org\/es\/wp-json\/wp\/v2\/product"}],"about":[{"href":"https:\/\/positiveautism.org\/es\/wp-json\/wp\/v2\/types\/product"}],"replies":[{"embeddable":true,"href":"https:\/\/positiveautism.org\/es\/wp-json\/wp\/v2\/comments?post=9548"}],"wp:featuredmedia":[{"embeddable":true,"href":"https:\/\/positiveautism.org\/es\/wp-json\/wp\/v2\/media\/9550"}],"wp:attachment":[{"href":"https:\/\/positiveautism.org\/es\/wp-json\/wp\/v2\/media?parent=9548"}],"wp:term":[{"taxonomy":"product_brand","embeddable":true,"href":"https:\/\/positiveautism.org\/es\/wp-json\/wp\/v2\/product_brand?post=9548"},{"taxonomy":"product_cat","embeddable":true,"href":"https:\/\/positiveautism.org\/es\/wp-json\/wp\/v2\/product_cat?post=9548"},{"taxonomy":"product_tag","embeddable":true,"href":"https:\/\/positiveautism.org\/es\/wp-json\/wp\/v2\/product_tag?post=9548"}],"curies":[{"name":"wp","href":"https:\/\/api.w.org\/{rel}","templated":true}]}}