{"id":9547,"date":"2024-03-08T10:33:02","date_gmt":"2025-04-07T14:58:04","guid":{"rendered":"https:\/\/positiveautism.org\/product\/la-aventura-del-acuerdo-en-el-bosque-encantado-actividad-para-practicar-la-comprension-lectora-y-las-habilidades-sociales-para-ninos-autistas\/"},"modified":"2025-04-07T10:58:04","modified_gmt":"2025-04-07T14:58:04","slug":"la-aventura-del-acuerdo-en-el-bosque-encantado-actividad-para-practicar-la-comprension-lectora-y-las-habilidades-sociales-para-ninos-autistas","status":"publish","type":"product","link":"https:\/\/positiveautism.org\/es\/producto\/la-aventura-del-acuerdo-en-el-bosque-encantado-actividad-para-practicar-la-comprension-lectora-y-las-habilidades-sociales-para-ninos-autistas\/","title":{"rendered":"La aventura del acuerdo en el bosque encantado. (Actividad para practicar la comprensi\u00f3n lectora y las habilidades sociales para ni\u00f1os autistas)"},"content":{"rendered":"","protected":false},"excerpt":{"rendered":"<p>Este material, que incluye el cuento \u00abLa aventura del acuerdo en el bosque encantado\u00bb y las actividades que lo acompa\u00f1an, est\u00e1 dise\u00f1ado espec\u00edficamente para que los ni\u00f1os autistas trabajen la comprensi\u00f3n lectora y las habilidades sociales. La historia narra el viaje de tres amigos inseparables, Leo, M\u00eda y Tom\u00e1s, que se embarcan en una aventura para encontrar el Gran \u00c1rbol Sabio en un bosque encantado. A lo largo de su b\u00fasqueda, encuentran desacuerdos sobre c\u00f3mo proceder, pero aprenden la importancia de la comunicaci\u00f3n, la empat\u00eda y la colaboraci\u00f3n. Estos temas son vitales para los ni\u00f1os autistas a medida que navegan por sus propios entornos sociales.   <\/p>\n<p>Los juegos de rol sugeridos al final del material son extensiones pr\u00e1cticas de la historia, dise\u00f1adas para reforzar las lecciones aprendidas de una manera divertida e interactiva. Estas actividades alientan a los ni\u00f1os a practicar la comunicaci\u00f3n efectiva, la resoluci\u00f3n de conflictos, la comprensi\u00f3n de diferentes perspectivas y el trabajo en equipo. Al participar en estos escenarios de juego de roles, los ni\u00f1os pueden desarrollar estas habilidades sociales cr\u00edticas en un entorno agradable y de apoyo.  <\/p>\n<p>A los padres y educadores se les proporciona un marco para guiar a los ni\u00f1os a trav\u00e9s de estas actividades, enfatizando el desarrollo de habilidades sociales de una manera que se alinee con los intereses y niveles de desarrollo de los ni\u00f1os. Este enfoque garantiza que el material no solo sea educativo, sino tambi\u00e9n accesible y atractivo, lo que permite que los ni\u00f1os con autismo participen activamente y disfruten del proceso de aprendizaje y crecimiento juntos. <\/p>\n","protected":false},"featured_media":9549,"comment_status":"open","ping_status":"closed","template":"","meta":{"_acf_changed":false,"_monsterinsights_skip_tracking":false,"_monsterinsights_sitenote_active":false,"_monsterinsights_sitenote_note":"","_monsterinsights_sitenote_category":0},"product_brand":[],"product_cat":[783,787],"product_tag":[795,867],"class_list":{"0":"post-9547","1":"product","2":"type-product","3":"status-publish","4":"has-post-thumbnail","6":"product_cat-comprension-lectora","7":"product_cat-habilidades-sociales-y-emocionales","8":"product_tag-comprension-lectora-para-ninos-autistas","9":"product_tag-de-la-lectura-a-las-habilidades-sociales-tecnologicas","11":"first","12":"instock","13":"downloadable","14":"shipping-taxable","15":"purchasable","16":"product-type-simple"},"acf":[],"aioseo_notices":[],"jetpack_sharing_enabled":true,"_links":{"self":[{"href":"https:\/\/positiveautism.org\/es\/wp-json\/wp\/v2\/product\/9547","targetHints":{"allow":["GET"]}}],"collection":[{"href":"https:\/\/positiveautism.org\/es\/wp-json\/wp\/v2\/product"}],"about":[{"href":"https:\/\/positiveautism.org\/es\/wp-json\/wp\/v2\/types\/product"}],"replies":[{"embeddable":true,"href":"https:\/\/positiveautism.org\/es\/wp-json\/wp\/v2\/comments?post=9547"}],"wp:featuredmedia":[{"embeddable":true,"href":"https:\/\/positiveautism.org\/es\/wp-json\/wp\/v2\/media\/9549"}],"wp:attachment":[{"href":"https:\/\/positiveautism.org\/es\/wp-json\/wp\/v2\/media?parent=9547"}],"wp:term":[{"taxonomy":"product_brand","embeddable":true,"href":"https:\/\/positiveautism.org\/es\/wp-json\/wp\/v2\/product_brand?post=9547"},{"taxonomy":"product_cat","embeddable":true,"href":"https:\/\/positiveautism.org\/es\/wp-json\/wp\/v2\/product_cat?post=9547"},{"taxonomy":"product_tag","embeddable":true,"href":"https:\/\/positiveautism.org\/es\/wp-json\/wp\/v2\/product_tag?post=9547"}],"curies":[{"name":"wp","href":"https:\/\/api.w.org\/{rel}","templated":true}]}}