{"id":9541,"date":"2024-02-26T12:22:59","date_gmt":"2025-04-07T14:58:03","guid":{"rendered":"https:\/\/positiveautism.org\/product\/thomas-aprende-seguridad-vial-despues-de-una-experiencia-dolorosa-actividad-para-practicar-la-comprension-lectora-y-las-habilidades-para-la-vida-en-ninos-y-jovenes-autistas\/"},"modified":"2025-04-07T10:58:03","modified_gmt":"2025-04-07T14:58:03","slug":"thomas-aprende-seguridad-vial-despues-de-una-experiencia-dolorosa-actividad-para-practicar-la-comprension-lectora-y-las-habilidades-para-la-vida-en-ninos-y-jovenes-autistas","status":"publish","type":"product","link":"https:\/\/positiveautism.org\/es\/producto\/thomas-aprende-seguridad-vial-despues-de-una-experiencia-dolorosa-actividad-para-practicar-la-comprension-lectora-y-las-habilidades-para-la-vida-en-ninos-y-jovenes-autistas\/","title":{"rendered":"Thomas aprende seguridad vial despu\u00e9s de una experiencia dolorosa. (Actividad para practicar la comprensi\u00f3n lectora y las habilidades para la vida en ni\u00f1os y j\u00f3venes autistas)"},"content":{"rendered":"","protected":false},"excerpt":{"rendered":"<p>Este material, centrado en el cuento de \u00abTom\u00e1s aprende seguridad vial despu\u00e9s de una dolorosa experiencia\u00bb, es un valioso recurso educativo dise\u00f1ado espec\u00edficamente para ni\u00f1os y j\u00f3venes autistas, con el objetivo de mejorar su comprensi\u00f3n lectora y habilidades para la vida. A trav\u00e9s de la narraci\u00f3n de Tom\u00e1s, se presenta a los lectores una historia que no solo capta su inter\u00e9s y estimula su imaginaci\u00f3n, sino que tambi\u00e9n les ense\u00f1a sobre la importancia de la seguridad vial de una manera que pueden entender y recordar. <\/p>\n<p>La historia se presenta en un formato claro y estructurado, lo que facilita a los lectores autistas la comprensi\u00f3n y el seguimiento de los acontecimientos. Mediante el uso de preguntas espec\u00edficas de comprensi\u00f3n lectora, se anima a los ni\u00f1os y j\u00f3venes a reflexionar sobre la trama, los personajes y los mensajes clave, promoviendo as\u00ed el desarrollo de habilidades de pensamiento cr\u00edtico. Adem\u00e1s, al abordar los temas de seguridad vial directamente y a trav\u00e9s de las experiencias personales del personaje, se fomenta la interiorizaci\u00f3n de comportamientos seguros.  <\/p>\n<p>Este recurso busca no solo mejorar las habilidades de lectura y comprensi\u00f3n, sino tambi\u00e9n impartir lecciones vitales sobre seguridad, conciencia y responsabilidad personal. Al final del cuento, se incluyen actividades interactivas, como completar conversaciones basadas en dibujos del cuento, lo que brinda una oportunidad para la aplicaci\u00f3n pr\u00e1ctica de lo aprendido y fomenta la expresi\u00f3n verbal y la empat\u00eda. <\/p>\n<p>En resumen, \u00abTom\u00e1s aprende seguridad vial despu\u00e9s de una dolorosa experiencia\u00bb es m\u00e1s que una historia; Es una herramienta educativa que combina el desarrollo de las habilidades de lectura con importantes lecciones de vida, dise\u00f1ada para resonar particularmente con los ni\u00f1os y j\u00f3venes autistas.<\/p>\n","protected":false},"featured_media":9544,"comment_status":"open","ping_status":"closed","template":"","meta":{"_acf_changed":false,"_monsterinsights_skip_tracking":false,"_monsterinsights_sitenote_active":false,"_monsterinsights_sitenote_note":"","_monsterinsights_sitenote_category":0},"product_brand":[],"product_cat":[783,835],"product_tag":[795,942],"class_list":{"0":"post-9541","1":"product","2":"type-product","3":"status-publish","4":"has-post-thumbnail","6":"product_cat-comprension-lectora","7":"product_cat-independencia-y-habilidades-para-la-vida","8":"product_tag-comprension-lectora-para-ninos-autistas","9":"product_tag-ensenar-seguridad-vial-a-ninos-autistas","11":"first","12":"instock","13":"downloadable","14":"shipping-taxable","15":"purchasable","16":"product-type-simple"},"acf":[],"aioseo_notices":[],"jetpack_sharing_enabled":true,"_links":{"self":[{"href":"https:\/\/positiveautism.org\/es\/wp-json\/wp\/v2\/product\/9541","targetHints":{"allow":["GET"]}}],"collection":[{"href":"https:\/\/positiveautism.org\/es\/wp-json\/wp\/v2\/product"}],"about":[{"href":"https:\/\/positiveautism.org\/es\/wp-json\/wp\/v2\/types\/product"}],"replies":[{"embeddable":true,"href":"https:\/\/positiveautism.org\/es\/wp-json\/wp\/v2\/comments?post=9541"}],"wp:featuredmedia":[{"embeddable":true,"href":"https:\/\/positiveautism.org\/es\/wp-json\/wp\/v2\/media\/9544"}],"wp:attachment":[{"href":"https:\/\/positiveautism.org\/es\/wp-json\/wp\/v2\/media?parent=9541"}],"wp:term":[{"taxonomy":"product_brand","embeddable":true,"href":"https:\/\/positiveautism.org\/es\/wp-json\/wp\/v2\/product_brand?post=9541"},{"taxonomy":"product_cat","embeddable":true,"href":"https:\/\/positiveautism.org\/es\/wp-json\/wp\/v2\/product_cat?post=9541"},{"taxonomy":"product_tag","embeddable":true,"href":"https:\/\/positiveautism.org\/es\/wp-json\/wp\/v2\/product_tag?post=9541"}],"curies":[{"name":"wp","href":"https:\/\/api.w.org\/{rel}","templated":true}]}}