{"id":9540,"date":"2024-03-06T15:06:09","date_gmt":"2025-04-07T14:58:03","guid":{"rendered":"https:\/\/positiveautism.org\/product\/como-unirse-a-un-grupo-de-amigos-que-ya-estan-hablando-hojas-de-trabajo-para-ensenar-habilidades-de-conversacion-a-ninos-autistas\/"},"modified":"2025-04-07T10:58:03","modified_gmt":"2025-04-07T14:58:03","slug":"como-unirse-a-un-grupo-de-amigos-que-ya-estan-hablando-hojas-de-trabajo-para-ensenar-habilidades-de-conversacion-a-ninos-autistas","status":"publish","type":"product","link":"https:\/\/positiveautism.org\/es\/producto\/como-unirse-a-un-grupo-de-amigos-que-ya-estan-hablando-hojas-de-trabajo-para-ensenar-habilidades-de-conversacion-a-ninos-autistas\/","title":{"rendered":"C\u00f3mo unirse a un grupo de amigos que ya est\u00e1n hablando. (Hojas de trabajo para ense\u00f1ar habilidades de conversaci\u00f3n a ni\u00f1os autistas)"},"content":{"rendered":"","protected":false},"excerpt":{"rendered":"<p>Este material proporciona una gu\u00eda integral sobre el desarrollo de habilidades de conversaci\u00f3n en ni\u00f1os autistas al enfocarse en c\u00f3mo unirse a grupos de amigos que ya est\u00e1n participando en una discusi\u00f3n. Enfatiza la importancia de esta habilidad para la integraci\u00f3n en diversos entornos sociales, como la escuela, el trabajo y m\u00e1s all\u00e1. El contenido profundiza en la complejidad de las conversaciones grupales debido a la necesidad de navegar por m\u00faltiples personalidades y estilos de comunicaci\u00f3n. Se ofrecen consejos pr\u00e1cticos sobre c\u00f3mo acercarse a un grupo, utilizando frases espec\u00edficas para integrarse sin problemas en la conversaci\u00f3n y manteniendo el flujo de la conversaci\u00f3n sin desviarse del tema. Adem\u00e1s, aborda las se\u00f1ales del lenguaje corporal para buscar un momento adecuado para unirse, asegurando un enfoque respetuoso e inclusivo. Tambi\u00e9n se aborda el manejo del rechazo o la exclusi\u00f3n con resiliencia y la b\u00fasqueda de interacciones sociales alternativas. Adem\u00e1s, proporciona consejos para padres y educadores sobre la ense\u00f1anza de estas habilidades, haciendo hincapi\u00e9 en la inteligencia emocional y el manejo de la ansiedad o el nerviosismo a trav\u00e9s de t\u00e9cnicas de respiraci\u00f3n y autoafirmaci\u00f3n positiva. Este recurso tiene como objetivo equipar a los ni\u00f1os autistas con las herramientas necesarias para participar con confianza en las interacciones sociales, enriqueciendo su desarrollo social e inclusi\u00f3n.       <\/p>\n","protected":false},"featured_media":9542,"comment_status":"open","ping_status":"closed","template":"","meta":{"_acf_changed":false,"_monsterinsights_skip_tracking":false,"_monsterinsights_sitenote_active":false,"_monsterinsights_sitenote_note":"","_monsterinsights_sitenote_category":0},"product_brand":[],"product_cat":[838],"product_tag":[854],"class_list":{"0":"post-9540","1":"product","2":"type-product","3":"status-publish","4":"has-post-thumbnail","6":"product_cat-habilidades-de-conversacion","7":"product_tag-hojas-de-trabajo-para-ensenar-habilidades-de-conversacion-a-ninos-autistas","9":"first","10":"instock","11":"downloadable","12":"shipping-taxable","13":"purchasable","14":"product-type-simple"},"acf":[],"aioseo_notices":[],"jetpack_sharing_enabled":true,"_links":{"self":[{"href":"https:\/\/positiveautism.org\/es\/wp-json\/wp\/v2\/product\/9540","targetHints":{"allow":["GET"]}}],"collection":[{"href":"https:\/\/positiveautism.org\/es\/wp-json\/wp\/v2\/product"}],"about":[{"href":"https:\/\/positiveautism.org\/es\/wp-json\/wp\/v2\/types\/product"}],"replies":[{"embeddable":true,"href":"https:\/\/positiveautism.org\/es\/wp-json\/wp\/v2\/comments?post=9540"}],"wp:featuredmedia":[{"embeddable":true,"href":"https:\/\/positiveautism.org\/es\/wp-json\/wp\/v2\/media\/9542"}],"wp:attachment":[{"href":"https:\/\/positiveautism.org\/es\/wp-json\/wp\/v2\/media?parent=9540"}],"wp:term":[{"taxonomy":"product_brand","embeddable":true,"href":"https:\/\/positiveautism.org\/es\/wp-json\/wp\/v2\/product_brand?post=9540"},{"taxonomy":"product_cat","embeddable":true,"href":"https:\/\/positiveautism.org\/es\/wp-json\/wp\/v2\/product_cat?post=9540"},{"taxonomy":"product_tag","embeddable":true,"href":"https:\/\/positiveautism.org\/es\/wp-json\/wp\/v2\/product_tag?post=9540"}],"curies":[{"name":"wp","href":"https:\/\/api.w.org\/{rel}","templated":true}]}}