{"id":9537,"date":"2024-02-22T10:44:06","date_gmt":"2025-04-07T14:58:03","guid":{"rendered":"https:\/\/positiveautism.org\/product\/use-preguntas-de-seguimiento-para-mantener-una-conversacion-abierta-hojas-de-trabajo-para-ensenar-habilidades-de-conversacion-a-ninos-autistas\/"},"modified":"2025-04-07T10:58:03","modified_gmt":"2025-04-07T14:58:03","slug":"use-preguntas-de-seguimiento-para-mantener-una-conversacion-abierta-hojas-de-trabajo-para-ensenar-habilidades-de-conversacion-a-ninos-autistas","status":"publish","type":"product","link":"https:\/\/positiveautism.org\/es\/producto\/use-preguntas-de-seguimiento-para-mantener-una-conversacion-abierta-hojas-de-trabajo-para-ensenar-habilidades-de-conversacion-a-ninos-autistas\/","title":{"rendered":"Use preguntas de seguimiento para mantener una conversaci\u00f3n abierta. (Hojas de trabajo para ense\u00f1ar habilidades de conversaci\u00f3n a ni\u00f1os autistas)"},"content":{"rendered":"","protected":false},"excerpt":{"rendered":"<p>Este material est\u00e1 dise\u00f1ado para desarrollar habilidades de conversaci\u00f3n en ni\u00f1os autistas mediante el uso de preguntas de seguimiento, manteniendo conversaciones abiertas y atractivas. A trav\u00e9s de ejemplos pr\u00e1cticos y situaciones cotidianas, ense\u00f1a c\u00f3mo usar preguntas espec\u00edficas (Cu\u00e1ndo, D\u00f3nde, Por qu\u00e9, Qu\u00e9, Qui\u00e9n, Cu\u00e1l y C\u00f3mo) para profundizar en los intereses, las experiencias y el mundo de la persona a la que se le habla. Cada tipo de pregunta se presenta como una herramienta m\u00e1gica para desbloquear tesoros escondidos en las conversaciones, fomentando el aprendizaje sobre momentos significativos, lugares, razones detr\u00e1s de las acciones, detalles de pasatiempos, relaciones personales, preferencias y procesos de aprendizaje. Este enfoque no solo ayuda a los ni\u00f1os a aprender m\u00e1s sobre los dem\u00e1s, sino que tambi\u00e9n muestra inter\u00e9s y consideraci\u00f3n por lo que la otra persona tiene que decir, promoviendo una comunicaci\u00f3n efectiva y emp\u00e1tica.   <\/p>\n","protected":false},"featured_media":9538,"comment_status":"open","ping_status":"closed","template":"","meta":{"_acf_changed":false,"_monsterinsights_skip_tracking":false,"_monsterinsights_sitenote_active":false,"_monsterinsights_sitenote_note":"","_monsterinsights_sitenote_category":0},"product_brand":[],"product_cat":[838],"product_tag":[843,854],"class_list":{"0":"post-9537","1":"product","2":"type-product","3":"status-publish","4":"has-post-thumbnail","6":"product_cat-habilidades-de-conversacion","7":"product_tag-como-ensenar-habilidades-de-conversacion-a-personas-con-autismo","8":"product_tag-hojas-de-trabajo-para-ensenar-habilidades-de-conversacion-a-ninos-autistas","10":"first","11":"instock","12":"downloadable","13":"shipping-taxable","14":"purchasable","15":"product-type-simple"},"acf":[],"aioseo_notices":[],"jetpack_sharing_enabled":true,"_links":{"self":[{"href":"https:\/\/positiveautism.org\/es\/wp-json\/wp\/v2\/product\/9537","targetHints":{"allow":["GET"]}}],"collection":[{"href":"https:\/\/positiveautism.org\/es\/wp-json\/wp\/v2\/product"}],"about":[{"href":"https:\/\/positiveautism.org\/es\/wp-json\/wp\/v2\/types\/product"}],"replies":[{"embeddable":true,"href":"https:\/\/positiveautism.org\/es\/wp-json\/wp\/v2\/comments?post=9537"}],"wp:featuredmedia":[{"embeddable":true,"href":"https:\/\/positiveautism.org\/es\/wp-json\/wp\/v2\/media\/9538"}],"wp:attachment":[{"href":"https:\/\/positiveautism.org\/es\/wp-json\/wp\/v2\/media?parent=9537"}],"wp:term":[{"taxonomy":"product_brand","embeddable":true,"href":"https:\/\/positiveautism.org\/es\/wp-json\/wp\/v2\/product_brand?post=9537"},{"taxonomy":"product_cat","embeddable":true,"href":"https:\/\/positiveautism.org\/es\/wp-json\/wp\/v2\/product_cat?post=9537"},{"taxonomy":"product_tag","embeddable":true,"href":"https:\/\/positiveautism.org\/es\/wp-json\/wp\/v2\/product_tag?post=9537"}],"curies":[{"name":"wp","href":"https:\/\/api.w.org\/{rel}","templated":true}]}}