{"id":9532,"date":"2024-02-20T14:21:11","date_gmt":"2025-04-07T14:57:59","guid":{"rendered":"https:\/\/positiveautism.org\/product\/la-aventura-de-tomas-actividad-para-practicar-la-comprension-lectora-y-las-habilidades-para-la-vida-en-ninos-autistas\/"},"modified":"2025-04-07T10:57:59","modified_gmt":"2025-04-07T14:57:59","slug":"la-aventura-de-tomas-actividad-para-practicar-la-comprension-lectora-y-las-habilidades-para-la-vida-en-ninos-autistas","status":"publish","type":"product","link":"https:\/\/positiveautism.org\/es\/producto\/la-aventura-de-tomas-actividad-para-practicar-la-comprension-lectora-y-las-habilidades-para-la-vida-en-ninos-autistas\/","title":{"rendered":"La aventura de Tom\u00e1s. (Actividad para practicar la comprensi\u00f3n lectora y las habilidades para la vida en ni\u00f1os autistas)"},"content":{"rendered":"","protected":false},"excerpt":{"rendered":"<p>La historia de &#8216;La aventura de Tom\u00e1s&#8217; nos ense\u00f1a una valiosa lecci\u00f3n sobre la curiosidad y la importancia de la seguridad. Thomas es un ni\u00f1o muy curioso que un d\u00eda decide seguir a un globo azul brillante que ve en el cielo, llev\u00e1ndolo lejos de su casa. Aunque su aventura le muestra lo emocionante que puede ser explorar, tambi\u00e9n aprende lo importante que es tener cuidado y estar preparado para situaciones inesperadas. Por suerte, llevaba un silbato de emergencia, que utiliza para ser encontrado cuando se pierde. Esta historia nos recuerda que, si bien es bueno ser curioso y explorar el mundo, siempre debemos recordar mantenernos a salvo y llevar con nosotros herramientas o conocimientos que nos puedan ayudar en caso de una emergencia. Para los ni\u00f1os y j\u00f3venes autistas, este cuento puede ser una excelente herramienta para trabajar la comprensi\u00f3n lectora y las habilidades para la vida. A trav\u00e9s de las aventuras de Thomas, pueden aprender sobre la importancia de la comunicaci\u00f3n, prepararse para situaciones inesperadas y tomar decisiones seguras. Las preguntas incluidas despu\u00e9s de la historia animan a los lectores a pensar cr\u00edticamente sobre lo que leen y a aplicar las lecciones aprendidas a sus propias vidas. Adem\u00e1s, los ejemplos de juegos de roles proporcionan una forma interactiva y divertida de practicar estas habilidades, fomentando la comunicaci\u00f3n, la planificaci\u00f3n y la conciencia de seguridad, todo dentro de un marco de supervisi\u00f3n y orientaci\u00f3n de adultos, adapt\u00e1ndose a las necesidades individuales de cada ni\u00f1o para garantizar una experiencia de aprendizaje positiva y efectiva.        <\/p>\n","protected":false},"featured_media":9533,"comment_status":"open","ping_status":"closed","template":"","meta":{"_acf_changed":false,"_monsterinsights_skip_tracking":false,"_monsterinsights_sitenote_active":false,"_monsterinsights_sitenote_note":"","_monsterinsights_sitenote_category":0},"product_brand":[],"product_cat":[783,835],"product_tag":[795,936,941],"class_list":{"0":"post-9532","1":"product","2":"type-product","3":"status-publish","4":"has-post-thumbnail","6":"product_cat-comprension-lectora","7":"product_cat-independencia-y-habilidades-para-la-vida","8":"product_tag-comprension-lectora-para-ninos-autistas","9":"product_tag-aprender-habilidades-para-la-vida","10":"product_tag-ensenando-seguridad-a-los-ninos-autistas","12":"first","13":"instock","14":"downloadable","15":"shipping-taxable","16":"purchasable","17":"product-type-simple"},"acf":[],"aioseo_notices":[],"jetpack_sharing_enabled":true,"_links":{"self":[{"href":"https:\/\/positiveautism.org\/es\/wp-json\/wp\/v2\/product\/9532","targetHints":{"allow":["GET"]}}],"collection":[{"href":"https:\/\/positiveautism.org\/es\/wp-json\/wp\/v2\/product"}],"about":[{"href":"https:\/\/positiveautism.org\/es\/wp-json\/wp\/v2\/types\/product"}],"replies":[{"embeddable":true,"href":"https:\/\/positiveautism.org\/es\/wp-json\/wp\/v2\/comments?post=9532"}],"wp:featuredmedia":[{"embeddable":true,"href":"https:\/\/positiveautism.org\/es\/wp-json\/wp\/v2\/media\/9533"}],"wp:attachment":[{"href":"https:\/\/positiveautism.org\/es\/wp-json\/wp\/v2\/media?parent=9532"}],"wp:term":[{"taxonomy":"product_brand","embeddable":true,"href":"https:\/\/positiveautism.org\/es\/wp-json\/wp\/v2\/product_brand?post=9532"},{"taxonomy":"product_cat","embeddable":true,"href":"https:\/\/positiveautism.org\/es\/wp-json\/wp\/v2\/product_cat?post=9532"},{"taxonomy":"product_tag","embeddable":true,"href":"https:\/\/positiveautism.org\/es\/wp-json\/wp\/v2\/product_tag?post=9532"}],"curies":[{"name":"wp","href":"https:\/\/api.w.org\/{rel}","templated":true}]}}