{"id":9527,"date":"2024-02-20T11:55:20","date_gmt":"2025-04-07T14:57:58","guid":{"rendered":"https:\/\/positiveautism.org\/product\/el-camino-de-oliver-hacia-la-programacion-actividad-para-practicar-la-comprension-lectora-y-las-habilidades-para-la-vida-en-ninos-y-jovenes-autistas\/"},"modified":"2025-04-07T10:57:58","modified_gmt":"2025-04-07T14:57:58","slug":"el-camino-de-oliver-hacia-la-programacion-actividad-para-practicar-la-comprension-lectora-y-las-habilidades-para-la-vida-en-ninos-y-jovenes-autistas","status":"publish","type":"product","link":"https:\/\/positiveautism.org\/es\/producto\/el-camino-de-oliver-hacia-la-programacion-actividad-para-practicar-la-comprension-lectora-y-las-habilidades-para-la-vida-en-ninos-y-jovenes-autistas\/","title":{"rendered":"El camino de Oliver hacia la programaci\u00f3n. (Actividad para practicar la comprensi\u00f3n lectora y las habilidades para la vida en ni\u00f1os y j\u00f3venes autistas)"},"content":{"rendered":"","protected":false},"excerpt":{"rendered":"<p>\u00abOliver&#8217;s Path to Programming\u00bb es un recurso educativo especialmente dise\u00f1ado para ni\u00f1os y j\u00f3venes autistas, con el objetivo de trabajar la comprensi\u00f3n lectora y el desarrollo de habilidades para la vida. A trav\u00e9s de la inspiradora historia de Oliver, un joven apasionado por la programaci\u00f3n y con el sue\u00f1o de convertirse en un programador de renombre, este material ofrece una oportunidad \u00fanica para explorar temas como la perseverancia, la independencia y la importancia del trabajo en equipo. <\/p>\n<p>Al seguir el viaje de Oliver desde sus inicios, practicando y aprendiendo por su cuenta, hasta formar un equipo exitoso y crear su propia empresa, los lectores pueden identificarse con los desaf\u00edos y logros del personaje. Esto no solo ayuda a mejorar la comprensi\u00f3n lectora, sino que tambi\u00e9n fomenta la discusi\u00f3n sobre c\u00f3mo enfrentar obst\u00e1culos, reconocer nuestras propias habilidades y trabajar con otros para lograr objetivos comunes. <\/p>\n<p>Las preguntas de comprensi\u00f3n incluidas al final de la historia est\u00e1n dise\u00f1adas para que los lectores reflexionen sobre lo que han aprendido y apliquen estas lecciones a sus propias vidas. Adem\u00e1s, la secci\u00f3n de actividades interactivas, que invita a completar conversaciones entre los personajes, promueve el desarrollo de habilidades sociales y comunicativas. Este material es una herramienta valiosa para educadores, padres y cuidadores que buscan apoyar el desarrollo emocional e intelectual de ni\u00f1os y j\u00f3venes autistas.  <\/p>\n<p>Los juegos de rol sugeridos al final est\u00e1n dise\u00f1ados para que los ni\u00f1os practiquen lo que han aprendido en un contexto divertido y colaborativo, fomentando la creatividad, la resoluci\u00f3n de problemas y las habilidades sociales en un entorno seguro y acogedor. Este enfoque integral no solo apoya el desarrollo acad\u00e9mico de los ni\u00f1os autistas, sino que tambi\u00e9n les brinda la oportunidad de fortalecer sus habilidades sociales y emocionales de una manera significativa y relevante para sus intereses. <\/p>\n","protected":false},"featured_media":9528,"comment_status":"open","ping_status":"closed","template":"","meta":{"_acf_changed":false,"_monsterinsights_skip_tracking":false,"_monsterinsights_sitenote_active":false,"_monsterinsights_sitenote_note":"","_monsterinsights_sitenote_category":0},"product_brand":[],"product_cat":[783,835],"product_tag":[795,798,867,892],"class_list":{"0":"post-9527","1":"product","2":"type-product","3":"status-publish","4":"has-post-thumbnail","6":"product_cat-comprension-lectora","7":"product_cat-independencia-y-habilidades-para-la-vida","8":"product_tag-comprension-lectora-para-ninos-autistas","9":"product_tag-comprension-lectora-para-ninos-con-autismo-es","10":"product_tag-de-la-lectura-a-las-habilidades-sociales-tecnologicas","11":"product_tag-leer-para-ensenar-habilidades-para-la-vida","13":"first","14":"instock","15":"downloadable","16":"shipping-taxable","17":"purchasable","18":"product-type-simple"},"acf":[],"aioseo_notices":[],"jetpack_sharing_enabled":true,"_links":{"self":[{"href":"https:\/\/positiveautism.org\/es\/wp-json\/wp\/v2\/product\/9527","targetHints":{"allow":["GET"]}}],"collection":[{"href":"https:\/\/positiveautism.org\/es\/wp-json\/wp\/v2\/product"}],"about":[{"href":"https:\/\/positiveautism.org\/es\/wp-json\/wp\/v2\/types\/product"}],"replies":[{"embeddable":true,"href":"https:\/\/positiveautism.org\/es\/wp-json\/wp\/v2\/comments?post=9527"}],"wp:featuredmedia":[{"embeddable":true,"href":"https:\/\/positiveautism.org\/es\/wp-json\/wp\/v2\/media\/9528"}],"wp:attachment":[{"href":"https:\/\/positiveautism.org\/es\/wp-json\/wp\/v2\/media?parent=9527"}],"wp:term":[{"taxonomy":"product_brand","embeddable":true,"href":"https:\/\/positiveautism.org\/es\/wp-json\/wp\/v2\/product_brand?post=9527"},{"taxonomy":"product_cat","embeddable":true,"href":"https:\/\/positiveautism.org\/es\/wp-json\/wp\/v2\/product_cat?post=9527"},{"taxonomy":"product_tag","embeddable":true,"href":"https:\/\/positiveautism.org\/es\/wp-json\/wp\/v2\/product_tag?post=9527"}],"curies":[{"name":"wp","href":"https:\/\/api.w.org\/{rel}","templated":true}]}}