{"id":9516,"date":"2024-02-12T13:10:01","date_gmt":"2025-04-07T14:57:58","guid":{"rendered":"https:\/\/positiveautism.org\/product\/elisa-y-su-amor-por-el-piano-actividad-para-practicar-la-comprension-lectora-y-las-habilidades-para-la-vida-en-ninos-y-jovenes-autistas\/"},"modified":"2025-04-07T10:57:58","modified_gmt":"2025-04-07T14:57:58","slug":"elisa-y-su-amor-por-el-piano-actividad-para-practicar-la-comprension-lectora-y-las-habilidades-para-la-vida-en-ninos-y-jovenes-autistas","status":"publish","type":"product","link":"https:\/\/positiveautism.org\/es\/producto\/elisa-y-su-amor-por-el-piano-actividad-para-practicar-la-comprension-lectora-y-las-habilidades-para-la-vida-en-ninos-y-jovenes-autistas\/","title":{"rendered":"Elisa y su amor por el piano. (Actividad para practicar la comprensi\u00f3n lectora y las habilidades para la vida en ni\u00f1os y j\u00f3venes autistas)"},"content":{"rendered":"","protected":false},"excerpt":{"rendered":"<p>\u00abElisa y su amor por el piano\u00bb es una historia inspiradora que nos cuenta el viaje de una ni\u00f1a con autismo y su pasi\u00f3n por la m\u00fasica. A trav\u00e9s de Elisa, aprendemos c\u00f3mo la dedicaci\u00f3n, el apoyo y el amor por algo pueden ayudarnos a superar obst\u00e1culos y alcanzar nuestros sue\u00f1os. Esta historia es especialmente significativa para los ni\u00f1os y j\u00f3venes con autismo, ya que refleja desaf\u00edos y triunfos que pueden estar muy cerca de sus propias experiencias.  <\/p>\n<p>La m\u00fasica se convierte en el puente de Elisa hacia la autoexpresi\u00f3n y la comunicaci\u00f3n, mostrando que todos tenemos formas \u00fanicas de conectarnos con el mundo. El apoyo de sus padres y la orientaci\u00f3n de su maestro, el Sr. Ricardo, resaltan la importancia del aliento y la paciencia de quienes nos rodean. Las lecciones sobre la pr\u00e1ctica, la paciencia y la perseverancia son vitales, no solo para aprender a tocar un instrumento, sino para cualquier aspecto de la vida.  <\/p>\n<p>Esta historia tambi\u00e9n ofrece un mensaje valioso sobre la aceptaci\u00f3n. Nos ense\u00f1a a aceptar nuestras diferencias y reconocer nuestras fortalezas \u00fanicas. Al enfrentarse a nuevos retos, como actuaciones p\u00fablicas y concursos, Elisa aprende habilidades para gestionar su ansiedad, demostrando que con las estrategias adecuadas, podemos hacer frente a nuestros miedos.  <\/p>\n<p>Cada actividad de juego de roles est\u00e1 dise\u00f1ada para ayudar a los ni\u00f1os autistas a desarrollar habilidades esenciales de la vida real y cotidiana. Al simular estas situaciones en un entorno controlado y de apoyo, los ni\u00f1os pueden aprender a navegar por el mundo social de manera m\u00e1s efectiva, aumentar su confianza en s\u00ed mismos y aplicar las lecciones de resiliencia y perseverancia ilustradas a trav\u00e9s del viaje musical de Elisa. <\/p>\n<p>Para los ni\u00f1os y j\u00f3venes autistas, trabajar con este material puede ser una oportunidad para hablar sobre sus propios intereses y pasiones, as\u00ed como sobre los desaf\u00edos que enfrentan en su vida cotidiana. Puede servir de inspiraci\u00f3n para perseguir sus sue\u00f1os, reconociendo que todos tenemos obst\u00e1culos que superar, pero con esfuerzo y apoyo, podemos lograr grandes cosas. <\/p>\n<p>Las preguntas de comprensi\u00f3n al final del texto son una herramienta para reflexionar sobre la historia y aplicar sus lecciones a nuestras propias vidas. A trav\u00e9s de ellos, podemos discutir temas como la importancia de la perseverancia, c\u00f3mo manejar la frustraci\u00f3n y la ansiedad, y el valor de reconocer y celebrar nuestros logros, por peque\u00f1os que sean. <\/p>\n<p>\u00abElisa y su amor por el piano\u00bb es m\u00e1s que una historia sobre aprender a tocar un instrumento; Es un recordatorio de que, independientemente de los desaf\u00edos personales, todos tenemos la capacidad de encontrar algo que nos apasione y que nos permita expresarnos. Es una invitaci\u00f3n a explorar nuestras propias pasiones, a aceptarnos tal y como somos y a trabajar duro por lo que queremos, sabiendo que el apoyo de quienes nos rodean es clave en nuestro camino hacia el \u00e9xito. <\/p>\n","protected":false},"featured_media":9517,"comment_status":"open","ping_status":"closed","template":"","meta":{"_acf_changed":false,"_monsterinsights_skip_tracking":false,"_monsterinsights_sitenote_active":false,"_monsterinsights_sitenote_note":"","_monsterinsights_sitenote_category":0},"product_brand":[],"product_cat":[783,835],"product_tag":[795,872],"class_list":{"0":"post-9516","1":"product","2":"type-product","3":"status-publish","4":"has-post-thumbnail","6":"product_cat-comprension-lectora","7":"product_cat-independencia-y-habilidades-para-la-vida","8":"product_tag-comprension-lectora-para-ninos-autistas","9":"product_tag-leer-para-ensenar-a-los-jovenes-autistas-a-seguir-sus-suenos","11":"first","12":"instock","13":"downloadable","14":"shipping-taxable","15":"purchasable","16":"product-type-simple"},"acf":[],"aioseo_notices":[],"jetpack_sharing_enabled":true,"_links":{"self":[{"href":"https:\/\/positiveautism.org\/es\/wp-json\/wp\/v2\/product\/9516","targetHints":{"allow":["GET"]}}],"collection":[{"href":"https:\/\/positiveautism.org\/es\/wp-json\/wp\/v2\/product"}],"about":[{"href":"https:\/\/positiveautism.org\/es\/wp-json\/wp\/v2\/types\/product"}],"replies":[{"embeddable":true,"href":"https:\/\/positiveautism.org\/es\/wp-json\/wp\/v2\/comments?post=9516"}],"wp:featuredmedia":[{"embeddable":true,"href":"https:\/\/positiveautism.org\/es\/wp-json\/wp\/v2\/media\/9517"}],"wp:attachment":[{"href":"https:\/\/positiveautism.org\/es\/wp-json\/wp\/v2\/media?parent=9516"}],"wp:term":[{"taxonomy":"product_brand","embeddable":true,"href":"https:\/\/positiveautism.org\/es\/wp-json\/wp\/v2\/product_brand?post=9516"},{"taxonomy":"product_cat","embeddable":true,"href":"https:\/\/positiveautism.org\/es\/wp-json\/wp\/v2\/product_cat?post=9516"},{"taxonomy":"product_tag","embeddable":true,"href":"https:\/\/positiveautism.org\/es\/wp-json\/wp\/v2\/product_tag?post=9516"}],"curies":[{"name":"wp","href":"https:\/\/api.w.org\/{rel}","templated":true}]}}