{"id":9510,"date":"2024-02-08T12:11:20","date_gmt":"2025-04-07T14:57:57","guid":{"rendered":"https:\/\/positiveautism.org\/product\/use-preguntas-de-seguimiento-para-mantener-la-conversacion-hojas-de-trabajo-para-ensenar-habilidades-de-conversacion-a-ninos-autistas\/"},"modified":"2025-04-07T10:57:57","modified_gmt":"2025-04-07T14:57:57","slug":"use-preguntas-de-seguimiento-para-mantener-la-conversacion-hojas-de-trabajo-para-ensenar-habilidades-de-conversacion-a-ninos-autistas","status":"publish","type":"product","link":"https:\/\/positiveautism.org\/es\/producto\/use-preguntas-de-seguimiento-para-mantener-la-conversacion-hojas-de-trabajo-para-ensenar-habilidades-de-conversacion-a-ninos-autistas\/","title":{"rendered":"Use preguntas de seguimiento para mantener la conversaci\u00f3n. (Hojas de trabajo para ense\u00f1ar habilidades de conversaci\u00f3n a ni\u00f1os autistas)"},"content":{"rendered":"","protected":false},"excerpt":{"rendered":"<p>Este material est\u00e1 dise\u00f1ado para desarrollar habilidades de conversaci\u00f3n en ni\u00f1os autistas, centr\u00e1ndose en el uso de preguntas de seguimiento para mantener las conversaciones activas y significativas. A trav\u00e9s de ejercicios pr\u00e1cticos y ejemplos concretos, los ni\u00f1os aprender\u00e1n a construir di\u00e1logos como si estuvieran construyendo una torre con bloques, donde cada bloque representa una parte de la conversaci\u00f3n, ya sea una pregunta o una respuesta. Se enfatiza la importancia de prestar atenci\u00f3n al hablar con los dem\u00e1s, interpretar las emociones y responder adecuadamente a los diferentes estados de \u00e1nimo, utilizando un enfoque de preguntas espec\u00edficas (Cu\u00e1ndo, D\u00f3nde, Por qu\u00e9, Qu\u00e9, Qui\u00e9n, Cu\u00e1l, C\u00f3mo) para profundizar en temas de inter\u00e9s y fomentar la interacci\u00f3n abierta e interesante. Este enfoque pr\u00e1ctico y visual no solo mejora las habilidades de comunicaci\u00f3n, sino que tambi\u00e9n ense\u00f1a a los ni\u00f1os a ser m\u00e1s emp\u00e1ticos y conscientes en sus interacciones sociales.   <\/p>\n","protected":false},"featured_media":9511,"comment_status":"open","ping_status":"closed","template":"","meta":{"_acf_changed":false,"_monsterinsights_skip_tracking":false,"_monsterinsights_sitenote_active":false,"_monsterinsights_sitenote_note":"","_monsterinsights_sitenote_category":0},"product_brand":[],"product_cat":[838],"product_tag":[843,854],"class_list":{"0":"post-9510","1":"product","2":"type-product","3":"status-publish","4":"has-post-thumbnail","6":"product_cat-habilidades-de-conversacion","7":"product_tag-como-ensenar-habilidades-de-conversacion-a-personas-con-autismo","8":"product_tag-hojas-de-trabajo-para-ensenar-habilidades-de-conversacion-a-ninos-autistas","10":"first","11":"instock","12":"downloadable","13":"shipping-taxable","14":"purchasable","15":"product-type-simple"},"acf":[],"aioseo_notices":[],"jetpack_sharing_enabled":true,"_links":{"self":[{"href":"https:\/\/positiveautism.org\/es\/wp-json\/wp\/v2\/product\/9510","targetHints":{"allow":["GET"]}}],"collection":[{"href":"https:\/\/positiveautism.org\/es\/wp-json\/wp\/v2\/product"}],"about":[{"href":"https:\/\/positiveautism.org\/es\/wp-json\/wp\/v2\/types\/product"}],"replies":[{"embeddable":true,"href":"https:\/\/positiveautism.org\/es\/wp-json\/wp\/v2\/comments?post=9510"}],"wp:featuredmedia":[{"embeddable":true,"href":"https:\/\/positiveautism.org\/es\/wp-json\/wp\/v2\/media\/9511"}],"wp:attachment":[{"href":"https:\/\/positiveautism.org\/es\/wp-json\/wp\/v2\/media?parent=9510"}],"wp:term":[{"taxonomy":"product_brand","embeddable":true,"href":"https:\/\/positiveautism.org\/es\/wp-json\/wp\/v2\/product_brand?post=9510"},{"taxonomy":"product_cat","embeddable":true,"href":"https:\/\/positiveautism.org\/es\/wp-json\/wp\/v2\/product_cat?post=9510"},{"taxonomy":"product_tag","embeddable":true,"href":"https:\/\/positiveautism.org\/es\/wp-json\/wp\/v2\/product_tag?post=9510"}],"curies":[{"name":"wp","href":"https:\/\/api.w.org\/{rel}","templated":true}]}}