{"id":9498,"date":"2024-02-13T14:37:21","date_gmt":"2025-04-07T14:57:57","guid":{"rendered":"https:\/\/positiveautism.org\/product\/la-importancia-de-tomar-turnos-actividades-para-ensenar-a-los-ninos-habilidades-sociales-y-emocionales\/"},"modified":"2025-04-07T10:57:57","modified_gmt":"2025-04-07T14:57:57","slug":"la-importancia-de-tomar-turnos-actividades-para-ensenar-a-los-ninos-habilidades-sociales-y-emocionales","status":"publish","type":"product","link":"https:\/\/positiveautism.org\/es\/producto\/la-importancia-de-tomar-turnos-actividades-para-ensenar-a-los-ninos-habilidades-sociales-y-emocionales\/","title":{"rendered":"La importancia de tomar turnos. (Actividades para ense\u00f1ar a los ni\u00f1os habilidades sociales y emocionales)"},"content":{"rendered":"","protected":false},"excerpt":{"rendered":"<p>Este material est\u00e1 dise\u00f1ado para ense\u00f1ar habilidades sociales a ni\u00f1os autistas, centr\u00e1ndose en la habilidad social vital de tomar turnos. A trav\u00e9s de actividades atractivas e instrucciones pr\u00e1cticas, explica la importancia de turnarse para construir relaciones saludables y una comunicaci\u00f3n efectiva. El material introduce el concepto de esperar el turno de uno para hablar, jugar o participar en una actividad, destacando c\u00f3mo esta pr\u00e1ctica garantiza la equidad y ayuda a comprender mejor a los dem\u00e1s, trabajar en equipo, mostrar respeto y disfrutar m\u00e1s plenamente de las actividades colectivas. En particular, el documento esboza un proyecto creativo y did\u00e1ctico: la construcci\u00f3n de un sem\u00e1foro casero. Este proyecto no solo sirve como una actividad pr\u00e1ctica que fomenta la creatividad y las habilidades manuales, sino tambi\u00e9n como una oportunidad educativa para aprender sobre la seguridad vial y la importancia de los sem\u00e1foros. Al participar en este proyecto, se ense\u00f1a a los ni\u00f1os a esperar su turno durante el proceso de construcci\u00f3n, aplicando as\u00ed el concepto de turnarse en un contexto pr\u00e1ctico. Adem\u00e1s, el material proporciona instrucciones detalladas sobre c\u00f3mo hacer una l\u00e1mpara de sem\u00e1foro utilizando materiales de f\u00e1cil acceso como botellas de pl\u00e1stico, pinturas acr\u00edlicas y luces LED. Esta actividad est\u00e1 dise\u00f1ada para ser divertida e informativa, reforzando la lecci\u00f3n de turnarse a trav\u00e9s de las fases de construcci\u00f3n y decoraci\u00f3n. Al participar en este proyecto, los ni\u00f1os no solo aprenden sobre la mec\u00e1nica y la importancia de las se\u00f1ales de tr\u00e1fico en la seguridad vial, sino tambi\u00e9n la habilidad social m\u00e1s amplia de tomar turnos, esencial para su desarrollo e interacci\u00f3n con los dem\u00e1s.        <\/p>\n","protected":false},"featured_media":9502,"comment_status":"open","ping_status":"closed","template":"","meta":{"_acf_changed":false,"_monsterinsights_skip_tracking":false,"_monsterinsights_sitenote_active":false,"_monsterinsights_sitenote_note":"","_monsterinsights_sitenote_category":0},"product_brand":[],"product_cat":[787],"product_tag":[830,938],"class_list":{"0":"post-9498","1":"product","2":"type-product","3":"status-publish","4":"has-post-thumbnail","6":"product_cat-habilidades-sociales-y-emocionales","7":"product_tag-habilidades-sociales-y-emocionales-para-personas-autistas","8":"product_tag-ensenar-a-los-ninos-autistas-a-turnarse","10":"first","11":"instock","12":"downloadable","13":"shipping-taxable","14":"purchasable","15":"product-type-simple"},"acf":[],"aioseo_notices":[],"jetpack_sharing_enabled":true,"_links":{"self":[{"href":"https:\/\/positiveautism.org\/es\/wp-json\/wp\/v2\/product\/9498","targetHints":{"allow":["GET"]}}],"collection":[{"href":"https:\/\/positiveautism.org\/es\/wp-json\/wp\/v2\/product"}],"about":[{"href":"https:\/\/positiveautism.org\/es\/wp-json\/wp\/v2\/types\/product"}],"replies":[{"embeddable":true,"href":"https:\/\/positiveautism.org\/es\/wp-json\/wp\/v2\/comments?post=9498"}],"wp:featuredmedia":[{"embeddable":true,"href":"https:\/\/positiveautism.org\/es\/wp-json\/wp\/v2\/media\/9502"}],"wp:attachment":[{"href":"https:\/\/positiveautism.org\/es\/wp-json\/wp\/v2\/media?parent=9498"}],"wp:term":[{"taxonomy":"product_brand","embeddable":true,"href":"https:\/\/positiveautism.org\/es\/wp-json\/wp\/v2\/product_brand?post=9498"},{"taxonomy":"product_cat","embeddable":true,"href":"https:\/\/positiveautism.org\/es\/wp-json\/wp\/v2\/product_cat?post=9498"},{"taxonomy":"product_tag","embeddable":true,"href":"https:\/\/positiveautism.org\/es\/wp-json\/wp\/v2\/product_tag?post=9498"}],"curies":[{"name":"wp","href":"https:\/\/api.w.org\/{rel}","templated":true}]}}