{"id":9491,"date":"2024-04-24T12:37:43","date_gmt":"2025-04-07T14:54:25","guid":{"rendered":"https:\/\/positiveautism.org\/product\/richard-y-la-aventura-de-las-conversaciones-actividad-para-practicar-la-comprension-lectora-y-las-habilidades-de-conversacion-para-ninos-autistas\/"},"modified":"2025-04-07T10:54:25","modified_gmt":"2025-04-07T14:54:25","slug":"richard-y-la-aventura-de-las-conversaciones-actividad-para-practicar-la-comprension-lectora-y-las-habilidades-de-conversacion-para-ninos-autistas","status":"publish","type":"product","link":"https:\/\/positiveautism.org\/es\/producto\/richard-y-la-aventura-de-las-conversaciones-actividad-para-practicar-la-comprension-lectora-y-las-habilidades-de-conversacion-para-ninos-autistas\/","title":{"rendered":"Richard y la aventura de las conversaciones. (Actividad para practicar la comprensi\u00f3n lectora y las habilidades de conversaci\u00f3n para ni\u00f1os autistas)"},"content":{"rendered":"","protected":false},"excerpt":{"rendered":"<p>\u00abRichard y la Aventura de las Conversaciones\u00bb es un recurso educativo dise\u00f1ado para ni\u00f1os y j\u00f3venes autistas, destinado a mejorar su comprensi\u00f3n lectora y habilidades para la vida. A trav\u00e9s de la historia de Richard, un ni\u00f1o que aprende a comunicarse de manera efectiva con sus compa\u00f1eros, los lectores pueden explorar y practicar la din\u00e1mica de iniciar, mantener y concluir conversaciones. Este material incluye ejercicios de preguntas de comprensi\u00f3n, dibujos interactivos para completar di\u00e1logos y juegos de rol dise\u00f1ados espec\u00edficamente para solidificar el aprendizaje de habilidades sociales esenciales.  <\/p>\n<p>Cada componente est\u00e1 cuidadosamente dise\u00f1ado para facilitar la pr\u00e1ctica en contextos reales, como la escuela o el parque, donde los ni\u00f1os pueden simular conversaciones sobre intereses comunes y aprender a responder a las emociones de los dem\u00e1s. Estas actividades no solo ense\u00f1an sobre la conversaci\u00f3n, sino que tambi\u00e9n promueven la empat\u00eda y la paciencia, habilidades cruciales para cualquier interacci\u00f3n social. Adem\u00e1s, se proporcionan momentos de reflexi\u00f3n para que los educadores y los padres puedan ayudar a los ni\u00f1os a evaluar y comprender su progreso, as\u00ed como a identificar \u00e1reas de mejora, asegurando una experiencia de aprendizaje integral adaptada a las necesidades individuales de cada ni\u00f1o.  <\/p>\n","protected":false},"featured_media":9492,"comment_status":"open","ping_status":"closed","template":"","meta":{"_acf_changed":false,"_monsterinsights_skip_tracking":false,"_monsterinsights_sitenote_active":false,"_monsterinsights_sitenote_note":"","_monsterinsights_sitenote_category":0},"product_brand":[],"product_cat":[783,838],"product_tag":[795,798,913],"class_list":{"0":"post-9491","1":"product","2":"type-product","3":"status-publish","4":"has-post-thumbnail","6":"product_cat-comprension-lectora","7":"product_cat-habilidades-de-conversacion","8":"product_tag-comprension-lectora-para-ninos-autistas","9":"product_tag-comprension-lectora-para-ninos-con-autismo-es","10":"product_tag-leer-para-ensenar-habilidades-de-conversacion","12":"first","13":"instock","14":"downloadable","15":"shipping-taxable","16":"purchasable","17":"product-type-simple"},"acf":[],"aioseo_notices":[],"jetpack_sharing_enabled":true,"_links":{"self":[{"href":"https:\/\/positiveautism.org\/es\/wp-json\/wp\/v2\/product\/9491","targetHints":{"allow":["GET"]}}],"collection":[{"href":"https:\/\/positiveautism.org\/es\/wp-json\/wp\/v2\/product"}],"about":[{"href":"https:\/\/positiveautism.org\/es\/wp-json\/wp\/v2\/types\/product"}],"replies":[{"embeddable":true,"href":"https:\/\/positiveautism.org\/es\/wp-json\/wp\/v2\/comments?post=9491"}],"wp:featuredmedia":[{"embeddable":true,"href":"https:\/\/positiveautism.org\/es\/wp-json\/wp\/v2\/media\/9492"}],"wp:attachment":[{"href":"https:\/\/positiveautism.org\/es\/wp-json\/wp\/v2\/media?parent=9491"}],"wp:term":[{"taxonomy":"product_brand","embeddable":true,"href":"https:\/\/positiveautism.org\/es\/wp-json\/wp\/v2\/product_brand?post=9491"},{"taxonomy":"product_cat","embeddable":true,"href":"https:\/\/positiveautism.org\/es\/wp-json\/wp\/v2\/product_cat?post=9491"},{"taxonomy":"product_tag","embeddable":true,"href":"https:\/\/positiveautism.org\/es\/wp-json\/wp\/v2\/product_tag?post=9491"}],"curies":[{"name":"wp","href":"https:\/\/api.w.org\/{rel}","templated":true}]}}